{"id":3401,"date":"2025-01-08T10:06:32","date_gmt":"2025-01-08T08:06:32","guid":{"rendered":"https:\/\/enervit.ee\/?post_type=product&#038;p=3401"},"modified":"2026-01-15T09:59:22","modified_gmt":"2026-01-15T07:59:22","slug":"enervit-thermo-bag-1l-red-white","status":"publish","type":"product","link":"https:\/\/enervit.ee\/en\/product\/enervit-thermo-bag-1l-red-white\/","title":{"rendered":"Enervit Thermo Bag 1L red\/white"},"content":{"rendered":"","protected":false},"excerpt":{"rendered":"<p><strong>Ready Thermobag<\/strong>\u00a0( with insulation) ideal for cross-country skiing, biathlon, hiking, walking, jogging, cycling, hitchhiking, fishing, hunting &#8230;.<\/p>\n<p>The anatomically formed READY THERMO BAG is carried around the waist, the arms remain free and the shoulders remain unburdened. There is no dangling, and there is nothing to get snagged.<\/p>\n<p>The screw cap simultaneously serves as a practical\u00a0<strong>telescopic cup<\/strong>\u00a0for comfortable drinking.<\/p>\n","protected":false},"featured_media":3402,"template":"","meta":{"_acf_changed":false},"product_brand":[],"product_cat":[16],"product_tag":[],"class_list":{"0":"post-3401","1":"product","2":"type-product","3":"status-publish","4":"has-post-thumbnail","6":"product_cat-uncategorized","8":"first","9":"instock","10":"shipping-taxable","11":"purchasable","12":"product-type-simple"},"acf":[],"yoast_head":"<!-- This site is optimized with the Yoast SEO plugin v27.1.1 - https:\/\/yoast.com\/product\/yoast-seo-wordpress\/ -->\n<title>Enervit Thermo Bag 1L red\/white - Enervit<\/title>\n<meta name=\"robots\" content=\"index, follow, max-snippet:-1, max-image-preview:large, max-video-preview:-1\" \/>\n<link rel=\"canonical\" href=\"https:\/\/enervit.ee\/en\/product\/enervit-thermo-bag-1l-red-white\/\" \/>\n<meta property=\"og:locale\" content=\"en_US\" \/>\n<meta property=\"og:type\" content=\"article\" \/>\n<meta property=\"og:title\" content=\"Enervit Thermo Bag 1L red\/white - Enervit\" \/>\n<meta property=\"og:description\" content=\"Ready Thermobag\u00a0( with insulation) ideal for cross-country skiing, biathlon, hiking, walking, jogging, cycling, hitchhiking, fishing, hunting ....  The anatomically formed READY THERMO BAG is carried around the waist, the arms remain free and the shoulders remain unburdened. There is no dangling, and there is nothing to get snagged.  The screw cap simultaneously serves as a practical\u00a0telescopic cup\u00a0for comfortable drinking.\" \/>\n<meta property=\"og:url\" content=\"https:\/\/enervit.ee\/en\/product\/enervit-thermo-bag-1l-red-white\/\" \/>\n<meta property=\"og:site_name\" content=\"Enervit\" \/>\n<meta property=\"article:modified_time\" content=\"2026-01-15T07:59:22+00:00\" \/>\n<meta property=\"og:image\" content=\"https:\/\/enervit.ee\/wp-content\/uploads\/2025\/01\/termokott.png\" \/>\n\t<meta property=\"og:image:width\" content=\"1080\" \/>\n\t<meta property=\"og:image:height\" content=\"1080\" \/>\n\t<meta property=\"og:image:type\" content=\"image\/png\" \/>\n<meta name=\"twitter:card\" content=\"summary_large_image\" \/>\n<meta name=\"twitter:label1\" content=\"Est. reading time\" \/>\n\t<meta name=\"twitter:data1\" content=\"1 minute\" \/>\n<script type=\"application\/ld+json\" class=\"yoast-schema-graph\">{\"@context\":\"https:\/\/schema.org\",\"@graph\":[{\"@type\":\"WebPage\",\"@id\":\"https:\/\/enervit.ee\/en\/product\/enervit-thermo-bag-1l-red-white\/\",\"url\":\"https:\/\/enervit.ee\/en\/product\/enervit-thermo-bag-1l-red-white\/\",\"name\":\"Enervit Thermo Bag 1L red\/white - Enervit\",\"isPartOf\":{\"@id\":\"https:\/\/enervit.ee\/en\/#website\"},\"primaryImageOfPage\":{\"@id\":\"https:\/\/enervit.ee\/en\/product\/enervit-thermo-bag-1l-red-white\/#primaryimage\"},\"image\":{\"@id\":\"https:\/\/enervit.ee\/en\/product\/enervit-thermo-bag-1l-red-white\/#primaryimage\"},\"thumbnailUrl\":\"https:\/\/enervit.ee\/wp-content\/uploads\/2025\/01\/termokott.png\",\"datePublished\":\"2025-01-08T08:06:32+00:00\",\"dateModified\":\"2026-01-15T07:59:22+00:00\",\"breadcrumb\":{\"@id\":\"https:\/\/enervit.ee\/en\/product\/enervit-thermo-bag-1l-red-white\/#breadcrumb\"},\"inLanguage\":\"en-US\",\"potentialAction\":[{\"@type\":\"ReadAction\",\"target\":[\"https:\/\/enervit.ee\/en\/product\/enervit-thermo-bag-1l-red-white\/\"]}]},{\"@type\":\"ImageObject\",\"inLanguage\":\"en-US\",\"@id\":\"https:\/\/enervit.ee\/en\/product\/enervit-thermo-bag-1l-red-white\/#primaryimage\",\"url\":\"https:\/\/enervit.ee\/wp-content\/uploads\/2025\/01\/termokott.png\",\"contentUrl\":\"https:\/\/enervit.ee\/wp-content\/uploads\/2025\/01\/termokott.png\",\"width\":1080,\"height\":1080,\"caption\":\"1L termov\u00f6\u00f6kott hoiab sinu v\u00e4rskendava isotoonilise spordijoogi suvel k\u00fclma ja talvel soojana.\"},{\"@type\":\"BreadcrumbList\",\"@id\":\"https:\/\/enervit.ee\/en\/product\/enervit-thermo-bag-1l-red-white\/#breadcrumb\",\"itemListElement\":[{\"@type\":\"ListItem\",\"position\":1,\"name\":\"Home\",\"item\":\"https:\/\/enervit.ee\/en\/\"},{\"@type\":\"ListItem\",\"position\":2,\"name\":\"E-shop\",\"item\":\"https:\/\/enervit.ee\/e-shop\/\"},{\"@type\":\"ListItem\",\"position\":3,\"name\":\"Enervit Thermo Bag 1L red\/white\"}]},{\"@type\":\"WebSite\",\"@id\":\"https:\/\/enervit.ee\/en\/#website\",\"url\":\"https:\/\/enervit.ee\/en\/\",\"name\":\"Enervit\",\"description\":\"\",\"publisher\":{\"@id\":\"https:\/\/enervit.ee\/en\/#organization\"},\"potentialAction\":[{\"@type\":\"SearchAction\",\"target\":{\"@type\":\"EntryPoint\",\"urlTemplate\":\"https:\/\/enervit.ee\/en\/?s={search_term_string}\"},\"query-input\":{\"@type\":\"PropertyValueSpecification\",\"valueRequired\":true,\"valueName\":\"search_term_string\"}}],\"inLanguage\":\"en-US\"},{\"@type\":\"Organization\",\"@id\":\"https:\/\/enervit.ee\/en\/#organization\",\"name\":\"Enervit\",\"url\":\"https:\/\/enervit.ee\/en\/\",\"logo\":{\"@type\":\"ImageObject\",\"inLanguage\":\"en-US\",\"@id\":\"https:\/\/enervit.ee\/en\/#\/schema\/logo\/image\/\",\"url\":\"https:\/\/enervit.ee\/wp-content\/uploads\/2024\/09\/Enervit_logo.png\",\"contentUrl\":\"https:\/\/enervit.ee\/wp-content\/uploads\/2024\/09\/Enervit_logo.png\",\"width\":582,\"height\":582,\"caption\":\"Enervit\"},\"image\":{\"@id\":\"https:\/\/enervit.ee\/en\/#\/schema\/logo\/image\/\"}}]}<\/script>\n<!-- \/ Yoast SEO plugin. -->","yoast_head_json":{"title":"Enervit Thermo Bag 1L red\/white - Enervit","robots":{"index":"index","follow":"follow","max-snippet":"max-snippet:-1","max-image-preview":"max-image-preview:large","max-video-preview":"max-video-preview:-1"},"canonical":"https:\/\/enervit.ee\/en\/product\/enervit-thermo-bag-1l-red-white\/","og_locale":"en_US","og_type":"article","og_title":"Enervit Thermo Bag 1L red\/white - Enervit","og_description":"Ready Thermobag\u00a0( with insulation) ideal for cross-country skiing, biathlon, hiking, walking, jogging, cycling, hitchhiking, fishing, hunting ....  The anatomically formed READY THERMO BAG is carried around the waist, the arms remain free and the shoulders remain unburdened. There is no dangling, and there is nothing to get snagged.  The screw cap simultaneously serves as a practical\u00a0telescopic cup\u00a0for comfortable drinking.","og_url":"https:\/\/enervit.ee\/en\/product\/enervit-thermo-bag-1l-red-white\/","og_site_name":"Enervit","article_modified_time":"2026-01-15T07:59:22+00:00","og_image":[{"width":1080,"height":1080,"url":"https:\/\/enervit.ee\/wp-content\/uploads\/2025\/01\/termokott.png","type":"image\/png"}],"twitter_card":"summary_large_image","twitter_misc":{"Est. reading time":"1 minute"},"schema":{"@context":"https:\/\/schema.org","@graph":[{"@type":"WebPage","@id":"https:\/\/enervit.ee\/en\/product\/enervit-thermo-bag-1l-red-white\/","url":"https:\/\/enervit.ee\/en\/product\/enervit-thermo-bag-1l-red-white\/","name":"Enervit Thermo Bag 1L red\/white - Enervit","isPartOf":{"@id":"https:\/\/enervit.ee\/en\/#website"},"primaryImageOfPage":{"@id":"https:\/\/enervit.ee\/en\/product\/enervit-thermo-bag-1l-red-white\/#primaryimage"},"image":{"@id":"https:\/\/enervit.ee\/en\/product\/enervit-thermo-bag-1l-red-white\/#primaryimage"},"thumbnailUrl":"https:\/\/enervit.ee\/wp-content\/uploads\/2025\/01\/termokott.png","datePublished":"2025-01-08T08:06:32+00:00","dateModified":"2026-01-15T07:59:22+00:00","breadcrumb":{"@id":"https:\/\/enervit.ee\/en\/product\/enervit-thermo-bag-1l-red-white\/#breadcrumb"},"inLanguage":"en-US","potentialAction":[{"@type":"ReadAction","target":["https:\/\/enervit.ee\/en\/product\/enervit-thermo-bag-1l-red-white\/"]}]},{"@type":"ImageObject","inLanguage":"en-US","@id":"https:\/\/enervit.ee\/en\/product\/enervit-thermo-bag-1l-red-white\/#primaryimage","url":"https:\/\/enervit.ee\/wp-content\/uploads\/2025\/01\/termokott.png","contentUrl":"https:\/\/enervit.ee\/wp-content\/uploads\/2025\/01\/termokott.png","width":1080,"height":1080,"caption":"1L termov\u00f6\u00f6kott hoiab sinu v\u00e4rskendava isotoonilise spordijoogi suvel k\u00fclma ja talvel soojana."},{"@type":"BreadcrumbList","@id":"https:\/\/enervit.ee\/en\/product\/enervit-thermo-bag-1l-red-white\/#breadcrumb","itemListElement":[{"@type":"ListItem","position":1,"name":"Home","item":"https:\/\/enervit.ee\/en\/"},{"@type":"ListItem","position":2,"name":"E-shop","item":"https:\/\/enervit.ee\/e-shop\/"},{"@type":"ListItem","position":3,"name":"Enervit Thermo Bag 1L red\/white"}]},{"@type":"WebSite","@id":"https:\/\/enervit.ee\/en\/#website","url":"https:\/\/enervit.ee\/en\/","name":"Enervit","description":"","publisher":{"@id":"https:\/\/enervit.ee\/en\/#organization"},"potentialAction":[{"@type":"SearchAction","target":{"@type":"EntryPoint","urlTemplate":"https:\/\/enervit.ee\/en\/?s={search_term_string}"},"query-input":{"@type":"PropertyValueSpecification","valueRequired":true,"valueName":"search_term_string"}}],"inLanguage":"en-US"},{"@type":"Organization","@id":"https:\/\/enervit.ee\/en\/#organization","name":"Enervit","url":"https:\/\/enervit.ee\/en\/","logo":{"@type":"ImageObject","inLanguage":"en-US","@id":"https:\/\/enervit.ee\/en\/#\/schema\/logo\/image\/","url":"https:\/\/enervit.ee\/wp-content\/uploads\/2024\/09\/Enervit_logo.png","contentUrl":"https:\/\/enervit.ee\/wp-content\/uploads\/2024\/09\/Enervit_logo.png","width":582,"height":582,"caption":"Enervit"},"image":{"@id":"https:\/\/enervit.ee\/en\/#\/schema\/logo\/image\/"}}]}},"_links":{"self":[{"href":"https:\/\/enervit.ee\/en\/wp-json\/wp\/v2\/product\/3401","targetHints":{"allow":["GET"]}}],"collection":[{"href":"https:\/\/enervit.ee\/en\/wp-json\/wp\/v2\/product"}],"about":[{"href":"https:\/\/enervit.ee\/en\/wp-json\/wp\/v2\/types\/product"}],"wp:featuredmedia":[{"embeddable":true,"href":"https:\/\/enervit.ee\/en\/wp-json\/wp\/v2\/media\/3402"}],"wp:attachment":[{"href":"https:\/\/enervit.ee\/en\/wp-json\/wp\/v2\/media?parent=3401"}],"wp:term":[{"taxonomy":"product_brand","embeddable":true,"href":"https:\/\/enervit.ee\/en\/wp-json\/wp\/v2\/product_brand?post=3401"},{"taxonomy":"product_cat","embeddable":true,"href":"https:\/\/enervit.ee\/en\/wp-json\/wp\/v2\/product_cat?post=3401"},{"taxonomy":"product_tag","embeddable":true,"href":"https:\/\/enervit.ee\/en\/wp-json\/wp\/v2\/product_tag?post=3401"}],"curies":[{"name":"wp","href":"https:\/\/api.w.org\/{rel}","templated":true}]}}