{"id":1469,"date":"2024-09-25T12:26:15","date_gmt":"2024-09-25T09:26:15","guid":{"rendered":"https:\/\/enervit.ee\/blogi\/"},"modified":"2025-04-29T13:00:32","modified_gmt":"2025-04-29T10:00:32","slug":"blogi","status":"publish","type":"page","link":"https:\/\/enervit.ee\/fi\/blogi\/","title":{"rendered":"Blogi"},"content":{"rendered":"\t\t<div data-elementor-type=\"wp-page\" data-elementor-id=\"1469\" class=\"elementor elementor-1469 elementor-526\" data-elementor-post-type=\"page\">\n\t\t\t\t<div class=\"elementor-element elementor-element-6ebcb8e e-flex e-con-boxed e-con e-parent\" data-id=\"6ebcb8e\" data-element_type=\"container\" data-e-type=\"container\" data-settings=\"{&quot;background_background&quot;:&quot;classic&quot;}\">\n\t\t\t\t\t<div class=\"e-con-inner\">\n\t\t<div class=\"elementor-element elementor-element-882c28a e-con-full e-flex e-con e-child\" data-id=\"882c28a\" data-element_type=\"container\" data-e-type=\"container\">\n\t\t<div class=\"elementor-element elementor-element-99d3813 e-con-full e-flex e-con e-child\" data-id=\"99d3813\" data-element_type=\"container\" data-e-type=\"container\">\n\t\t\t\t<div class=\"elementor-element elementor-element-3575b17 elementor-widget elementor-widget-heading\" data-id=\"3575b17\" data-element_type=\"widget\" data-e-type=\"widget\" data-widget_type=\"heading.default\">\n\t\t\t\t<div class=\"elementor-widget-container\">\n\t\t\t\t\t<h1 class=\"elementor-heading-title elementor-size-default\">Enervit-blogi<\/h1>\t\t\t\t<\/div>\n\t\t\t\t<\/div>\n\t\t\t\t<\/div>\n\t\t\t\t<\/div>\n\t\t\t\t\t<\/div>\n\t\t\t\t<\/div>\n\t\t<div class=\"elementor-element elementor-element-474063d e-flex e-con-boxed e-con e-parent\" data-id=\"474063d\" data-element_type=\"container\" data-e-type=\"container\">\n\t\t\t\t\t<div class=\"e-con-inner\">\n\t\t<div class=\"elementor-element elementor-element-19d4308 e-con-full e-flex e-con e-child\" data-id=\"19d4308\" data-element_type=\"container\" data-e-type=\"container\">\n\t\t<div class=\"elementor-element elementor-element-faeb4d6 e-con-full e-flex e-con e-child\" data-id=\"faeb4d6\" data-element_type=\"container\" data-e-type=\"container\">\n\t\t\t\t<div class=\"elementor-element elementor-element-83089b7 elementor-widget__width-inherit elementor-grid-4 elementor-grid-tablet-2 elementor-grid-mobile-1 elementor-widget elementor-widget-loop-grid\" data-id=\"83089b7\" data-element_type=\"widget\" data-e-type=\"widget\" data-settings=\"{&quot;template_id&quot;:1501,&quot;columns&quot;:4,&quot;_skin&quot;:&quot;post&quot;,&quot;columns_tablet&quot;:&quot;2&quot;,&quot;columns_mobile&quot;:&quot;1&quot;,&quot;edit_handle_selector&quot;:&quot;[data-elementor-type=\\&quot;loop-item\\&quot;]&quot;,&quot;row_gap&quot;:{&quot;unit&quot;:&quot;px&quot;,&quot;size&quot;:&quot;&quot;,&quot;sizes&quot;:[]},&quot;row_gap_tablet&quot;:{&quot;unit&quot;:&quot;px&quot;,&quot;size&quot;:&quot;&quot;,&quot;sizes&quot;:[]},&quot;row_gap_mobile&quot;:{&quot;unit&quot;:&quot;px&quot;,&quot;size&quot;:&quot;&quot;,&quot;sizes&quot;:[]}}\" data-widget_type=\"loop-grid.post\">\n\t\t\t\t<div class=\"elementor-widget-container\">\n\t\t\t\t\t\t\t<div class=\"elementor-loop-container elementor-grid\" role=\"list\">\n\t\t<style id=\"loop-1501\">.elementor-1501 .elementor-element.elementor-element-94c85a6{--display:flex;--flex-direction:column;--container-widget-width:100%;--container-widget-height:initial;--container-widget-flex-grow:0;--container-widget-align-self:initial;--flex-wrap-mobile:wrap;--gap:0px 0px;--row-gap:0px;--column-gap:0px;--border-radius:5px 5px 5px 5px;--padding-top:0px;--padding-bottom:0px;--padding-left:0px;--padding-right:0px;}.elementor-widget-image .widget-image-caption{color:var( --e-global-color-text );font-family:var( --e-global-typography-text-font-family ), Sans-serif;font-weight:var( --e-global-typography-text-font-weight );}.elementor-1501 .elementor-element.elementor-element-eb32f95 img{width:100%;height:150px;object-fit:cover;object-position:center center;border-radius:6px 6px 0px 0px;}.elementor-1501 .elementor-element.elementor-element-d58662c{--display:flex;--min-height:200px;--justify-content:space-between;--border-radius:0px 0px 6px 6px;--padding-top:20px;--padding-bottom:20px;--padding-left:20px;--padding-right:20px;}.elementor-1501 .elementor-element.elementor-element-d58662c:not(.elementor-motion-effects-element-type-background), .elementor-1501 .elementor-element.elementor-element-d58662c > .elementor-motion-effects-container > .elementor-motion-effects-layer{background-color:#F4F4F4;}.elementor-widget-heading .elementor-heading-title{font-family:var( --e-global-typography-primary-font-family ), Sans-serif;font-weight:var( --e-global-typography-primary-font-weight );color:var( --e-global-color-primary );}.elementor-1501 .elementor-element.elementor-element-b4aaf24 .elementor-heading-title{font-size:20px;font-weight:700;line-height:26px;color:var( --e-global-color-secondary );}.elementor-1501 .elementor-element.elementor-element-f8ae1cf .elementor-heading-title{font-size:16px;font-weight:400;color:var( --e-global-color-text );}.elementor-1501 .elementor-element.elementor-element-f8ae1cf > .elementor-widget-container{padding:6px 6px 6px 6px;background-color:#FFFFFF00;border-style:solid;border-width:1px 1px 1px 1px;border-color:var( --e-global-color-secondary );border-radius:5px 5px 5px 5px;}.elementor-1501 .elementor-element.elementor-element-f8ae1cf.elementor-element{--align-self:flex-start;}<\/style>\t\t<div data-elementor-type=\"loop-item\" data-elementor-id=\"1501\" class=\"elementor elementor-1501 elementor-538 e-loop-item e-loop-item-1580 post-1580 post type-post status-publish format-standard has-post-thumbnail hentry category-uncategorized-fi\" data-elementor-post-type=\"elementor_library\" data-custom-edit-handle=\"1\">\n\t\t\t<a class=\"elementor-element elementor-element-94c85a6 e-con-full blog-card e-flex e-con e-parent\" data-id=\"94c85a6\" data-element_type=\"container\" data-e-type=\"container\" href=\"https:\/\/enervit.ee\/fi\/kunnossa-pysyminen-lomalla\/\">\n\t\t\t\t<div class=\"elementor-element elementor-element-eb32f95 elementor-widget elementor-widget-image\" data-id=\"eb32f95\" data-element_type=\"widget\" data-e-type=\"widget\" data-widget_type=\"image.default\">\n\t\t\t\t<div class=\"elementor-widget-container\">\n\t\t\t\t\t\t\t\t\t\t\t\t\t\t\t<img fetchpriority=\"high\" decoding=\"async\" width=\"1400\" height=\"800\" src=\"https:\/\/enervit.ee\/wp-content\/uploads\/2024\/09\/Allenarsi_in_vacanza_2_1400x800.jpg\" class=\"attachment-full size-full wp-image-1358\" alt=\"Liikumine ja vormis p\u00fcsimine vabastab endorfiine , mis parandavad meeleolu ja v\u00e4hendavad stressi\" srcset=\"https:\/\/enervit.ee\/wp-content\/uploads\/2024\/09\/Allenarsi_in_vacanza_2_1400x800.jpg 1400w, https:\/\/enervit.ee\/wp-content\/uploads\/2024\/09\/Allenarsi_in_vacanza_2_1400x800-300x171.jpg 300w, https:\/\/enervit.ee\/wp-content\/uploads\/2024\/09\/Allenarsi_in_vacanza_2_1400x800-1024x585.jpg 1024w, https:\/\/enervit.ee\/wp-content\/uploads\/2024\/09\/Allenarsi_in_vacanza_2_1400x800-768x439.jpg 768w, https:\/\/enervit.ee\/wp-content\/uploads\/2024\/09\/Allenarsi_in_vacanza_2_1400x800-600x343.jpg 600w\" sizes=\"(max-width: 1400px) 100vw, 1400px\" \/>\t\t\t\t\t\t\t\t\t\t\t\t\t\t\t<\/div>\n\t\t\t\t<\/div>\n\t\t<div class=\"elementor-element elementor-element-d58662c e-flex e-con-boxed e-con e-child\" data-id=\"d58662c\" data-element_type=\"container\" data-e-type=\"container\" data-settings=\"{&quot;background_background&quot;:&quot;classic&quot;}\">\n\t\t\t\t\t<div class=\"e-con-inner\">\n\t\t\t\t<div class=\"elementor-element elementor-element-b4aaf24 elementor-widget elementor-widget-heading\" data-id=\"b4aaf24\" data-element_type=\"widget\" data-e-type=\"widget\" data-widget_type=\"heading.default\">\n\t\t\t\t<div class=\"elementor-widget-container\">\n\t\t\t\t\t<h3 class=\"elementor-heading-title elementor-size-default\">Kunnossa pysyminen lomalla<\/h3>\t\t\t\t<\/div>\n\t\t\t\t<\/div>\n\t\t\t\t<div class=\"elementor-element elementor-element-f8ae1cf blog-button elementor-widget elementor-widget-heading\" data-id=\"f8ae1cf\" data-element_type=\"widget\" data-e-type=\"widget\" data-widget_type=\"heading.default\">\n\t\t\t\t<div class=\"elementor-widget-container\">\n\t\t\t\t\t<p class=\"elementor-heading-title elementor-size-default\">Lue lis\u00e4\u00e4<\/p>\t\t\t\t<\/div>\n\t\t\t\t<\/div>\n\t\t\t\t\t<\/div>\n\t\t\t\t<\/div>\n\t\t\t\t<\/a>\n\t\t\t\t<\/div>\n\t\t\t\t<div data-elementor-type=\"loop-item\" data-elementor-id=\"1501\" class=\"elementor elementor-1501 elementor-538 e-loop-item e-loop-item-1602 post-1602 post type-post status-publish format-standard has-post-thumbnail hentry category-uncategorized-fi\" data-elementor-post-type=\"elementor_library\" data-custom-edit-handle=\"1\">\n\t\t\t<a class=\"elementor-element elementor-element-94c85a6 e-con-full blog-card e-flex e-con e-parent\" data-id=\"94c85a6\" data-element_type=\"container\" data-e-type=\"container\" href=\"https:\/\/enervit.ee\/fi\/kaksoishyokkays-grand-toursin-kimppuun\/\">\n\t\t\t\t<div class=\"elementor-element elementor-element-eb32f95 elementor-widget elementor-widget-image\" data-id=\"eb32f95\" data-element_type=\"widget\" data-e-type=\"widget\" data-widget_type=\"image.default\">\n\t\t\t\t<div class=\"elementor-widget-container\">\n\t\t\t\t\t\t\t\t\t\t\t\t\t\t\t<img decoding=\"async\" width=\"1400\" height=\"900\" src=\"https:\/\/enervit.ee\/wp-content\/uploads\/2024\/09\/image-2.webp\" class=\"attachment-full size-full wp-image-1346\" alt=\"\" srcset=\"https:\/\/enervit.ee\/wp-content\/uploads\/2024\/09\/image-2.webp 1400w, https:\/\/enervit.ee\/wp-content\/uploads\/2024\/09\/image-2-300x193.webp 300w, https:\/\/enervit.ee\/wp-content\/uploads\/2024\/09\/image-2-1024x658.webp 1024w, https:\/\/enervit.ee\/wp-content\/uploads\/2024\/09\/image-2-768x494.webp 768w, https:\/\/enervit.ee\/wp-content\/uploads\/2024\/09\/image-2-600x386.webp 600w\" sizes=\"(max-width: 1400px) 100vw, 1400px\" \/>\t\t\t\t\t\t\t\t\t\t\t\t\t\t\t<\/div>\n\t\t\t\t<\/div>\n\t\t<div class=\"elementor-element elementor-element-d58662c e-flex e-con-boxed e-con e-child\" data-id=\"d58662c\" data-element_type=\"container\" data-e-type=\"container\" data-settings=\"{&quot;background_background&quot;:&quot;classic&quot;}\">\n\t\t\t\t\t<div class=\"e-con-inner\">\n\t\t\t\t<div class=\"elementor-element elementor-element-b4aaf24 elementor-widget elementor-widget-heading\" data-id=\"b4aaf24\" data-element_type=\"widget\" data-e-type=\"widget\" data-widget_type=\"heading.default\">\n\t\t\t\t<div class=\"elementor-widget-container\">\n\t\t\t\t\t<h3 class=\"elementor-heading-title elementor-size-default\">Kaksoishy\u00f6kk\u00e4ys Grand Toursin kimppuun<\/h3>\t\t\t\t<\/div>\n\t\t\t\t<\/div>\n\t\t\t\t<div class=\"elementor-element elementor-element-f8ae1cf blog-button elementor-widget elementor-widget-heading\" data-id=\"f8ae1cf\" data-element_type=\"widget\" data-e-type=\"widget\" data-widget_type=\"heading.default\">\n\t\t\t\t<div class=\"elementor-widget-container\">\n\t\t\t\t\t<p class=\"elementor-heading-title elementor-size-default\">Lue lis\u00e4\u00e4<\/p>\t\t\t\t<\/div>\n\t\t\t\t<\/div>\n\t\t\t\t\t<\/div>\n\t\t\t\t<\/div>\n\t\t\t\t<\/a>\n\t\t\t\t<\/div>\n\t\t\t\t<div data-elementor-type=\"loop-item\" data-elementor-id=\"1501\" class=\"elementor elementor-1501 elementor-538 e-loop-item e-loop-item-1653 post-1653 post type-post status-publish format-standard has-post-thumbnail hentry category-uncategorized-fi\" data-elementor-post-type=\"elementor_library\" data-custom-edit-handle=\"1\">\n\t\t\t<a class=\"elementor-element elementor-element-94c85a6 e-con-full blog-card e-flex e-con e-parent\" data-id=\"94c85a6\" data-element_type=\"container\" data-e-type=\"container\" href=\"https:\/\/enervit.ee\/fi\/natriumin-merkitys-urheilijoille\/\">\n\t\t\t\t<div class=\"elementor-element elementor-element-eb32f95 elementor-widget elementor-widget-image\" data-id=\"eb32f95\" data-element_type=\"widget\" data-e-type=\"widget\" data-widget_type=\"image.default\">\n\t\t\t\t<div class=\"elementor-widget-container\">\n\t\t\t\t\t\t\t\t\t\t\t\t\t\t\t<img decoding=\"async\" width=\"1400\" height=\"900\" src=\"https:\/\/enervit.ee\/wp-content\/uploads\/2024\/09\/Reintegrare_sodio_1400x900.webp\" class=\"attachment-full size-full wp-image-1334\" alt=\"Higistades kaotame esimese soolana naatriumi\" srcset=\"https:\/\/enervit.ee\/wp-content\/uploads\/2024\/09\/Reintegrare_sodio_1400x900.webp 1400w, https:\/\/enervit.ee\/wp-content\/uploads\/2024\/09\/Reintegrare_sodio_1400x900-300x193.webp 300w, https:\/\/enervit.ee\/wp-content\/uploads\/2024\/09\/Reintegrare_sodio_1400x900-1024x658.webp 1024w, https:\/\/enervit.ee\/wp-content\/uploads\/2024\/09\/Reintegrare_sodio_1400x900-768x494.webp 768w, https:\/\/enervit.ee\/wp-content\/uploads\/2024\/09\/Reintegrare_sodio_1400x900-600x386.webp 600w\" sizes=\"(max-width: 1400px) 100vw, 1400px\" \/>\t\t\t\t\t\t\t\t\t\t\t\t\t\t\t<\/div>\n\t\t\t\t<\/div>\n\t\t<div class=\"elementor-element elementor-element-d58662c e-flex e-con-boxed e-con e-child\" data-id=\"d58662c\" data-element_type=\"container\" data-e-type=\"container\" data-settings=\"{&quot;background_background&quot;:&quot;classic&quot;}\">\n\t\t\t\t\t<div class=\"e-con-inner\">\n\t\t\t\t<div class=\"elementor-element elementor-element-b4aaf24 elementor-widget elementor-widget-heading\" data-id=\"b4aaf24\" data-element_type=\"widget\" data-e-type=\"widget\" data-widget_type=\"heading.default\">\n\t\t\t\t<div class=\"elementor-widget-container\">\n\t\t\t\t\t<h3 class=\"elementor-heading-title elementor-size-default\">Natriumin merkitys urheilijoille<\/h3>\t\t\t\t<\/div>\n\t\t\t\t<\/div>\n\t\t\t\t<div class=\"elementor-element elementor-element-f8ae1cf blog-button elementor-widget elementor-widget-heading\" data-id=\"f8ae1cf\" data-element_type=\"widget\" data-e-type=\"widget\" data-widget_type=\"heading.default\">\n\t\t\t\t<div class=\"elementor-widget-container\">\n\t\t\t\t\t<p class=\"elementor-heading-title elementor-size-default\">Lue lis\u00e4\u00e4<\/p>\t\t\t\t<\/div>\n\t\t\t\t<\/div>\n\t\t\t\t\t<\/div>\n\t\t\t\t<\/div>\n\t\t\t\t<\/a>\n\t\t\t\t<\/div>\n\t\t\t\t<\/div>\n\t\t\n\t\t\t\t\t\t<\/div>\n\t\t\t\t<\/div>\n\t\t\t\t<\/div>\n\t\t\t\t<\/div>\n\t\t\t\t\t<\/div>\n\t\t\t\t<\/div>\n\t\t\t\t<\/div>\n\t\t","protected":false},"excerpt":{"rendered":"<p>Enervit-blogi<\/p>\n","protected":false},"author":1,"featured_media":0,"parent":0,"menu_order":0,"comment_status":"closed","ping_status":"closed","template":"","meta":{"_acf_changed":false,"footnotes":""},"class_list":["post-1469","page","type-page","status-publish","hentry"],"acf":[],"yoast_head":"<!-- This site is optimized with the Yoast SEO plugin v27.1.1 - https:\/\/yoast.com\/product\/yoast-seo-wordpress\/ -->\n<title>Blogi - Enervit<\/title>\n<meta name=\"description\" content=\"Tutustu Enervit blogiin ja l\u00f6yd\u00e4 arvokasta tietoa urheiluravitsemuksesta, harjoitteluvinkeist\u00e4 ja palautumisstrategioista \u2013 kaikki urheilusuorituksesi tueksi.\" \/>\n<meta name=\"robots\" content=\"index, follow, max-snippet:-1, max-image-preview:large, max-video-preview:-1\" \/>\n<link rel=\"canonical\" href=\"https:\/\/enervit.ee\/fi\/blogi\/\" \/>\n<meta property=\"og:locale\" content=\"fi_FI\" \/>\n<meta property=\"og:type\" content=\"article\" \/>\n<meta property=\"og:title\" content=\"Blogi - Enervit\" \/>\n<meta property=\"og:description\" content=\"Tutustu Enervit blogiin ja l\u00f6yd\u00e4 arvokasta tietoa urheiluravitsemuksesta, harjoitteluvinkeist\u00e4 ja palautumisstrategioista \u2013 kaikki urheilusuorituksesi tueksi.\" \/>\n<meta property=\"og:url\" content=\"https:\/\/enervit.ee\/fi\/blogi\/\" \/>\n<meta property=\"og:site_name\" content=\"Enervit\" \/>\n<meta property=\"article:modified_time\" content=\"2025-04-29T10:00:32+00:00\" \/>\n<meta name=\"twitter:card\" content=\"summary_large_image\" \/>\n<script type=\"application\/ld+json\" class=\"yoast-schema-graph\">{\"@context\":\"https:\/\/schema.org\",\"@graph\":[{\"@type\":\"WebPage\",\"@id\":\"https:\/\/enervit.ee\/fi\/blogi\/\",\"url\":\"https:\/\/enervit.ee\/fi\/blogi\/\",\"name\":\"Blogi - Enervit\",\"isPartOf\":{\"@id\":\"https:\/\/enervit.ee\/fi\/#website\"},\"datePublished\":\"2024-09-25T09:26:15+00:00\",\"dateModified\":\"2025-04-29T10:00:32+00:00\",\"description\":\"Tutustu Enervit blogiin ja l\u00f6yd\u00e4 arvokasta tietoa urheiluravitsemuksesta, harjoitteluvinkeist\u00e4 ja palautumisstrategioista \u2013 kaikki urheilusuorituksesi tueksi.\",\"breadcrumb\":{\"@id\":\"https:\/\/enervit.ee\/fi\/blogi\/#breadcrumb\"},\"inLanguage\":\"fi\",\"potentialAction\":[{\"@type\":\"ReadAction\",\"target\":[\"https:\/\/enervit.ee\/fi\/blogi\/\"]}]},{\"@type\":\"BreadcrumbList\",\"@id\":\"https:\/\/enervit.ee\/fi\/blogi\/#breadcrumb\",\"itemListElement\":[{\"@type\":\"ListItem\",\"position\":1,\"name\":\"Home\",\"item\":\"https:\/\/enervit.ee\/fi\/kotisivu\/\"},{\"@type\":\"ListItem\",\"position\":2,\"name\":\"Blogi\"}]},{\"@type\":\"WebSite\",\"@id\":\"https:\/\/enervit.ee\/fi\/#website\",\"url\":\"https:\/\/enervit.ee\/fi\/\",\"name\":\"Enervit\",\"description\":\"\",\"publisher\":{\"@id\":\"https:\/\/enervit.ee\/fi\/#organization\"},\"potentialAction\":[{\"@type\":\"SearchAction\",\"target\":{\"@type\":\"EntryPoint\",\"urlTemplate\":\"https:\/\/enervit.ee\/fi\/?s={search_term_string}\"},\"query-input\":{\"@type\":\"PropertyValueSpecification\",\"valueRequired\":true,\"valueName\":\"search_term_string\"}}],\"inLanguage\":\"fi\"},{\"@type\":\"Organization\",\"@id\":\"https:\/\/enervit.ee\/fi\/#organization\",\"name\":\"Enervit\",\"url\":\"https:\/\/enervit.ee\/fi\/\",\"logo\":{\"@type\":\"ImageObject\",\"inLanguage\":\"fi\",\"@id\":\"https:\/\/enervit.ee\/fi\/#\/schema\/logo\/image\/\",\"url\":\"https:\/\/enervit.ee\/wp-content\/uploads\/2024\/09\/Enervit_logo.png\",\"contentUrl\":\"https:\/\/enervit.ee\/wp-content\/uploads\/2024\/09\/Enervit_logo.png\",\"width\":582,\"height\":582,\"caption\":\"Enervit\"},\"image\":{\"@id\":\"https:\/\/enervit.ee\/fi\/#\/schema\/logo\/image\/\"}}]}<\/script>\n<!-- \/ Yoast SEO plugin. -->","yoast_head_json":{"title":"Blogi - Enervit","description":"Tutustu Enervit blogiin ja l\u00f6yd\u00e4 arvokasta tietoa urheiluravitsemuksesta, harjoitteluvinkeist\u00e4 ja palautumisstrategioista \u2013 kaikki urheilusuorituksesi tueksi.","robots":{"index":"index","follow":"follow","max-snippet":"max-snippet:-1","max-image-preview":"max-image-preview:large","max-video-preview":"max-video-preview:-1"},"canonical":"https:\/\/enervit.ee\/fi\/blogi\/","og_locale":"fi_FI","og_type":"article","og_title":"Blogi - Enervit","og_description":"Tutustu Enervit blogiin ja l\u00f6yd\u00e4 arvokasta tietoa urheiluravitsemuksesta, harjoitteluvinkeist\u00e4 ja palautumisstrategioista \u2013 kaikki urheilusuorituksesi tueksi.","og_url":"https:\/\/enervit.ee\/fi\/blogi\/","og_site_name":"Enervit","article_modified_time":"2025-04-29T10:00:32+00:00","twitter_card":"summary_large_image","schema":{"@context":"https:\/\/schema.org","@graph":[{"@type":"WebPage","@id":"https:\/\/enervit.ee\/fi\/blogi\/","url":"https:\/\/enervit.ee\/fi\/blogi\/","name":"Blogi - Enervit","isPartOf":{"@id":"https:\/\/enervit.ee\/fi\/#website"},"datePublished":"2024-09-25T09:26:15+00:00","dateModified":"2025-04-29T10:00:32+00:00","description":"Tutustu Enervit blogiin ja l\u00f6yd\u00e4 arvokasta tietoa urheiluravitsemuksesta, harjoitteluvinkeist\u00e4 ja palautumisstrategioista \u2013 kaikki urheilusuorituksesi tueksi.","breadcrumb":{"@id":"https:\/\/enervit.ee\/fi\/blogi\/#breadcrumb"},"inLanguage":"fi","potentialAction":[{"@type":"ReadAction","target":["https:\/\/enervit.ee\/fi\/blogi\/"]}]},{"@type":"BreadcrumbList","@id":"https:\/\/enervit.ee\/fi\/blogi\/#breadcrumb","itemListElement":[{"@type":"ListItem","position":1,"name":"Home","item":"https:\/\/enervit.ee\/fi\/kotisivu\/"},{"@type":"ListItem","position":2,"name":"Blogi"}]},{"@type":"WebSite","@id":"https:\/\/enervit.ee\/fi\/#website","url":"https:\/\/enervit.ee\/fi\/","name":"Enervit","description":"","publisher":{"@id":"https:\/\/enervit.ee\/fi\/#organization"},"potentialAction":[{"@type":"SearchAction","target":{"@type":"EntryPoint","urlTemplate":"https:\/\/enervit.ee\/fi\/?s={search_term_string}"},"query-input":{"@type":"PropertyValueSpecification","valueRequired":true,"valueName":"search_term_string"}}],"inLanguage":"fi"},{"@type":"Organization","@id":"https:\/\/enervit.ee\/fi\/#organization","name":"Enervit","url":"https:\/\/enervit.ee\/fi\/","logo":{"@type":"ImageObject","inLanguage":"fi","@id":"https:\/\/enervit.ee\/fi\/#\/schema\/logo\/image\/","url":"https:\/\/enervit.ee\/wp-content\/uploads\/2024\/09\/Enervit_logo.png","contentUrl":"https:\/\/enervit.ee\/wp-content\/uploads\/2024\/09\/Enervit_logo.png","width":582,"height":582,"caption":"Enervit"},"image":{"@id":"https:\/\/enervit.ee\/fi\/#\/schema\/logo\/image\/"}}]}},"_links":{"self":[{"href":"https:\/\/enervit.ee\/fi\/wp-json\/wp\/v2\/pages\/1469","targetHints":{"allow":["GET"]}}],"collection":[{"href":"https:\/\/enervit.ee\/fi\/wp-json\/wp\/v2\/pages"}],"about":[{"href":"https:\/\/enervit.ee\/fi\/wp-json\/wp\/v2\/types\/page"}],"author":[{"embeddable":true,"href":"https:\/\/enervit.ee\/fi\/wp-json\/wp\/v2\/users\/1"}],"replies":[{"embeddable":true,"href":"https:\/\/enervit.ee\/fi\/wp-json\/wp\/v2\/comments?post=1469"}],"version-history":[{"count":2,"href":"https:\/\/enervit.ee\/fi\/wp-json\/wp\/v2\/pages\/1469\/revisions"}],"predecessor-version":[{"id":1471,"href":"https:\/\/enervit.ee\/fi\/wp-json\/wp\/v2\/pages\/1469\/revisions\/1471"}],"wp:attachment":[{"href":"https:\/\/enervit.ee\/fi\/wp-json\/wp\/v2\/media?parent=1469"}],"curies":[{"name":"wp","href":"https:\/\/api.w.org\/{rel}","templated":true}]}}