{"id":1614,"date":"2024-10-22T12:05:55","date_gmt":"2024-10-22T09:05:55","guid":{"rendered":"https:\/\/enervit.ee\/tilausehdot\/"},"modified":"2025-04-29T15:31:41","modified_gmt":"2025-04-29T12:31:41","slug":"tilausehdot","status":"publish","type":"page","link":"https:\/\/enervit.ee\/fi\/tilausehdot\/","title":{"rendered":"Tilausehdot"},"content":{"rendered":"\t\t<div data-elementor-type=\"wp-page\" data-elementor-id=\"1614\" class=\"elementor elementor-1614 elementor-653\" data-elementor-post-type=\"page\">\n\t\t\t\t<div class=\"elementor-element elementor-element-ba7ff8e e-flex e-con-boxed e-con e-parent\" data-id=\"ba7ff8e\" data-element_type=\"container\" data-e-type=\"container\">\n\t\t\t\t\t<div class=\"e-con-inner\">\n\t\t<div class=\"elementor-element elementor-element-4db3822 e-con-full e-flex e-con e-child\" data-id=\"4db3822\" data-element_type=\"container\" data-e-type=\"container\">\n\t\t\t\t<div class=\"elementor-element elementor-element-5a162b5 elementor-widget elementor-widget-heading\" data-id=\"5a162b5\" data-element_type=\"widget\" data-e-type=\"widget\" data-widget_type=\"heading.default\">\n\t\t\t\t<div class=\"elementor-widget-container\">\n\t\t\t\t\t<h2 class=\"elementor-heading-title elementor-size-default\">Tilausehdot<\/h2>\t\t\t\t<\/div>\n\t\t\t\t<\/div>\n\t\t\t\t<div class=\"elementor-element elementor-element-fbf2b9d elementor-widget elementor-widget-text-editor\" data-id=\"fbf2b9d\" data-element_type=\"widget\" data-e-type=\"widget\" data-widget_type=\"text-editor.default\">\n\t\t\t\t<div class=\"elementor-widget-container\">\n\t\t\t\t\t\t\t\t\t<p>7 vaihetta ostoksen tekemiseen Enervit.ee-verkkokaupasta:<\/p><p>1. Laita haluamasi tuote ostoskoriin klikkaamalla &#8221;Lis\u00e4\u00e4 ostoskoriin&#8221;.<\/p><p>2. Suorita osto loppuun klikkaamalla yl\u00e4valikosta &#8221;Jatka ostoa&#8221;.<\/p><p>3. Kirjoita ostoprosessin aikana oikea tilaaja ja vastaanottaja (jos ne ovat eri henkil\u00f6it\u00e4), m\u00e4\u00e4rit\u00e4 toimitustapa.<\/p><p>4. Maksaminen on mahdollista maksum\u00e4\u00e4r\u00e4yksell\u00e4.<\/p><p>5. Vahvista tilaus<\/p><p>6. Muutaman minuutin kuluessa saat s\u00e4hk\u00f6postiviestin tilauksen vastaanottamisesta ja laskun.<\/p><p>7. Kun olemme saaneet rahat, me viimeistelemme ja l\u00e4het\u00e4mme tilauksesi valitsemallasi toimitustavalla, josta ilmoitamme sinulle.  <\/p><p>Hy\u00f6dyllist\u00e4 tietoa:<\/p><p>Sinun ei tarvitse rekister\u00f6ity\u00e4 asiakkaaksi ostaaksesi Enervit.ee-verkkokaupasta.<\/p><p>Kun olet vahvistanut tilauksen, voit muuttaa ja korjata sit\u00e4 ottamalla yhteytt\u00e4 Enervit.ee-verkkokaupan asiakaspalveluun: info@enervit.ee. Sinut tunnistetaan tilausnumeron ja nimen perusteella. <\/p><p>Tilauksen t\u00e4ytt\u00e4misen aikana l\u00e4het\u00e4mme antamaasi s\u00e4hk\u00f6postiosoitteeseen kirjeit\u00e4 tilauksen hyv\u00e4ksymisest\u00e4\/laskusta, maksun vahvistamisesta ja tilauksen t\u00e4ytt\u00e4misest\u00e4.<\/p><p>Jos ostettu tuote ei sovi tai ei vastaa odotuksia, kuluttajalla on oikeus palauttaa tuote 14 p\u00e4iv\u00e4n kuluessa tuotteen vastaanottamisesta (tarkemmin sanottuna &#8221;k\u00e4ytt\u00f6ehdot&#8221;). Palautettujen tavaroiden on oltava alkuper\u00e4ispakkauksessa, k\u00e4ytt\u00e4m\u00e4tt\u00f6mi\u00e4 ja vahingoittumattomia. <\/p>\t\t\t\t\t\t\t\t<\/div>\n\t\t\t\t<\/div>\n\t\t\t\t<\/div>\n\t\t\t\t\t<\/div>\n\t\t\t\t<\/div>\n\t\t\t\t<\/div>\n\t\t","protected":false},"excerpt":{"rendered":"<p>7 vaihetta ostoksen tekemiseen Enervit.ee-verkkokaupasta: 1. Laita haluamasi tuote ostoskoriin klikkaamalla &#8221;Lis\u00e4\u00e4 ostoskoriin&#8221;. 2. Suorita osto loppuun klikkaamalla yl\u00e4valikosta &#8221;Jatka ostoa&#8221;. 3. Kirjoita ostoprosessin aikana oikea tilaaja ja vastaanottaja (jos ne ovat eri henkil\u00f6it\u00e4), m\u00e4\u00e4rit\u00e4 toimitustapa. 4. Maksaminen on mahdollista maksum\u00e4\u00e4r\u00e4yksell\u00e4. 5. Vahvista tilaus 6. Muutaman minuutin kuluessa saat s\u00e4hk\u00f6postiviestin tilauksen vastaanottamisesta ja laskun. 7. [&hellip;]<\/p>\n","protected":false},"author":1,"featured_media":0,"parent":0,"menu_order":0,"comment_status":"closed","ping_status":"closed","template":"elementor_header_footer","meta":{"_acf_changed":false,"footnotes":""},"class_list":["post-1614","page","type-page","status-publish","hentry"],"acf":[],"yoast_head":"<!-- This site is optimized with the Yoast SEO plugin v27.1.1 - https:\/\/yoast.com\/product\/yoast-seo-wordpress\/ -->\n<title>Tilausehdot - Enervit<\/title>\n<meta name=\"robots\" content=\"index, follow, max-snippet:-1, max-image-preview:large, max-video-preview:-1\" \/>\n<link rel=\"canonical\" href=\"https:\/\/enervit.ee\/fi\/tilausehdot\/\" \/>\n<meta property=\"og:locale\" content=\"fi_FI\" \/>\n<meta property=\"og:type\" content=\"article\" \/>\n<meta property=\"og:title\" content=\"Tilausehdot - Enervit\" \/>\n<meta property=\"og:description\" content=\"7 vaihetta ostoksen tekemiseen Enervit.ee-verkkokaupasta: 1. Laita haluamasi tuote ostoskoriin klikkaamalla &#8221;Lis\u00e4\u00e4 ostoskoriin&#8221;. 2. Suorita osto loppuun klikkaamalla yl\u00e4valikosta &#8221;Jatka ostoa&#8221;. 3. Kirjoita ostoprosessin aikana oikea tilaaja ja vastaanottaja (jos ne ovat eri henkil\u00f6it\u00e4), m\u00e4\u00e4rit\u00e4 toimitustapa. 4. Maksaminen on mahdollista maksum\u00e4\u00e4r\u00e4yksell\u00e4. 5. Vahvista tilaus 6. Muutaman minuutin kuluessa saat s\u00e4hk\u00f6postiviestin tilauksen vastaanottamisesta ja laskun. 7. [&hellip;]\" \/>\n<meta property=\"og:url\" content=\"https:\/\/enervit.ee\/fi\/tilausehdot\/\" \/>\n<meta property=\"og:site_name\" content=\"Enervit\" \/>\n<meta property=\"article:modified_time\" content=\"2025-04-29T12:31:41+00:00\" \/>\n<meta name=\"twitter:card\" content=\"summary_large_image\" \/>\n<meta name=\"twitter:label1\" content=\"Arvioitu lukuaika\" \/>\n\t<meta name=\"twitter:data1\" content=\"1 minuutti\" \/>\n<script type=\"application\/ld+json\" class=\"yoast-schema-graph\">{\"@context\":\"https:\/\/schema.org\",\"@graph\":[{\"@type\":\"WebPage\",\"@id\":\"https:\/\/enervit.ee\/fi\/tilausehdot\/\",\"url\":\"https:\/\/enervit.ee\/fi\/tilausehdot\/\",\"name\":\"Tilausehdot - Enervit\",\"isPartOf\":{\"@id\":\"https:\/\/enervit.ee\/fi\/#website\"},\"datePublished\":\"2024-10-22T09:05:55+00:00\",\"dateModified\":\"2025-04-29T12:31:41+00:00\",\"breadcrumb\":{\"@id\":\"https:\/\/enervit.ee\/fi\/tilausehdot\/#breadcrumb\"},\"inLanguage\":\"fi\",\"potentialAction\":[{\"@type\":\"ReadAction\",\"target\":[\"https:\/\/enervit.ee\/fi\/tilausehdot\/\"]}]},{\"@type\":\"BreadcrumbList\",\"@id\":\"https:\/\/enervit.ee\/fi\/tilausehdot\/#breadcrumb\",\"itemListElement\":[{\"@type\":\"ListItem\",\"position\":1,\"name\":\"Home\",\"item\":\"https:\/\/enervit.ee\/fi\/kotisivu\/\"},{\"@type\":\"ListItem\",\"position\":2,\"name\":\"Tilausehdot\"}]},{\"@type\":\"WebSite\",\"@id\":\"https:\/\/enervit.ee\/fi\/#website\",\"url\":\"https:\/\/enervit.ee\/fi\/\",\"name\":\"Enervit\",\"description\":\"\",\"publisher\":{\"@id\":\"https:\/\/enervit.ee\/fi\/#organization\"},\"potentialAction\":[{\"@type\":\"SearchAction\",\"target\":{\"@type\":\"EntryPoint\",\"urlTemplate\":\"https:\/\/enervit.ee\/fi\/?s={search_term_string}\"},\"query-input\":{\"@type\":\"PropertyValueSpecification\",\"valueRequired\":true,\"valueName\":\"search_term_string\"}}],\"inLanguage\":\"fi\"},{\"@type\":\"Organization\",\"@id\":\"https:\/\/enervit.ee\/fi\/#organization\",\"name\":\"Enervit\",\"url\":\"https:\/\/enervit.ee\/fi\/\",\"logo\":{\"@type\":\"ImageObject\",\"inLanguage\":\"fi\",\"@id\":\"https:\/\/enervit.ee\/fi\/#\/schema\/logo\/image\/\",\"url\":\"https:\/\/enervit.ee\/wp-content\/uploads\/2024\/09\/Enervit_logo.png\",\"contentUrl\":\"https:\/\/enervit.ee\/wp-content\/uploads\/2024\/09\/Enervit_logo.png\",\"width\":582,\"height\":582,\"caption\":\"Enervit\"},\"image\":{\"@id\":\"https:\/\/enervit.ee\/fi\/#\/schema\/logo\/image\/\"}}]}<\/script>\n<!-- \/ Yoast SEO plugin. -->","yoast_head_json":{"title":"Tilausehdot - Enervit","robots":{"index":"index","follow":"follow","max-snippet":"max-snippet:-1","max-image-preview":"max-image-preview:large","max-video-preview":"max-video-preview:-1"},"canonical":"https:\/\/enervit.ee\/fi\/tilausehdot\/","og_locale":"fi_FI","og_type":"article","og_title":"Tilausehdot - Enervit","og_description":"7 vaihetta ostoksen tekemiseen Enervit.ee-verkkokaupasta: 1. Laita haluamasi tuote ostoskoriin klikkaamalla &#8221;Lis\u00e4\u00e4 ostoskoriin&#8221;. 2. Suorita osto loppuun klikkaamalla yl\u00e4valikosta &#8221;Jatka ostoa&#8221;. 3. Kirjoita ostoprosessin aikana oikea tilaaja ja vastaanottaja (jos ne ovat eri henkil\u00f6it\u00e4), m\u00e4\u00e4rit\u00e4 toimitustapa. 4. Maksaminen on mahdollista maksum\u00e4\u00e4r\u00e4yksell\u00e4. 5. Vahvista tilaus 6. Muutaman minuutin kuluessa saat s\u00e4hk\u00f6postiviestin tilauksen vastaanottamisesta ja laskun. 7. [&hellip;]","og_url":"https:\/\/enervit.ee\/fi\/tilausehdot\/","og_site_name":"Enervit","article_modified_time":"2025-04-29T12:31:41+00:00","twitter_card":"summary_large_image","twitter_misc":{"Arvioitu lukuaika":"1 minuutti"},"schema":{"@context":"https:\/\/schema.org","@graph":[{"@type":"WebPage","@id":"https:\/\/enervit.ee\/fi\/tilausehdot\/","url":"https:\/\/enervit.ee\/fi\/tilausehdot\/","name":"Tilausehdot - Enervit","isPartOf":{"@id":"https:\/\/enervit.ee\/fi\/#website"},"datePublished":"2024-10-22T09:05:55+00:00","dateModified":"2025-04-29T12:31:41+00:00","breadcrumb":{"@id":"https:\/\/enervit.ee\/fi\/tilausehdot\/#breadcrumb"},"inLanguage":"fi","potentialAction":[{"@type":"ReadAction","target":["https:\/\/enervit.ee\/fi\/tilausehdot\/"]}]},{"@type":"BreadcrumbList","@id":"https:\/\/enervit.ee\/fi\/tilausehdot\/#breadcrumb","itemListElement":[{"@type":"ListItem","position":1,"name":"Home","item":"https:\/\/enervit.ee\/fi\/kotisivu\/"},{"@type":"ListItem","position":2,"name":"Tilausehdot"}]},{"@type":"WebSite","@id":"https:\/\/enervit.ee\/fi\/#website","url":"https:\/\/enervit.ee\/fi\/","name":"Enervit","description":"","publisher":{"@id":"https:\/\/enervit.ee\/fi\/#organization"},"potentialAction":[{"@type":"SearchAction","target":{"@type":"EntryPoint","urlTemplate":"https:\/\/enervit.ee\/fi\/?s={search_term_string}"},"query-input":{"@type":"PropertyValueSpecification","valueRequired":true,"valueName":"search_term_string"}}],"inLanguage":"fi"},{"@type":"Organization","@id":"https:\/\/enervit.ee\/fi\/#organization","name":"Enervit","url":"https:\/\/enervit.ee\/fi\/","logo":{"@type":"ImageObject","inLanguage":"fi","@id":"https:\/\/enervit.ee\/fi\/#\/schema\/logo\/image\/","url":"https:\/\/enervit.ee\/wp-content\/uploads\/2024\/09\/Enervit_logo.png","contentUrl":"https:\/\/enervit.ee\/wp-content\/uploads\/2024\/09\/Enervit_logo.png","width":582,"height":582,"caption":"Enervit"},"image":{"@id":"https:\/\/enervit.ee\/fi\/#\/schema\/logo\/image\/"}}]}},"_links":{"self":[{"href":"https:\/\/enervit.ee\/fi\/wp-json\/wp\/v2\/pages\/1614","targetHints":{"allow":["GET"]}}],"collection":[{"href":"https:\/\/enervit.ee\/fi\/wp-json\/wp\/v2\/pages"}],"about":[{"href":"https:\/\/enervit.ee\/fi\/wp-json\/wp\/v2\/types\/page"}],"author":[{"embeddable":true,"href":"https:\/\/enervit.ee\/fi\/wp-json\/wp\/v2\/users\/1"}],"replies":[{"embeddable":true,"href":"https:\/\/enervit.ee\/fi\/wp-json\/wp\/v2\/comments?post=1614"}],"version-history":[{"count":3,"href":"https:\/\/enervit.ee\/fi\/wp-json\/wp\/v2\/pages\/1614\/revisions"}],"predecessor-version":[{"id":4906,"href":"https:\/\/enervit.ee\/fi\/wp-json\/wp\/v2\/pages\/1614\/revisions\/4906"}],"wp:attachment":[{"href":"https:\/\/enervit.ee\/fi\/wp-json\/wp\/v2\/media?parent=1614"}],"curies":[{"name":"wp","href":"https:\/\/api.w.org\/{rel}","templated":true}]}}