{"id":1626,"date":"2024-10-22T12:06:18","date_gmt":"2024-10-22T09:06:18","guid":{"rendered":"https:\/\/enervit.ee\/tietosuojakaytanto\/"},"modified":"2025-04-29T15:27:25","modified_gmt":"2025-04-29T12:27:25","slug":"tietosuojakaytanto","status":"publish","type":"page","link":"https:\/\/enervit.ee\/fi\/tietosuojakaytanto\/","title":{"rendered":"Tietosuojak\u00e4yt\u00e4nt\u00f6"},"content":{"rendered":"\t\t<div data-elementor-type=\"wp-page\" data-elementor-id=\"1626\" class=\"elementor elementor-1626 elementor-658\" data-elementor-post-type=\"page\">\n\t\t\t\t<div class=\"elementor-element elementor-element-b675126 e-flex e-con-boxed e-con e-parent\" data-id=\"b675126\" data-element_type=\"container\" data-e-type=\"container\">\n\t\t\t\t\t<div class=\"e-con-inner\">\n\t\t<div class=\"elementor-element elementor-element-16cdff9 e-con-full e-flex e-con e-child\" data-id=\"16cdff9\" data-element_type=\"container\" data-e-type=\"container\">\n\t\t\t\t<div class=\"elementor-element elementor-element-35bf052 elementor-widget elementor-widget-heading\" data-id=\"35bf052\" data-element_type=\"widget\" data-e-type=\"widget\" data-widget_type=\"heading.default\">\n\t\t\t\t<div class=\"elementor-widget-container\">\n\t\t\t\t\t<h2 class=\"elementor-heading-title elementor-size-default\">Tietosuojak\u00e4yt\u00e4nt\u00f6<\/h2>\t\t\t\t<\/div>\n\t\t\t\t<\/div>\n\t\t\t\t<div class=\"elementor-element elementor-element-78577ab elementor-widget elementor-widget-text-editor\" data-id=\"78577ab\" data-element_type=\"widget\" data-e-type=\"widget\" data-widget_type=\"text-editor.default\">\n\t\t\t\t<div class=\"elementor-widget-container\">\n\t\t\t\t\t\t\t\t\t<p><strong>1. Yleiset s\u00e4\u00e4nn\u00f6kset<\/strong><\/p><p>1.1. T\u00e4m\u00e4 tietosuojak\u00e4yt\u00e4nt\u00f6 s\u00e4\u00e4ntelee periaatteet, jotka koskevat henkil\u00f6tietojen ker\u00e4\u00e4mist\u00e4, k\u00e4sittely\u00e4 ja s\u00e4ilytt\u00e4mist\u00e4. Henkil\u00f6tietoja ker\u00e4\u00e4, k\u00e4sittelee ja s\u00e4ilytt\u00e4\u00e4 henkil\u00f6tietojen rekisterinpit\u00e4j\u00e4 (<strong>NutriMedical O\u00dc<\/strong>) (j\u00e4ljemp\u00e4n\u00e4 tietojen k\u00e4sittelij\u00e4). <\/p><p>1.2. Tietosuojak\u00e4yt\u00e4nn\u00f6n mukaisella rekister\u00f6idyll\u00e4 tarkoitetaan asiakasta tai muuta luonnollista henkil\u00f6\u00e4, jonka henkil\u00f6tietoja tietojen k\u00e4sittelij\u00e4 k\u00e4sittelee.<\/p><p>1.3. Asiakas tietosuojak\u00e4yt\u00e4nn\u00f6n mukaisesti on henkil\u00f6, joka ostaa tuotteita tai palveluja tietojen k\u00e4sittelij\u00e4n verkkosivustolta.<\/p><p>1.4. Tietojen k\u00e4sittelij\u00e4 noudattaa lains\u00e4\u00e4d\u00e4nn\u00f6ss\u00e4 s\u00e4\u00e4dettyj\u00e4 tietojenk\u00e4sittelyn periaatteita, muun muassa k\u00e4sittelij\u00e4 k\u00e4sittelee henkil\u00f6tietoja laillisesti, oikeudenmukaisesti ja turvallisesti. Tietojen k\u00e4sittelij\u00e4 pystyy vahvistamaan, ett\u00e4 henkil\u00f6tietoja on k\u00e4sitelty lains\u00e4\u00e4d\u00e4nn\u00f6n m\u00e4\u00e4r\u00e4ysten mukaisesti. <\/p><p><strong>2. Henkil\u00f6tietojen ker\u00e4\u00e4minen, k\u00e4sittely ja tallentaminen<\/strong><\/p><p>2.1. Henkil\u00f6tiedot, joita tietojen k\u00e4sittelij\u00e4 ker\u00e4\u00e4, k\u00e4sittelee ja s\u00e4ilytt\u00e4\u00e4, ker\u00e4t\u00e4\u00e4n s\u00e4hk\u00f6isesti p\u00e4\u00e4asiassa verkkosivuston ja s\u00e4hk\u00f6postin kautta.<\/p><p>2.2. Jakamalla henkil\u00f6tietonsa rekister\u00f6ity antaa tietojen k\u00e4sittelij\u00e4lle oikeuden ker\u00e4t\u00e4, j\u00e4rjest\u00e4\u00e4, k\u00e4ytt\u00e4\u00e4 ja hallita henkil\u00f6tietoja tietosuojak\u00e4yt\u00e4nn\u00f6ss\u00e4 m\u00e4\u00e4ritettyihin tarkoituksiin, jotka rekister\u00f6ity jakaa suoraan tai ep\u00e4suorasti tietojen k\u00e4sittelij\u00e4lle ostaessaan tuotteita tai palveluja verkkosivustolta.<\/p><p>2.3. Rekister\u00f6ity on vastuussa siit\u00e4, ett\u00e4 antamansa tiedot ovat tarkkoja, oikeita ja t\u00e4ydellisi\u00e4. Tietoisesti v\u00e4\u00e4r\u00e4n tiedon antaminen katsotaan tietosuojak\u00e4yt\u00e4nn\u00f6n rikkomukseksi. Rekister\u00f6idyn on velvollisuus ilmoittaa tietojen k\u00e4sittelij\u00e4lle v\u00e4litt\u00f6m\u00e4sti, jos antamissa tiedoissa tapahtuu muutoksia.  <\/p><p>2.4. Tietojen k\u00e4sittelij\u00e4 ei ole vastuussa rekister\u00f6idylle tai kolmansille osapuolille aiheutuvista vahingoista, jotka johtuvat rekister\u00f6idyn antamasta v\u00e4\u00e4r\u00e4st\u00e4 tiedosta.<\/p><p><strong>3. Asiakkaiden henkil\u00f6tietojen k\u00e4sittely<\/strong><\/p><p>3.1. Tietojen k\u00e4sittelij\u00e4 voi k\u00e4sitell\u00e4 seuraavia rekister\u00f6idyn henkil\u00f6tietoja:<\/p><p>3.1.1. Etunimi ja sukunimi;<\/p><p>3.1.2. Syntym\u00e4aika;<\/p><p>3.1.3. Puhelinnumero;<\/p><p>3.1.4. S\u00e4hk\u00f6postiosoite;<\/p><p>3.1.5. Toimitusosoite;<\/p><p>3.1.6. Nykyinen tilinumero;<\/p><p>3.1.7. Maksukortin tiedot;<\/p><p>3.2. Edell\u00e4 mainittujen lis\u00e4ksi tietojen k\u00e4sittelij\u00e4ll\u00e4 on oikeus ker\u00e4t\u00e4 asiakasta koskevia tietoja, jotka ovat saatavilla julkisista rekistereist\u00e4.<\/p><p>3.3. Henkil\u00f6tietojen k\u00e4sittelyn oikeusperusta on henkil\u00f6tietojen suojaa koskevan yleisen asetuksen 6 artiklan 1 kohdan a, b, c ja f alakohta:<\/p><p>a) rekister\u00f6ity on antanut suostumuksensa henkil\u00f6tietojensa k\u00e4sittelyyn yht\u00e4 tai useampaa erityist\u00e4 tarkoitusta varten;<\/p><p>b) henkil\u00f6tietojen k\u00e4sittely on tarpeen rekister\u00f6idyn osallistuessa tehdyn sopimuksen t\u00e4ytt\u00e4miseksi tai ennen sopimuksen tekemist\u00e4 toteutettavien toimenpiteiden toteuttamiseksi rekister\u00f6idyn pyynn\u00f6n mukaisesti;<\/p><p>c) henkil\u00f6tietojen k\u00e4sittely on tarpeen rekisterinpit\u00e4j\u00e4n oikeudellisen velvoitteen t\u00e4ytt\u00e4miseksi;<\/p><p>f) henkil\u00f6tietojen k\u00e4sittely on tarpeen rekisterinpit\u00e4j\u00e4n tai kolmannen osapuolen oikeutetun edun vuoksi, paitsi jos rekister\u00f6idyn edut tai perusoikeudet ja -vapaudet, joiden vuoksi henkil\u00f6tietoja on suojattava, ovat t\u00e4t\u00e4 etua t\u00e4rke\u00e4mpi\u00e4 kuin rekister\u00f6idyn etu, erityisesti jos rekister\u00f6ity on lapsi.<\/p><p>3.4. Henkil\u00f6tietojen k\u00e4sittely k\u00e4sittelyn tarkoituksen mukaisesti:<\/p><p>3.4.1. K\u00e4sittelyn tarkoitus &#8211; turvallisuus ja turva<br>Henkil\u00f6tietojen enimm\u00e4iss\u00e4ilytysaika &#8211; lain m\u00e4\u00e4ritt\u00e4mien aikarajojen mukaisesti<\/p><p>3.4.2. K\u00e4sittelyn tarkoitus &#8211; tilauksen k\u00e4sittely<br>Henkil\u00f6tietojen enimm\u00e4iss\u00e4ilytysaika &#8211; <strong>7 vuotta<\/strong><\/p><p>3.4.3. K\u00e4sittelyn tarkoitus &#8211; verkkokaupan palveluiden toiminnan varmistaminen<br>Henkil\u00f6tietojen enimm\u00e4iss\u00e4ilytysaika &#8211; <strong>7 vuotta<\/strong><\/p><p>3.4.4. K\u00e4sittelyn tarkoitus &#8211; asiakaspalvelu<br>Henkil\u00f6tietojen enimm\u00e4iss\u00e4ilytysaika &#8211; <strong>7 vuotta<\/strong><\/p><p>3.4.5. K\u00e4sittelyn tarkoitus &#8211; taloudellinen toiminta, kirjanpito.<br>Henkil\u00f6tietojen enimm\u00e4iss\u00e4ilytysaika &#8211; lain m\u00e4\u00e4ritt\u00e4mien aikarajojen mukaisesti<\/p><p>3.4.6. K\u00e4sittelyn tarkoitus &#8211; markkinointi<br>Henkil\u00f6tietojen enimm\u00e4iss\u00e4ilytysaika &#8211;<b> 2 vuotta<\/b><\/p><p>3.5. Tietojen k\u00e4sittelij\u00e4ll\u00e4 on oikeus jakaa asiakkaiden henkil\u00f6tietoja kolmansille osapuolille, kuten valtuutetuille tietojen k\u00e4sittelij\u00f6ille, kirjanpit\u00e4jille, kuljetus- ja kuriiriyrityksille, siirtopalveluja tarjoaville yrityksille. Tietojen k\u00e4sittelij\u00e4 on henkil\u00f6tietojen vastuullinen k\u00e4sittelij\u00e4. Tietojen k\u00e4sittelij\u00e4 v\u00e4litt\u00e4\u00e4 tarvittavat henkil\u00f6tiedot maksujen suorittamista varten valtuutetulle k\u00e4sittelij\u00e4lle.  <\/p><p>3.6. Henkil\u00f6tietojen k\u00e4sittelyss\u00e4 ja s\u00e4ilytt\u00e4misess\u00e4 tietojen k\u00e4sittelij\u00e4 toteuttaa organisatorisia ja teknisi\u00e4 toimenpiteit\u00e4, jotka varmistavat henkil\u00f6tietojen suojan vahingossa tai laittomasti tapahtuvaa tuhoa, muutosta, paljastamista ja muuta laitonta k\u00e4sittely\u00e4 vastaan.<\/p><p>3.7. Tietojen k\u00e4sittelij\u00e4 s\u00e4ilytt\u00e4\u00e4 rekister\u00f6ityjen tietoja k\u00e4sittelyn tarkoituksesta riippuen, mutta ei pidemp\u00e4\u00e4n kuin <b>5<\/b> vuotta.<\/p><p><strong>4. Rekister\u00f6idyn oikeudet<\/strong><\/p><p>4.1. Rekister\u00f6idyll\u00e4 on oikeus p\u00e4\u00e4st\u00e4 k\u00e4siksi omiin henkil\u00f6tietoihinsa ja tarkastella niit\u00e4.<\/p><p>4.2. Rekister\u00f6idyll\u00e4 on oikeus saada tietoa omien henkil\u00f6tietojensa k\u00e4sittelyst\u00e4.<\/p><p>4.3. Rekister\u00f6idyll\u00e4 on oikeus t\u00e4ydent\u00e4\u00e4 tai oikaista virheellisi\u00e4 tietoja.<\/p><p>4.4. Jos tietojen k\u00e4sittelij\u00e4 k\u00e4sittelee rekister\u00f6idyn henkil\u00f6tietoja rekister\u00f6idyn suostumuksen perusteella, rekister\u00f6idyll\u00e4 on oikeus peruuttaa suostumuksensa milloin tahansa.<\/p><p>4.5. Rekister\u00f6ity voi k\u00e4ytt\u00e4\u00e4 oikeuksiaan ottamalla yhteytt\u00e4 verkkokaupan asiakaspalveluun (i<strong>nfo@enervit.ee.ee, 6262702).<\/strong><\/p><p>4.6. Rekister\u00f6ity voi tehd\u00e4 valituksen tietosuojaviranomaiselle oikeuksiensa turvaamiseksi.<\/p><p><strong>5. Loppus\u00e4\u00e4nn\u00f6kset<\/strong><\/p><p>5.1. N\u00e4m\u00e4 tietosuojak\u00e4yt\u00e4nn\u00f6t on laadittu Euroopan parlamentin ja neuvoston asetuksen (EU) 2016\/679 mukaisesti luonnollisten henkil\u00f6iden suojelusta henkil\u00f6tietojen k\u00e4sittelyss\u00e4 sek\u00e4 t\u00e4llaisten tietojen vapaasta liikkuvuudesta ja direktiivin 95\/46\/EY kumoamisesta (yleinen tietosuoja-asetus), Viron henkil\u00f6tietojen suojaa koskevan lain sek\u00e4 Viron tasavallan ja Euroopan unionin lains\u00e4\u00e4d\u00e4nn\u00f6n mukaisesti.<\/p><p>5.2. Tietojen k\u00e4sittelij\u00e4ll\u00e4 on oikeus muuttaa tietosuojak\u00e4yt\u00e4nt\u00f6j\u00e4 osittain tai kokonaan ilmoittamalla rekister\u00f6idyille muutoksista verkkosivuston (<strong>Enervit.ee<\/strong>) kautta.<\/p>\t\t\t\t\t\t\t\t<\/div>\n\t\t\t\t<\/div>\n\t\t\t\t<\/div>\n\t\t\t\t\t<\/div>\n\t\t\t\t<\/div>\n\t\t\t\t<\/div>\n\t\t","protected":false},"excerpt":{"rendered":"<p>1. Yleiset s\u00e4\u00e4nn\u00f6kset 1.1. T\u00e4m\u00e4 tietosuojak\u00e4yt\u00e4nt\u00f6 s\u00e4\u00e4ntelee periaatteet, jotka koskevat henkil\u00f6tietojen ker\u00e4\u00e4mist\u00e4, k\u00e4sittely\u00e4 ja s\u00e4ilytt\u00e4mist\u00e4. Henkil\u00f6tietoja ker\u00e4\u00e4, k\u00e4sittelee ja s\u00e4ilytt\u00e4\u00e4 henkil\u00f6tietojen rekisterinpit\u00e4j\u00e4 (NutriMedical O\u00dc) (j\u00e4ljemp\u00e4n\u00e4 tietojen k\u00e4sittelij\u00e4). 1.2. Tietosuojak\u00e4yt\u00e4nn\u00f6n mukaisella rekister\u00f6idyll\u00e4 tarkoitetaan asiakasta tai muuta luonnollista henkil\u00f6\u00e4, jonka henkil\u00f6tietoja tietojen k\u00e4sittelij\u00e4 k\u00e4sittelee. 1.3. Asiakas tietosuojak\u00e4yt\u00e4nn\u00f6n mukaisesti on henkil\u00f6, joka ostaa tuotteita tai palveluja tietojen k\u00e4sittelij\u00e4n [&hellip;]<\/p>\n","protected":false},"author":1,"featured_media":0,"parent":0,"menu_order":0,"comment_status":"closed","ping_status":"closed","template":"elementor_header_footer","meta":{"_acf_changed":false,"footnotes":""},"class_list":["post-1626","page","type-page","status-publish","hentry"],"acf":[],"yoast_head":"<!-- This site is optimized with the Yoast SEO plugin v27.1.1 - https:\/\/yoast.com\/product\/yoast-seo-wordpress\/ -->\n<title>Tietosuojak\u00e4yt\u00e4nt\u00f6 - Enervit<\/title>\n<meta name=\"robots\" content=\"index, follow, max-snippet:-1, max-image-preview:large, max-video-preview:-1\" \/>\n<link rel=\"canonical\" href=\"https:\/\/enervit.ee\/fi\/tietosuojakaytanto\/\" \/>\n<meta property=\"og:locale\" content=\"fi_FI\" \/>\n<meta property=\"og:type\" content=\"article\" \/>\n<meta property=\"og:title\" content=\"Tietosuojak\u00e4yt\u00e4nt\u00f6 - Enervit\" \/>\n<meta property=\"og:description\" content=\"1. Yleiset s\u00e4\u00e4nn\u00f6kset 1.1. T\u00e4m\u00e4 tietosuojak\u00e4yt\u00e4nt\u00f6 s\u00e4\u00e4ntelee periaatteet, jotka koskevat henkil\u00f6tietojen ker\u00e4\u00e4mist\u00e4, k\u00e4sittely\u00e4 ja s\u00e4ilytt\u00e4mist\u00e4. Henkil\u00f6tietoja ker\u00e4\u00e4, k\u00e4sittelee ja s\u00e4ilytt\u00e4\u00e4 henkil\u00f6tietojen rekisterinpit\u00e4j\u00e4 (NutriMedical O\u00dc) (j\u00e4ljemp\u00e4n\u00e4 tietojen k\u00e4sittelij\u00e4). 1.2. Tietosuojak\u00e4yt\u00e4nn\u00f6n mukaisella rekister\u00f6idyll\u00e4 tarkoitetaan asiakasta tai muuta luonnollista henkil\u00f6\u00e4, jonka henkil\u00f6tietoja tietojen k\u00e4sittelij\u00e4 k\u00e4sittelee. 1.3. Asiakas tietosuojak\u00e4yt\u00e4nn\u00f6n mukaisesti on henkil\u00f6, joka ostaa tuotteita tai palveluja tietojen k\u00e4sittelij\u00e4n [&hellip;]\" \/>\n<meta property=\"og:url\" content=\"https:\/\/enervit.ee\/fi\/tietosuojakaytanto\/\" \/>\n<meta property=\"og:site_name\" content=\"Enervit\" \/>\n<meta property=\"article:modified_time\" content=\"2025-04-29T12:27:25+00:00\" \/>\n<meta name=\"twitter:card\" content=\"summary_large_image\" \/>\n<meta name=\"twitter:label1\" content=\"Arvioitu lukuaika\" \/>\n\t<meta name=\"twitter:data1\" content=\"4 minuuttia\" \/>\n<script type=\"application\/ld+json\" class=\"yoast-schema-graph\">{\"@context\":\"https:\/\/schema.org\",\"@graph\":[{\"@type\":\"WebPage\",\"@id\":\"https:\/\/enervit.ee\/fi\/tietosuojakaytanto\/\",\"url\":\"https:\/\/enervit.ee\/fi\/tietosuojakaytanto\/\",\"name\":\"Tietosuojak\u00e4yt\u00e4nt\u00f6 - Enervit\",\"isPartOf\":{\"@id\":\"https:\/\/enervit.ee\/fi\/#website\"},\"datePublished\":\"2024-10-22T09:06:18+00:00\",\"dateModified\":\"2025-04-29T12:27:25+00:00\",\"breadcrumb\":{\"@id\":\"https:\/\/enervit.ee\/fi\/tietosuojakaytanto\/#breadcrumb\"},\"inLanguage\":\"fi\",\"potentialAction\":[{\"@type\":\"ReadAction\",\"target\":[\"https:\/\/enervit.ee\/fi\/tietosuojakaytanto\/\"]}]},{\"@type\":\"BreadcrumbList\",\"@id\":\"https:\/\/enervit.ee\/fi\/tietosuojakaytanto\/#breadcrumb\",\"itemListElement\":[{\"@type\":\"ListItem\",\"position\":1,\"name\":\"Home\",\"item\":\"https:\/\/enervit.ee\/fi\/kotisivu\/\"},{\"@type\":\"ListItem\",\"position\":2,\"name\":\"Tietosuojak\u00e4yt\u00e4nt\u00f6\"}]},{\"@type\":\"WebSite\",\"@id\":\"https:\/\/enervit.ee\/fi\/#website\",\"url\":\"https:\/\/enervit.ee\/fi\/\",\"name\":\"Enervit\",\"description\":\"\",\"publisher\":{\"@id\":\"https:\/\/enervit.ee\/fi\/#organization\"},\"potentialAction\":[{\"@type\":\"SearchAction\",\"target\":{\"@type\":\"EntryPoint\",\"urlTemplate\":\"https:\/\/enervit.ee\/fi\/?s={search_term_string}\"},\"query-input\":{\"@type\":\"PropertyValueSpecification\",\"valueRequired\":true,\"valueName\":\"search_term_string\"}}],\"inLanguage\":\"fi\"},{\"@type\":\"Organization\",\"@id\":\"https:\/\/enervit.ee\/fi\/#organization\",\"name\":\"Enervit\",\"url\":\"https:\/\/enervit.ee\/fi\/\",\"logo\":{\"@type\":\"ImageObject\",\"inLanguage\":\"fi\",\"@id\":\"https:\/\/enervit.ee\/fi\/#\/schema\/logo\/image\/\",\"url\":\"https:\/\/enervit.ee\/wp-content\/uploads\/2024\/09\/Enervit_logo.png\",\"contentUrl\":\"https:\/\/enervit.ee\/wp-content\/uploads\/2024\/09\/Enervit_logo.png\",\"width\":582,\"height\":582,\"caption\":\"Enervit\"},\"image\":{\"@id\":\"https:\/\/enervit.ee\/fi\/#\/schema\/logo\/image\/\"}}]}<\/script>\n<!-- \/ Yoast SEO plugin. -->","yoast_head_json":{"title":"Tietosuojak\u00e4yt\u00e4nt\u00f6 - Enervit","robots":{"index":"index","follow":"follow","max-snippet":"max-snippet:-1","max-image-preview":"max-image-preview:large","max-video-preview":"max-video-preview:-1"},"canonical":"https:\/\/enervit.ee\/fi\/tietosuojakaytanto\/","og_locale":"fi_FI","og_type":"article","og_title":"Tietosuojak\u00e4yt\u00e4nt\u00f6 - Enervit","og_description":"1. Yleiset s\u00e4\u00e4nn\u00f6kset 1.1. T\u00e4m\u00e4 tietosuojak\u00e4yt\u00e4nt\u00f6 s\u00e4\u00e4ntelee periaatteet, jotka koskevat henkil\u00f6tietojen ker\u00e4\u00e4mist\u00e4, k\u00e4sittely\u00e4 ja s\u00e4ilytt\u00e4mist\u00e4. Henkil\u00f6tietoja ker\u00e4\u00e4, k\u00e4sittelee ja s\u00e4ilytt\u00e4\u00e4 henkil\u00f6tietojen rekisterinpit\u00e4j\u00e4 (NutriMedical O\u00dc) (j\u00e4ljemp\u00e4n\u00e4 tietojen k\u00e4sittelij\u00e4). 1.2. Tietosuojak\u00e4yt\u00e4nn\u00f6n mukaisella rekister\u00f6idyll\u00e4 tarkoitetaan asiakasta tai muuta luonnollista henkil\u00f6\u00e4, jonka henkil\u00f6tietoja tietojen k\u00e4sittelij\u00e4 k\u00e4sittelee. 1.3. Asiakas tietosuojak\u00e4yt\u00e4nn\u00f6n mukaisesti on henkil\u00f6, joka ostaa tuotteita tai palveluja tietojen k\u00e4sittelij\u00e4n [&hellip;]","og_url":"https:\/\/enervit.ee\/fi\/tietosuojakaytanto\/","og_site_name":"Enervit","article_modified_time":"2025-04-29T12:27:25+00:00","twitter_card":"summary_large_image","twitter_misc":{"Arvioitu lukuaika":"4 minuuttia"},"schema":{"@context":"https:\/\/schema.org","@graph":[{"@type":"WebPage","@id":"https:\/\/enervit.ee\/fi\/tietosuojakaytanto\/","url":"https:\/\/enervit.ee\/fi\/tietosuojakaytanto\/","name":"Tietosuojak\u00e4yt\u00e4nt\u00f6 - Enervit","isPartOf":{"@id":"https:\/\/enervit.ee\/fi\/#website"},"datePublished":"2024-10-22T09:06:18+00:00","dateModified":"2025-04-29T12:27:25+00:00","breadcrumb":{"@id":"https:\/\/enervit.ee\/fi\/tietosuojakaytanto\/#breadcrumb"},"inLanguage":"fi","potentialAction":[{"@type":"ReadAction","target":["https:\/\/enervit.ee\/fi\/tietosuojakaytanto\/"]}]},{"@type":"BreadcrumbList","@id":"https:\/\/enervit.ee\/fi\/tietosuojakaytanto\/#breadcrumb","itemListElement":[{"@type":"ListItem","position":1,"name":"Home","item":"https:\/\/enervit.ee\/fi\/kotisivu\/"},{"@type":"ListItem","position":2,"name":"Tietosuojak\u00e4yt\u00e4nt\u00f6"}]},{"@type":"WebSite","@id":"https:\/\/enervit.ee\/fi\/#website","url":"https:\/\/enervit.ee\/fi\/","name":"Enervit","description":"","publisher":{"@id":"https:\/\/enervit.ee\/fi\/#organization"},"potentialAction":[{"@type":"SearchAction","target":{"@type":"EntryPoint","urlTemplate":"https:\/\/enervit.ee\/fi\/?s={search_term_string}"},"query-input":{"@type":"PropertyValueSpecification","valueRequired":true,"valueName":"search_term_string"}}],"inLanguage":"fi"},{"@type":"Organization","@id":"https:\/\/enervit.ee\/fi\/#organization","name":"Enervit","url":"https:\/\/enervit.ee\/fi\/","logo":{"@type":"ImageObject","inLanguage":"fi","@id":"https:\/\/enervit.ee\/fi\/#\/schema\/logo\/image\/","url":"https:\/\/enervit.ee\/wp-content\/uploads\/2024\/09\/Enervit_logo.png","contentUrl":"https:\/\/enervit.ee\/wp-content\/uploads\/2024\/09\/Enervit_logo.png","width":582,"height":582,"caption":"Enervit"},"image":{"@id":"https:\/\/enervit.ee\/fi\/#\/schema\/logo\/image\/"}}]}},"_links":{"self":[{"href":"https:\/\/enervit.ee\/fi\/wp-json\/wp\/v2\/pages\/1626","targetHints":{"allow":["GET"]}}],"collection":[{"href":"https:\/\/enervit.ee\/fi\/wp-json\/wp\/v2\/pages"}],"about":[{"href":"https:\/\/enervit.ee\/fi\/wp-json\/wp\/v2\/types\/page"}],"author":[{"embeddable":true,"href":"https:\/\/enervit.ee\/fi\/wp-json\/wp\/v2\/users\/1"}],"replies":[{"embeddable":true,"href":"https:\/\/enervit.ee\/fi\/wp-json\/wp\/v2\/comments?post=1626"}],"version-history":[{"count":3,"href":"https:\/\/enervit.ee\/fi\/wp-json\/wp\/v2\/pages\/1626\/revisions"}],"predecessor-version":[{"id":4904,"href":"https:\/\/enervit.ee\/fi\/wp-json\/wp\/v2\/pages\/1626\/revisions\/4904"}],"wp:attachment":[{"href":"https:\/\/enervit.ee\/fi\/wp-json\/wp\/v2\/media?parent=1626"}],"curies":[{"name":"wp","href":"https:\/\/api.w.org\/{rel}","templated":true}]}}