{"id":1638,"date":"2024-10-22T12:00:58","date_gmt":"2024-10-22T09:00:58","guid":{"rendered":"https:\/\/enervit.ee\/myyntiehdot\/"},"modified":"2025-04-29T13:19:55","modified_gmt":"2025-04-29T10:19:55","slug":"myyntiehdot","status":"publish","type":"page","link":"https:\/\/enervit.ee\/fi\/myyntiehdot\/","title":{"rendered":"Myyntiehdot"},"content":{"rendered":"\t\t<div data-elementor-type=\"wp-page\" data-elementor-id=\"1638\" class=\"elementor elementor-1638 elementor-636\" data-elementor-post-type=\"page\">\n\t\t\t\t<div class=\"elementor-element elementor-element-f7bc39f e-flex e-con-boxed e-con e-parent\" data-id=\"f7bc39f\" data-element_type=\"container\" data-e-type=\"container\">\n\t\t\t\t\t<div class=\"e-con-inner\">\n\t\t<div class=\"elementor-element elementor-element-83b51b7 e-con-full e-flex e-con e-child\" data-id=\"83b51b7\" data-element_type=\"container\" data-e-type=\"container\">\n\t\t\t\t<div class=\"elementor-element elementor-element-0af3457 elementor-widget elementor-widget-heading\" data-id=\"0af3457\" data-element_type=\"widget\" data-e-type=\"widget\" data-widget_type=\"heading.default\">\n\t\t\t\t<div class=\"elementor-widget-container\">\n\t\t\t\t\t<h2 class=\"elementor-heading-title elementor-size-default\">Myyntiehdot<\/h2>\t\t\t\t<\/div>\n\t\t\t\t<\/div>\n\t\t\t\t<div class=\"elementor-element elementor-element-ac262c8 elementor-widget elementor-widget-text-editor\" data-id=\"ac262c8\" data-element_type=\"widget\" data-e-type=\"widget\" data-widget_type=\"text-editor.default\">\n\t\t\t\t<div class=\"elementor-widget-container\">\n\t\t\t\t\t\t\t\t\t<p><span>Tilausehdot<\/span><\/p>\n<p><span>NutriMedical O\u00dc \/ www.enervit.ee<\/span><\/p>\n<p><span>Yleist\u00e4<\/span><\/p>\n<p><span>Yleisi\u00e4 tilausehtoja sovelletaan oikeussuhteisiin, jotka syntyv\u00e4t tilattaessa urheiluravintoa ja -tarvikkeita Enervit Estonian (j\u00e4ljemp\u00e4n\u00e4 Enervit.ee) verkkosivuston www.enervit.ee (j\u00e4ljemp\u00e4n\u00e4 verkkokauppa) tilausymp\u00e4rist\u00f6n kautta.<\/span><\/p>\n<p><span>N\u00e4iden yleisten tilausehtojen lis\u00e4ksi tilaajan ja Enervit.ee:n v\u00e4lisi\u00e4 suhteita s\u00e4\u00e4telev\u00e4t Viron tasavallassa voimassa olevat s\u00e4\u00e4d\u00f6kset, verkkokaupan hinnasto ja vakiintuneet hyv\u00e4t k\u00e4yt\u00e4nn\u00f6t.<\/span><\/p>\n<p><span>1. Tuotteiden tilausmenettely<\/span><\/p>\n<p><span>1.1. Tuotteiden tilaamista varten asiakkaan ei tarvitse rekister\u00f6ity\u00e4 Enervit.fi-verkkoymp\u00e4rist\u00f6\u00f6n k\u00e4ytt\u00e4j\u00e4ksi.<\/span><\/p>\n<p><span>1.2. Rekister\u00f6innin yhteydess\u00e4 Enervit.ee l\u00e4hett\u00e4\u00e4 tilaajan ilmoittamaan s\u00e4hk\u00f6postiosoitteeseen viestin, jossa on ohjeet k\u00e4ytt\u00e4j\u00e4tilin aktivoimiseksi.<\/span><\/p>\n<p><span>1.3. K\u00e4ytt\u00e4j\u00e4tilin aktivoinnin j\u00e4lkeen tilaaja voi kirjautua Enervit.ee-verkkoymp\u00e4rist\u00f6\u00f6n ja tehd\u00e4 tilauksia itse m\u00e4\u00e4ritt\u00e4mill\u00e4\u00e4n k\u00e4ytt\u00e4j\u00e4tunnuksilla.<\/span><\/p>\n<p><span>1.4. Asiakas valitsee haluamansa tuotteet, m\u00e4\u00e4ritt\u00e4\u00e4 kunkin tuotteen tarvittavat parametrit, jos niit\u00e4 on, maksutavan ja toimitustavan, ja vahvistaa tilauksen.<\/span><\/p>\n<p><span>1.5. Toimitusmaksu lis\u00e4t\u00e4\u00e4n tilattujen tuotteiden hintaan asiakkaan valitsemalla toimitustavalla.<\/span><\/p>\n<p><span>1.6. Asiakas voi maksaa vahvistetun tilauksen maksutilauksella.<\/span><\/p>\n<p><span>1.7. Tilaus tulee voimaan, kun tilattujen tuotteiden maksettu summa on saapunut NutriMedical O\u00dc:n pankkitilille. Enervit.ee ilmoittaa tilaajalle tilauksen voimaanastumisesta s\u00e4hk\u00f6postitse. <\/span><\/p>\n<p><span>1.8. Enervit.ee toimittaa tilatut tuotteet asiakkaalle t\u00e4m\u00e4n valitseman toimitustavan mukaisesti tilauksen tekemisen yhteydess\u00e4: joko pakettiautomaattiin tai asiakas voi noutaa tuotteet itse Tallinnan myym\u00e4l\u00e4st\u00e4. Lis\u00e4tietoja toimituksesta l\u00f6ytyy t\u00e4\u00e4lt\u00e4: &#8221;Kuljetus&#8221;. <\/span><\/p>\n<p><span>2. Tilaajan oikeudet<\/span><\/p>\n<p><span>2.1. Asiakkaalla on oikeus tilata tuotteita verkkokaupasta Enervit.ee:n asettamalla hinnalla ja vakiintuneilla ehdoilla.<\/span><\/p>\n<p><span>2.2. Asiakkaalle l\u00e4hetetyt tuotteet on oltava oikein ja t\u00e4ydellisi\u00e4 sek\u00e4 Enervit.ee:n asettamien ehtojen mukaisia.<\/span><\/p>\n<p><span>2.3. Asiakkaalla on oikeus tehd\u00e4 vaateita tuotteen tilauksesta ja itse tuotteesta Enervit.ee:lle osoitteeseen T\u00fcri katu 3, 11313, Tallinna tai s\u00e4hk\u00f6postiosoitteeseen info@enervit.ee 30 p\u00e4iv\u00e4n kuluessa l\u00e4hetyksen vastaanottamisesta.<\/span><\/p>\n<p><span>2.4. Asiakkaalla on oikeus peruuttaa tuotetilaus 14 p\u00e4iv\u00e4n kuluessa tilauksen tekemisest\u00e4 aina toimituksen vastaanottamiseen saakka. Tilaus peruutetaan toimittamalla Enervit.ee:lle kirjallinen tai s\u00e4hk\u00f6postihakemus osoitteeseen T\u00fcri katu 3, 11313, Tallinna tai s\u00e4hk\u00f6postiosoitteeseen info@enervit.ee. <\/span><\/p>\n<p><span>Asiakkaan on ilmoitettava tilauksen peruuttamista koskevassa kirjallisessa hakemuksessa pankkitilin numero ja haltija, jolle rahat siirret\u00e4\u00e4n. enervit.ee ei tee k\u00e4teispalautuksia. Jos Asiakas peruuttaa tilauksen, Asiakas sitoutuu palauttamaan k\u00e4ytt\u00e4m\u00e4tt\u00f6m\u00e4t ja vahingoittumattomat tuotteet viipym\u00e4tt\u00e4, kuitenkin viimeist\u00e4\u00e4n 30 p\u00e4iv\u00e4n kuluessa peruutuspyynn\u00f6n l\u00e4hett\u00e4misest\u00e4. Enervit.ee palauttaa Asiakkaalle palautetuista tuotteista maksetun summan toimituskuluja lukuun ottamatta viimeist\u00e4\u00e4n 30 p\u00e4iv\u00e4n kuluessa peruutusilmoituksen ja tuotteiden vastaanottamisesta. Palautuskulut maksaa Asiakas. Palautettavien tuotteiden on oltava alkuper\u00e4ispakkauksissaan, tarroineen ja k\u00e4ytt\u00e4m\u00e4tt\u00f6min\u00e4. Jos tuotteet on mahdollista vaihtaa, asiakas maksaa toimituskulut.      <\/span><\/p>\n<p><span>3. Asiakkaan velvollisuudet<\/span><\/p>\n<p><span>3.1. Tilauksen tekemisen yhteydess\u00e4 asiakkaan on annettava tarvittavat tiedot tilauksen toteuttamista varten \u2013 etunimi ja sukunimi, tarkka osoite (katu, talonnumero, korttelinumero, postinumero, kaupunki\/asutus tai kyl\u00e4\/kunta), yhteydenottopuhelinnumero Virossa ja s\u00e4hk\u00f6postiosoite. Toimitusehdot ovat voimassa vain Viron tasavallan alueella. Jos haluat tilata ulkomaille, ota yhteytt\u00e4 asiakaspalveluun.  <\/span><\/p>\n<p><span>3.2. Jos asiakas ja l\u00e4hetyksen vastaanottaja ovat eri henkil\u00f6t, asiakkaan on annettava kohdassa 3.1. my\u00f6s vastaanottajasta kiinte\u00e4t tiedot. <\/span><\/p>\n<p><span>3.3. Jos asiakkaan antamat tiedot ovat virheellisi\u00e4 ja\/tai puutteellisia eiv\u00e4tk\u00e4 vastaa kohdan 3.1. vaadittuja tietoja, Enervit.ee ei takaa tilauksen oikea-aikaista toteuttamista. Jos mahdollista, Enervit.ee ottaa yhteytt\u00e4 tilaajaan selvitt\u00e4\u00e4kseen virheelliset tai puutteelliset tiedot. Asiakas on vastuussa toimituksen viiv\u00e4stymisest\u00e4, jos virheellisesti ja ep\u00e4selv\u00e4sti ilmoitettua toimitusosoitetta ei l\u00f6ydy.   <\/span><\/p>\n<p><span>3.4. Tilauksen viimeistelem\u00e4ll\u00e4 asiakas vahvistaa hyv\u00e4ksyv\u00e4ns\u00e4 tilausehdot ja sitoutuu t\u00e4ytt\u00e4m\u00e4\u00e4n ne.<\/span><\/p>\n<p><span>4. Valvottavan oikeudet<\/span><\/p>\n<p><span>4.1. Mik\u00e4li tilaaja ei t\u00e4yt\u00e4 h\u00e4nelle annettuja tilausehtoja, Enervit.ee ei takaa tilauksen voimaantuloa ja\/tai l\u00e4hetyksen oikea-aikaista l\u00e4hett\u00e4mist\u00e4.<\/span><\/p>\n<p><span>5. Enervit.ee:n velvollisuudet<\/span><\/p>\n<p><span>5.1. Enervit.ee sitoutuu toimittamaan oikean ja t\u00e4ydellisen tilauksen asiakkaalle.<\/span><\/p>\n<p><span>5.2. Enervit.ee sitoutuu vastaanottamaan ja dokumentoimaan kaikki tilaajan vaateet.<\/span><\/p>\n<p><span>5.3. Enervit.ee sitoutuu ratkaisemaan asiakkaan vaateen, jos vaateen syyt ovat asiakkaan hallinnan ulkopuolella. Jos vaateen syy on asiakkaasta johtuva, asiakkaan on poistettava se v\u00e4litt\u00f6m\u00e4sti. <\/span><\/p>\n<p><span>5.4. Verkkokuluttajariitojen ratkaisum\u00e4\u00e4r\u00e4ys (EU) N:o 524\/2013<\/span><\/p>\n<p><span>5.5. Verkkokauppa- tai palveluhankintakauppasopimuksista johtuvat riidat kuluttajan ja kauppiaan v\u00e4lill\u00e4 voidaan vied\u00e4 EU:n verkkoriitojenratkaisualustalle (&#8221;ODR-alusta&#8221;). ODR-alusta on saatavilla osoitteessa: http:\/\/ec.europa.eu\/consumers\/odr\/ <\/span><\/p>\t\t\t\t\t\t\t\t<\/div>\n\t\t\t\t<\/div>\n\t\t\t\t<\/div>\n\t\t\t\t\t<\/div>\n\t\t\t\t<\/div>\n\t\t\t\t<\/div>\n\t\t","protected":false},"excerpt":{"rendered":"<p>Tilausehdot NutriMedical O\u00dc \/ www.enervit.ee Yleist\u00e4 Yleisi\u00e4 tilausehtoja sovelletaan oikeussuhteisiin, jotka syntyv\u00e4t tilattaessa urheiluravintoa ja -tarvikkeita Enervit Estonian (j\u00e4ljemp\u00e4n\u00e4 Enervit.ee) verkkosivuston www.enervit.ee (j\u00e4ljemp\u00e4n\u00e4 verkkokauppa) tilausymp\u00e4rist\u00f6n kautta. N\u00e4iden yleisten tilausehtojen lis\u00e4ksi tilaajan ja Enervit.ee:n v\u00e4lisi\u00e4 suhteita s\u00e4\u00e4telev\u00e4t Viron tasavallassa voimassa olevat s\u00e4\u00e4d\u00f6kset, verkkokaupan hinnasto ja vakiintuneet hyv\u00e4t k\u00e4yt\u00e4nn\u00f6t. 1. Tuotteiden tilausmenettely 1.1. Tuotteiden tilaamista varten asiakkaan [&hellip;]<\/p>\n","protected":false},"author":1,"featured_media":0,"parent":0,"menu_order":0,"comment_status":"closed","ping_status":"closed","template":"elementor_header_footer","meta":{"_acf_changed":false,"footnotes":""},"class_list":["post-1638","page","type-page","status-publish","hentry"],"acf":[],"yoast_head":"<!-- This site is optimized with the Yoast SEO plugin v27.1.1 - https:\/\/yoast.com\/product\/yoast-seo-wordpress\/ -->\n<title>Myyntiehdot - Enervit<\/title>\n<meta name=\"robots\" content=\"index, follow, max-snippet:-1, max-image-preview:large, max-video-preview:-1\" \/>\n<link rel=\"canonical\" href=\"https:\/\/enervit.ee\/fi\/myyntiehdot\/\" \/>\n<meta property=\"og:locale\" content=\"fi_FI\" \/>\n<meta property=\"og:type\" content=\"article\" \/>\n<meta property=\"og:title\" content=\"Myyntiehdot - Enervit\" \/>\n<meta property=\"og:description\" content=\"Tilausehdot NutriMedical O\u00dc \/ www.enervit.ee Yleist\u00e4 Yleisi\u00e4 tilausehtoja sovelletaan oikeussuhteisiin, jotka syntyv\u00e4t tilattaessa urheiluravintoa ja -tarvikkeita Enervit Estonian (j\u00e4ljemp\u00e4n\u00e4 Enervit.ee) verkkosivuston www.enervit.ee (j\u00e4ljemp\u00e4n\u00e4 verkkokauppa) tilausymp\u00e4rist\u00f6n kautta. N\u00e4iden yleisten tilausehtojen lis\u00e4ksi tilaajan ja Enervit.ee:n v\u00e4lisi\u00e4 suhteita s\u00e4\u00e4telev\u00e4t Viron tasavallassa voimassa olevat s\u00e4\u00e4d\u00f6kset, verkkokaupan hinnasto ja vakiintuneet hyv\u00e4t k\u00e4yt\u00e4nn\u00f6t. 1. Tuotteiden tilausmenettely 1.1. Tuotteiden tilaamista varten asiakkaan [&hellip;]\" \/>\n<meta property=\"og:url\" content=\"https:\/\/enervit.ee\/fi\/myyntiehdot\/\" \/>\n<meta property=\"og:site_name\" content=\"Enervit\" \/>\n<meta property=\"article:modified_time\" content=\"2025-04-29T10:19:55+00:00\" \/>\n<meta name=\"twitter:card\" content=\"summary_large_image\" \/>\n<meta name=\"twitter:label1\" content=\"Arvioitu lukuaika\" \/>\n\t<meta name=\"twitter:data1\" content=\"3 minuuttia\" \/>\n<script type=\"application\/ld+json\" class=\"yoast-schema-graph\">{\"@context\":\"https:\/\/schema.org\",\"@graph\":[{\"@type\":\"WebPage\",\"@id\":\"https:\/\/enervit.ee\/fi\/myyntiehdot\/\",\"url\":\"https:\/\/enervit.ee\/fi\/myyntiehdot\/\",\"name\":\"Myyntiehdot - Enervit\",\"isPartOf\":{\"@id\":\"https:\/\/enervit.ee\/fi\/#website\"},\"datePublished\":\"2024-10-22T09:00:58+00:00\",\"dateModified\":\"2025-04-29T10:19:55+00:00\",\"breadcrumb\":{\"@id\":\"https:\/\/enervit.ee\/fi\/myyntiehdot\/#breadcrumb\"},\"inLanguage\":\"fi\",\"potentialAction\":[{\"@type\":\"ReadAction\",\"target\":[\"https:\/\/enervit.ee\/fi\/myyntiehdot\/\"]}]},{\"@type\":\"BreadcrumbList\",\"@id\":\"https:\/\/enervit.ee\/fi\/myyntiehdot\/#breadcrumb\",\"itemListElement\":[{\"@type\":\"ListItem\",\"position\":1,\"name\":\"Home\",\"item\":\"https:\/\/enervit.ee\/fi\/kotisivu\/\"},{\"@type\":\"ListItem\",\"position\":2,\"name\":\"Myyntiehdot\"}]},{\"@type\":\"WebSite\",\"@id\":\"https:\/\/enervit.ee\/fi\/#website\",\"url\":\"https:\/\/enervit.ee\/fi\/\",\"name\":\"Enervit\",\"description\":\"\",\"publisher\":{\"@id\":\"https:\/\/enervit.ee\/fi\/#organization\"},\"potentialAction\":[{\"@type\":\"SearchAction\",\"target\":{\"@type\":\"EntryPoint\",\"urlTemplate\":\"https:\/\/enervit.ee\/fi\/?s={search_term_string}\"},\"query-input\":{\"@type\":\"PropertyValueSpecification\",\"valueRequired\":true,\"valueName\":\"search_term_string\"}}],\"inLanguage\":\"fi\"},{\"@type\":\"Organization\",\"@id\":\"https:\/\/enervit.ee\/fi\/#organization\",\"name\":\"Enervit\",\"url\":\"https:\/\/enervit.ee\/fi\/\",\"logo\":{\"@type\":\"ImageObject\",\"inLanguage\":\"fi\",\"@id\":\"https:\/\/enervit.ee\/fi\/#\/schema\/logo\/image\/\",\"url\":\"https:\/\/enervit.ee\/wp-content\/uploads\/2024\/09\/Enervit_logo.png\",\"contentUrl\":\"https:\/\/enervit.ee\/wp-content\/uploads\/2024\/09\/Enervit_logo.png\",\"width\":582,\"height\":582,\"caption\":\"Enervit\"},\"image\":{\"@id\":\"https:\/\/enervit.ee\/fi\/#\/schema\/logo\/image\/\"}}]}<\/script>\n<!-- \/ Yoast SEO plugin. -->","yoast_head_json":{"title":"Myyntiehdot - Enervit","robots":{"index":"index","follow":"follow","max-snippet":"max-snippet:-1","max-image-preview":"max-image-preview:large","max-video-preview":"max-video-preview:-1"},"canonical":"https:\/\/enervit.ee\/fi\/myyntiehdot\/","og_locale":"fi_FI","og_type":"article","og_title":"Myyntiehdot - Enervit","og_description":"Tilausehdot NutriMedical O\u00dc \/ www.enervit.ee Yleist\u00e4 Yleisi\u00e4 tilausehtoja sovelletaan oikeussuhteisiin, jotka syntyv\u00e4t tilattaessa urheiluravintoa ja -tarvikkeita Enervit Estonian (j\u00e4ljemp\u00e4n\u00e4 Enervit.ee) verkkosivuston www.enervit.ee (j\u00e4ljemp\u00e4n\u00e4 verkkokauppa) tilausymp\u00e4rist\u00f6n kautta. N\u00e4iden yleisten tilausehtojen lis\u00e4ksi tilaajan ja Enervit.ee:n v\u00e4lisi\u00e4 suhteita s\u00e4\u00e4telev\u00e4t Viron tasavallassa voimassa olevat s\u00e4\u00e4d\u00f6kset, verkkokaupan hinnasto ja vakiintuneet hyv\u00e4t k\u00e4yt\u00e4nn\u00f6t. 1. Tuotteiden tilausmenettely 1.1. Tuotteiden tilaamista varten asiakkaan [&hellip;]","og_url":"https:\/\/enervit.ee\/fi\/myyntiehdot\/","og_site_name":"Enervit","article_modified_time":"2025-04-29T10:19:55+00:00","twitter_card":"summary_large_image","twitter_misc":{"Arvioitu lukuaika":"3 minuuttia"},"schema":{"@context":"https:\/\/schema.org","@graph":[{"@type":"WebPage","@id":"https:\/\/enervit.ee\/fi\/myyntiehdot\/","url":"https:\/\/enervit.ee\/fi\/myyntiehdot\/","name":"Myyntiehdot - Enervit","isPartOf":{"@id":"https:\/\/enervit.ee\/fi\/#website"},"datePublished":"2024-10-22T09:00:58+00:00","dateModified":"2025-04-29T10:19:55+00:00","breadcrumb":{"@id":"https:\/\/enervit.ee\/fi\/myyntiehdot\/#breadcrumb"},"inLanguage":"fi","potentialAction":[{"@type":"ReadAction","target":["https:\/\/enervit.ee\/fi\/myyntiehdot\/"]}]},{"@type":"BreadcrumbList","@id":"https:\/\/enervit.ee\/fi\/myyntiehdot\/#breadcrumb","itemListElement":[{"@type":"ListItem","position":1,"name":"Home","item":"https:\/\/enervit.ee\/fi\/kotisivu\/"},{"@type":"ListItem","position":2,"name":"Myyntiehdot"}]},{"@type":"WebSite","@id":"https:\/\/enervit.ee\/fi\/#website","url":"https:\/\/enervit.ee\/fi\/","name":"Enervit","description":"","publisher":{"@id":"https:\/\/enervit.ee\/fi\/#organization"},"potentialAction":[{"@type":"SearchAction","target":{"@type":"EntryPoint","urlTemplate":"https:\/\/enervit.ee\/fi\/?s={search_term_string}"},"query-input":{"@type":"PropertyValueSpecification","valueRequired":true,"valueName":"search_term_string"}}],"inLanguage":"fi"},{"@type":"Organization","@id":"https:\/\/enervit.ee\/fi\/#organization","name":"Enervit","url":"https:\/\/enervit.ee\/fi\/","logo":{"@type":"ImageObject","inLanguage":"fi","@id":"https:\/\/enervit.ee\/fi\/#\/schema\/logo\/image\/","url":"https:\/\/enervit.ee\/wp-content\/uploads\/2024\/09\/Enervit_logo.png","contentUrl":"https:\/\/enervit.ee\/wp-content\/uploads\/2024\/09\/Enervit_logo.png","width":582,"height":582,"caption":"Enervit"},"image":{"@id":"https:\/\/enervit.ee\/fi\/#\/schema\/logo\/image\/"}}]}},"_links":{"self":[{"href":"https:\/\/enervit.ee\/fi\/wp-json\/wp\/v2\/pages\/1638","targetHints":{"allow":["GET"]}}],"collection":[{"href":"https:\/\/enervit.ee\/fi\/wp-json\/wp\/v2\/pages"}],"about":[{"href":"https:\/\/enervit.ee\/fi\/wp-json\/wp\/v2\/types\/page"}],"author":[{"embeddable":true,"href":"https:\/\/enervit.ee\/fi\/wp-json\/wp\/v2\/users\/1"}],"replies":[{"embeddable":true,"href":"https:\/\/enervit.ee\/fi\/wp-json\/wp\/v2\/comments?post=1638"}],"version-history":[{"count":3,"href":"https:\/\/enervit.ee\/fi\/wp-json\/wp\/v2\/pages\/1638\/revisions"}],"predecessor-version":[{"id":4899,"href":"https:\/\/enervit.ee\/fi\/wp-json\/wp\/v2\/pages\/1638\/revisions\/4899"}],"wp:attachment":[{"href":"https:\/\/enervit.ee\/fi\/wp-json\/wp\/v2\/media?parent=1638"}],"curies":[{"name":"wp","href":"https:\/\/api.w.org\/{rel}","templated":true}]}}