{"id":4909,"date":"2025-04-07T16:16:11","date_gmt":"2025-04-07T13:16:11","guid":{"rendered":"https:\/\/enervit.ee\/product\/enervit-c21-carbo-bar-45g-salty-peanut-butter\/"},"modified":"2026-03-14T20:52:23","modified_gmt":"2026-03-14T18:52:23","slug":"enervit-c21-carbo-bar-45g-salty-peanut-butter","status":"publish","type":"product","link":"https:\/\/enervit.ee\/fi\/product\/enervit-c21-carbo-bar-45g-salty-peanut-butter\/","title":{"rendered":"Enervit C2:1 Carbo Bar 45g Salty Peanut Butter"},"content":{"rendered":"","protected":false},"excerpt":{"rendered":"<p><strong>Kaurapohjainen energiapatukka glukoosilla ja fruktoosilla sek\u00e4 B1-vitamiinilla<br \/>\n<\/strong>-Korkean energian patentoitu kaava<br \/>\n-30 g hiilihydraatteja per patukka<br \/>\n-Vain 5 % rasvaa<br \/>\n-Gluteeniton<br \/>\n-Suolainen Maap\u00e4hkin\u00e4voi -maku<\/p>\n","protected":false},"featured_media":4682,"template":"","meta":{"_acf_changed":false},"product_brand":[],"product_cat":[91],"product_tag":[],"class_list":{"0":"post-4909","1":"product","2":"type-product","3":"status-publish","4":"has-post-thumbnail","6":"product_cat-urheiluravitsemus","8":"first","9":"instock","10":"shipping-taxable","11":"purchasable","12":"product-type-simple"},"acf":[],"yoast_head":"<!-- This site is optimized with the Yoast SEO plugin v27.1.1 - https:\/\/yoast.com\/product\/yoast-seo-wordpress\/ -->\n<title>Enervit C2:1 Carbo Bar 45g Salty Peanut Butter - Enervit<\/title>\n<meta name=\"robots\" content=\"index, follow, max-snippet:-1, max-image-preview:large, max-video-preview:-1\" \/>\n<link rel=\"canonical\" href=\"https:\/\/enervit.ee\/fi\/product\/enervit-c21-carbo-bar-45g-salty-peanut-butter\/\" \/>\n<meta property=\"og:locale\" content=\"fi_FI\" \/>\n<meta property=\"og:type\" content=\"article\" \/>\n<meta property=\"og:title\" content=\"Enervit C2:1 Carbo Bar 45g Salty Peanut Butter - Enervit\" \/>\n<meta property=\"og:description\" content=\"Kaurapohjainen energiapatukka glukoosilla ja fruktoosilla sek\u00e4 B1-vitamiinilla -Korkean energian patentoitu kaava -30 g hiilihydraatteja per patukka -Vain 5 % rasvaa -Gluteeniton -Suolainen Maap\u00e4hkin\u00e4voi -maku\" \/>\n<meta property=\"og:url\" content=\"https:\/\/enervit.ee\/fi\/product\/enervit-c21-carbo-bar-45g-salty-peanut-butter\/\" \/>\n<meta property=\"og:site_name\" content=\"Enervit\" \/>\n<meta property=\"article:modified_time\" content=\"2026-03-14T18:52:23+00:00\" \/>\n<meta property=\"og:image\" content=\"https:\/\/enervit.ee\/wp-content\/uploads\/2025\/04\/carbo-bar-salty-786x818-1.png\" \/>\n\t<meta property=\"og:image:width\" content=\"818\" \/>\n\t<meta property=\"og:image:height\" content=\"818\" \/>\n\t<meta property=\"og:image:type\" content=\"image\/png\" \/>\n<meta name=\"twitter:card\" content=\"summary_large_image\" \/>\n<script type=\"application\/ld+json\" class=\"yoast-schema-graph\">{\"@context\":\"https:\/\/schema.org\",\"@graph\":[{\"@type\":\"WebPage\",\"@id\":\"https:\/\/enervit.ee\/fi\/product\/enervit-c21-carbo-bar-45g-salty-peanut-butter\/\",\"url\":\"https:\/\/enervit.ee\/fi\/product\/enervit-c21-carbo-bar-45g-salty-peanut-butter\/\",\"name\":\"Enervit C2:1 Carbo Bar 45g Salty Peanut Butter - Enervit\",\"isPartOf\":{\"@id\":\"https:\/\/enervit.ee\/fi\/#website\"},\"primaryImageOfPage\":{\"@id\":\"https:\/\/enervit.ee\/fi\/product\/enervit-c21-carbo-bar-45g-salty-peanut-butter\/#primaryimage\"},\"image\":{\"@id\":\"https:\/\/enervit.ee\/fi\/product\/enervit-c21-carbo-bar-45g-salty-peanut-butter\/#primaryimage\"},\"thumbnailUrl\":\"https:\/\/enervit.ee\/wp-content\/uploads\/2025\/04\/carbo-bar-salty-786x818-1.png\",\"datePublished\":\"2025-04-07T13:16:11+00:00\",\"dateModified\":\"2026-03-14T18:52:23+00:00\",\"breadcrumb\":{\"@id\":\"https:\/\/enervit.ee\/fi\/product\/enervit-c21-carbo-bar-45g-salty-peanut-butter\/#breadcrumb\"},\"inLanguage\":\"fi\",\"potentialAction\":[{\"@type\":\"ReadAction\",\"target\":[\"https:\/\/enervit.ee\/fi\/product\/enervit-c21-carbo-bar-45g-salty-peanut-butter\/\"]}]},{\"@type\":\"ImageObject\",\"inLanguage\":\"fi\",\"@id\":\"https:\/\/enervit.ee\/fi\/product\/enervit-c21-carbo-bar-45g-salty-peanut-butter\/#primaryimage\",\"url\":\"https:\/\/enervit.ee\/wp-content\/uploads\/2025\/04\/carbo-bar-salty-786x818-1.png\",\"contentUrl\":\"https:\/\/enervit.ee\/wp-content\/uploads\/2025\/04\/carbo-bar-salty-786x818-1.png\",\"width\":818,\"height\":818,\"caption\":\"C2:1 Energiapatukka Suolainen Maap\u00e4hkin\u00e4voi on lis\u00e4tty natriumilla, ja se sopii t\u00e4ydellisesti pidemp\u00e4\u00e4n harjoitteluun tai v\u00e4lipalaksi.\"},{\"@type\":\"BreadcrumbList\",\"@id\":\"https:\/\/enervit.ee\/fi\/product\/enervit-c21-carbo-bar-45g-salty-peanut-butter\/#breadcrumb\",\"itemListElement\":[{\"@type\":\"ListItem\",\"position\":1,\"name\":\"Home\",\"item\":\"https:\/\/enervit.ee\/fi\/kotisivu\/\"},{\"@type\":\"ListItem\",\"position\":2,\"name\":\"Verkkokauppa\",\"item\":\"https:\/\/enervit.ee\/fi\/shop\/\"},{\"@type\":\"ListItem\",\"position\":3,\"name\":\"Enervit C2:1 Carbo Bar 45g Salty Peanut Butter\"}]},{\"@type\":\"WebSite\",\"@id\":\"https:\/\/enervit.ee\/fi\/#website\",\"url\":\"https:\/\/enervit.ee\/fi\/\",\"name\":\"Enervit\",\"description\":\"\",\"publisher\":{\"@id\":\"https:\/\/enervit.ee\/fi\/#organization\"},\"potentialAction\":[{\"@type\":\"SearchAction\",\"target\":{\"@type\":\"EntryPoint\",\"urlTemplate\":\"https:\/\/enervit.ee\/fi\/?s={search_term_string}\"},\"query-input\":{\"@type\":\"PropertyValueSpecification\",\"valueRequired\":true,\"valueName\":\"search_term_string\"}}],\"inLanguage\":\"fi\"},{\"@type\":\"Organization\",\"@id\":\"https:\/\/enervit.ee\/fi\/#organization\",\"name\":\"Enervit\",\"url\":\"https:\/\/enervit.ee\/fi\/\",\"logo\":{\"@type\":\"ImageObject\",\"inLanguage\":\"fi\",\"@id\":\"https:\/\/enervit.ee\/fi\/#\/schema\/logo\/image\/\",\"url\":\"https:\/\/enervit.ee\/wp-content\/uploads\/2024\/09\/Enervit_logo.png\",\"contentUrl\":\"https:\/\/enervit.ee\/wp-content\/uploads\/2024\/09\/Enervit_logo.png\",\"width\":582,\"height\":582,\"caption\":\"Enervit\"},\"image\":{\"@id\":\"https:\/\/enervit.ee\/fi\/#\/schema\/logo\/image\/\"}}]}<\/script>\n<!-- \/ Yoast SEO plugin. -->","yoast_head_json":{"title":"Enervit C2:1 Carbo Bar 45g Salty Peanut Butter - Enervit","robots":{"index":"index","follow":"follow","max-snippet":"max-snippet:-1","max-image-preview":"max-image-preview:large","max-video-preview":"max-video-preview:-1"},"canonical":"https:\/\/enervit.ee\/fi\/product\/enervit-c21-carbo-bar-45g-salty-peanut-butter\/","og_locale":"fi_FI","og_type":"article","og_title":"Enervit C2:1 Carbo Bar 45g Salty Peanut Butter - Enervit","og_description":"Kaurapohjainen energiapatukka glukoosilla ja fruktoosilla sek\u00e4 B1-vitamiinilla -Korkean energian patentoitu kaava -30 g hiilihydraatteja per patukka -Vain 5 % rasvaa -Gluteeniton -Suolainen Maap\u00e4hkin\u00e4voi -maku","og_url":"https:\/\/enervit.ee\/fi\/product\/enervit-c21-carbo-bar-45g-salty-peanut-butter\/","og_site_name":"Enervit","article_modified_time":"2026-03-14T18:52:23+00:00","og_image":[{"width":818,"height":818,"url":"https:\/\/enervit.ee\/wp-content\/uploads\/2025\/04\/carbo-bar-salty-786x818-1.png","type":"image\/png"}],"twitter_card":"summary_large_image","schema":{"@context":"https:\/\/schema.org","@graph":[{"@type":"WebPage","@id":"https:\/\/enervit.ee\/fi\/product\/enervit-c21-carbo-bar-45g-salty-peanut-butter\/","url":"https:\/\/enervit.ee\/fi\/product\/enervit-c21-carbo-bar-45g-salty-peanut-butter\/","name":"Enervit C2:1 Carbo Bar 45g Salty Peanut Butter - Enervit","isPartOf":{"@id":"https:\/\/enervit.ee\/fi\/#website"},"primaryImageOfPage":{"@id":"https:\/\/enervit.ee\/fi\/product\/enervit-c21-carbo-bar-45g-salty-peanut-butter\/#primaryimage"},"image":{"@id":"https:\/\/enervit.ee\/fi\/product\/enervit-c21-carbo-bar-45g-salty-peanut-butter\/#primaryimage"},"thumbnailUrl":"https:\/\/enervit.ee\/wp-content\/uploads\/2025\/04\/carbo-bar-salty-786x818-1.png","datePublished":"2025-04-07T13:16:11+00:00","dateModified":"2026-03-14T18:52:23+00:00","breadcrumb":{"@id":"https:\/\/enervit.ee\/fi\/product\/enervit-c21-carbo-bar-45g-salty-peanut-butter\/#breadcrumb"},"inLanguage":"fi","potentialAction":[{"@type":"ReadAction","target":["https:\/\/enervit.ee\/fi\/product\/enervit-c21-carbo-bar-45g-salty-peanut-butter\/"]}]},{"@type":"ImageObject","inLanguage":"fi","@id":"https:\/\/enervit.ee\/fi\/product\/enervit-c21-carbo-bar-45g-salty-peanut-butter\/#primaryimage","url":"https:\/\/enervit.ee\/wp-content\/uploads\/2025\/04\/carbo-bar-salty-786x818-1.png","contentUrl":"https:\/\/enervit.ee\/wp-content\/uploads\/2025\/04\/carbo-bar-salty-786x818-1.png","width":818,"height":818,"caption":"C2:1 Energiapatukka Suolainen Maap\u00e4hkin\u00e4voi on lis\u00e4tty natriumilla, ja se sopii t\u00e4ydellisesti pidemp\u00e4\u00e4n harjoitteluun tai v\u00e4lipalaksi."},{"@type":"BreadcrumbList","@id":"https:\/\/enervit.ee\/fi\/product\/enervit-c21-carbo-bar-45g-salty-peanut-butter\/#breadcrumb","itemListElement":[{"@type":"ListItem","position":1,"name":"Home","item":"https:\/\/enervit.ee\/fi\/kotisivu\/"},{"@type":"ListItem","position":2,"name":"Verkkokauppa","item":"https:\/\/enervit.ee\/fi\/shop\/"},{"@type":"ListItem","position":3,"name":"Enervit C2:1 Carbo Bar 45g Salty Peanut Butter"}]},{"@type":"WebSite","@id":"https:\/\/enervit.ee\/fi\/#website","url":"https:\/\/enervit.ee\/fi\/","name":"Enervit","description":"","publisher":{"@id":"https:\/\/enervit.ee\/fi\/#organization"},"potentialAction":[{"@type":"SearchAction","target":{"@type":"EntryPoint","urlTemplate":"https:\/\/enervit.ee\/fi\/?s={search_term_string}"},"query-input":{"@type":"PropertyValueSpecification","valueRequired":true,"valueName":"search_term_string"}}],"inLanguage":"fi"},{"@type":"Organization","@id":"https:\/\/enervit.ee\/fi\/#organization","name":"Enervit","url":"https:\/\/enervit.ee\/fi\/","logo":{"@type":"ImageObject","inLanguage":"fi","@id":"https:\/\/enervit.ee\/fi\/#\/schema\/logo\/image\/","url":"https:\/\/enervit.ee\/wp-content\/uploads\/2024\/09\/Enervit_logo.png","contentUrl":"https:\/\/enervit.ee\/wp-content\/uploads\/2024\/09\/Enervit_logo.png","width":582,"height":582,"caption":"Enervit"},"image":{"@id":"https:\/\/enervit.ee\/fi\/#\/schema\/logo\/image\/"}}]}},"_links":{"self":[{"href":"https:\/\/enervit.ee\/fi\/wp-json\/wp\/v2\/product\/4909","targetHints":{"allow":["GET"]}}],"collection":[{"href":"https:\/\/enervit.ee\/fi\/wp-json\/wp\/v2\/product"}],"about":[{"href":"https:\/\/enervit.ee\/fi\/wp-json\/wp\/v2\/types\/product"}],"wp:featuredmedia":[{"embeddable":true,"href":"https:\/\/enervit.ee\/fi\/wp-json\/wp\/v2\/media\/4682"}],"wp:attachment":[{"href":"https:\/\/enervit.ee\/fi\/wp-json\/wp\/v2\/media?parent=4909"}],"wp:term":[{"taxonomy":"product_brand","embeddable":true,"href":"https:\/\/enervit.ee\/fi\/wp-json\/wp\/v2\/product_brand?post=4909"},{"taxonomy":"product_cat","embeddable":true,"href":"https:\/\/enervit.ee\/fi\/wp-json\/wp\/v2\/product_cat?post=4909"},{"taxonomy":"product_tag","embeddable":true,"href":"https:\/\/enervit.ee\/fi\/wp-json\/wp\/v2\/product_tag?post=4909"}],"curies":[{"name":"wp","href":"https:\/\/api.w.org\/{rel}","templated":true}]}}