{"id":4910,"date":"2025-03-21T16:36:54","date_gmt":"2025-03-21T14:36:54","guid":{"rendered":"https:\/\/enervit.ee\/product\/c21pro-performance-kit\/"},"modified":"2025-03-21T16:36:54","modified_gmt":"2025-03-21T14:36:54","slug":"c21pro-performance-kit","status":"publish","type":"product","link":"https:\/\/enervit.ee\/fi\/product\/c21pro-performance-kit\/","title":{"rendered":"C2:1PRO Performance Kit"},"content":{"rendered":"","protected":false},"excerpt":{"rendered":"<p>Tutustu ainutlaatuiseen <strong>C2:1PRO Performance Kit<\/strong> -pakettiin, joka valmistaa sinut kisoihisi edistyneimm\u00e4ll\u00e4 energian urheilulis\u00e4aineiden sarjalla, joka perustuu glukoosiin ja fruktoosiin 2:1-suhteessa.<\/p>\n<p>Mit\u00e4 paketti sis\u00e4lt\u00e4\u00e4:<\/p>\n<p><strong>1 Isocarb C2:1PRO<\/strong> (650 g can)<br \/>\n<strong>1 Carbo Chews C2:1PRO<\/strong> (6 chews pack)<br \/>\n<strong>1 Carbo Jelly C2:1PRO<\/strong> (50 g jelly)<br \/>\n<strong>1 Carbo Gel C2:1PRO<\/strong> <strong>Orange<\/strong> (60 ml gel)<br \/>\n<strong>1 Carbo Gel C2:1PRO Mango<\/strong> (60 ml gel)<br \/>\n<strong>1 Carbo Gel C2:1PRO Lime<\/strong> (60 ml gel)<br \/>\n<strong>1 Carbo Gel C2:1PRO Cola with caffeine<\/strong> (60 ml gel)<br \/>\n<strong>1 Carbo Gel C2:1PRO Lemon with sodium<\/strong> (60 ml gel)<br \/>\n<strong>1 Carbo Bar C2:1PRO Brownie<\/strong> (45 g bar)<br \/>\n<strong>1 Carbo Bar C2:1PRO No Flavour<\/strong> (45 g bar)<br \/>\n<strong>1 Carbo Bar C2:1PRO Salty Peanut Butter<\/strong> (45 g bar)<\/p>\n","protected":false},"featured_media":4734,"template":"","meta":{"_acf_changed":false},"product_brand":[],"product_cat":[91],"product_tag":[],"class_list":{"0":"post-4910","1":"product","2":"type-product","3":"status-publish","4":"has-post-thumbnail","6":"product_cat-urheiluravitsemus","8":"first","9":"instock","10":"sale","11":"shipping-taxable","12":"purchasable","13":"product-type-simple"},"acf":[],"yoast_head":"<!-- This site is optimized with the Yoast SEO plugin v27.1.1 - https:\/\/yoast.com\/product\/yoast-seo-wordpress\/ -->\n<title>C2:1PRO Performance Kit - Enervit<\/title>\n<meta name=\"robots\" content=\"index, follow, max-snippet:-1, max-image-preview:large, max-video-preview:-1\" \/>\n<link rel=\"canonical\" href=\"https:\/\/enervit.ee\/fi\/product\/c21pro-performance-kit\/\" \/>\n<meta property=\"og:locale\" content=\"fi_FI\" \/>\n<meta property=\"og:type\" content=\"article\" \/>\n<meta property=\"og:title\" content=\"C2:1PRO Performance Kit - Enervit\" \/>\n<meta property=\"og:description\" content=\"Tutustu ainutlaatuiseen C2:1PRO Performance Kit -pakettiin, joka valmistaa sinut kisoihisi edistyneimm\u00e4ll\u00e4 energian urheilulis\u00e4aineiden sarjalla, joka perustuu glukoosiin ja fruktoosiin 2:1-suhteessa. Mit\u00e4 paketti sis\u00e4lt\u00e4\u00e4: 1 Isocarb C2:1PRO (650 g can) 1 Carbo Chews C2:1PRO (6 chews pack) 1 Carbo Jelly C2:1PRO (50 g jelly) 1 Carbo Gel C2:1PRO Orange (60 ml gel) 1 Carbo Gel C2:1PRO Mango (60 ml gel) 1 Carbo Gel C2:1PRO Lime (60 ml gel) 1 Carbo Gel C2:1PRO Cola with caffeine (60 ml gel) 1 Carbo Gel C2:1PRO Lemon with sodium (60 ml gel) 1 Carbo Bar C2:1PRO Brownie (45 g bar) 1 Carbo Bar C2:1PRO No Flavour (45 g bar) 1 Carbo Bar C2:1PRO Salty Peanut Butter (45 g bar)\" \/>\n<meta property=\"og:url\" content=\"https:\/\/enervit.ee\/fi\/product\/c21pro-performance-kit\/\" \/>\n<meta property=\"og:site_name\" content=\"Enervit\" \/>\n<meta property=\"og:image\" content=\"https:\/\/enervit.ee\/wp-content\/uploads\/2025\/03\/C2.1-PRO-korge-soorituse-komplekt.png\" \/>\n\t<meta property=\"og:image:width\" content=\"1080\" \/>\n\t<meta property=\"og:image:height\" content=\"1080\" \/>\n\t<meta property=\"og:image:type\" content=\"image\/png\" \/>\n<meta name=\"twitter:card\" content=\"summary_large_image\" \/>\n<script type=\"application\/ld+json\" class=\"yoast-schema-graph\">{\"@context\":\"https:\/\/schema.org\",\"@graph\":[{\"@type\":\"WebPage\",\"@id\":\"https:\/\/enervit.ee\/fi\/product\/c21pro-performance-kit\/\",\"url\":\"https:\/\/enervit.ee\/fi\/product\/c21pro-performance-kit\/\",\"name\":\"C2:1PRO Performance Kit - Enervit\",\"isPartOf\":{\"@id\":\"https:\/\/enervit.ee\/fi\/#website\"},\"primaryImageOfPage\":{\"@id\":\"https:\/\/enervit.ee\/fi\/product\/c21pro-performance-kit\/#primaryimage\"},\"image\":{\"@id\":\"https:\/\/enervit.ee\/fi\/product\/c21pro-performance-kit\/#primaryimage\"},\"thumbnailUrl\":\"https:\/\/enervit.ee\/wp-content\/uploads\/2025\/03\/C2.1-PRO-korge-soorituse-komplekt.png\",\"datePublished\":\"2025-03-21T14:36:54+00:00\",\"breadcrumb\":{\"@id\":\"https:\/\/enervit.ee\/fi\/product\/c21pro-performance-kit\/#breadcrumb\"},\"inLanguage\":\"fi\",\"potentialAction\":[{\"@type\":\"ReadAction\",\"target\":[\"https:\/\/enervit.ee\/fi\/product\/c21pro-performance-kit\/\"]}]},{\"@type\":\"ImageObject\",\"inLanguage\":\"fi\",\"@id\":\"https:\/\/enervit.ee\/fi\/product\/c21pro-performance-kit\/#primaryimage\",\"url\":\"https:\/\/enervit.ee\/wp-content\/uploads\/2025\/03\/C2.1-PRO-korge-soorituse-komplekt.png\",\"contentUrl\":\"https:\/\/enervit.ee\/wp-content\/uploads\/2025\/03\/C2.1-PRO-korge-soorituse-komplekt.png\",\"width\":1080,\"height\":1080},{\"@type\":\"BreadcrumbList\",\"@id\":\"https:\/\/enervit.ee\/fi\/product\/c21pro-performance-kit\/#breadcrumb\",\"itemListElement\":[{\"@type\":\"ListItem\",\"position\":1,\"name\":\"Home\",\"item\":\"https:\/\/enervit.ee\/fi\/kotisivu\/\"},{\"@type\":\"ListItem\",\"position\":2,\"name\":\"Verkkokauppa\",\"item\":\"https:\/\/enervit.ee\/fi\/shop\/\"},{\"@type\":\"ListItem\",\"position\":3,\"name\":\"C2:1PRO Performance Kit\"}]},{\"@type\":\"WebSite\",\"@id\":\"https:\/\/enervit.ee\/fi\/#website\",\"url\":\"https:\/\/enervit.ee\/fi\/\",\"name\":\"Enervit\",\"description\":\"\",\"publisher\":{\"@id\":\"https:\/\/enervit.ee\/fi\/#organization\"},\"potentialAction\":[{\"@type\":\"SearchAction\",\"target\":{\"@type\":\"EntryPoint\",\"urlTemplate\":\"https:\/\/enervit.ee\/fi\/?s={search_term_string}\"},\"query-input\":{\"@type\":\"PropertyValueSpecification\",\"valueRequired\":true,\"valueName\":\"search_term_string\"}}],\"inLanguage\":\"fi\"},{\"@type\":\"Organization\",\"@id\":\"https:\/\/enervit.ee\/fi\/#organization\",\"name\":\"Enervit\",\"url\":\"https:\/\/enervit.ee\/fi\/\",\"logo\":{\"@type\":\"ImageObject\",\"inLanguage\":\"fi\",\"@id\":\"https:\/\/enervit.ee\/fi\/#\/schema\/logo\/image\/\",\"url\":\"https:\/\/enervit.ee\/wp-content\/uploads\/2024\/09\/Enervit_logo.png\",\"contentUrl\":\"https:\/\/enervit.ee\/wp-content\/uploads\/2024\/09\/Enervit_logo.png\",\"width\":582,\"height\":582,\"caption\":\"Enervit\"},\"image\":{\"@id\":\"https:\/\/enervit.ee\/fi\/#\/schema\/logo\/image\/\"}}]}<\/script>\n<!-- \/ Yoast SEO plugin. -->","yoast_head_json":{"title":"C2:1PRO Performance Kit - Enervit","robots":{"index":"index","follow":"follow","max-snippet":"max-snippet:-1","max-image-preview":"max-image-preview:large","max-video-preview":"max-video-preview:-1"},"canonical":"https:\/\/enervit.ee\/fi\/product\/c21pro-performance-kit\/","og_locale":"fi_FI","og_type":"article","og_title":"C2:1PRO Performance Kit - Enervit","og_description":"Tutustu ainutlaatuiseen C2:1PRO Performance Kit -pakettiin, joka valmistaa sinut kisoihisi edistyneimm\u00e4ll\u00e4 energian urheilulis\u00e4aineiden sarjalla, joka perustuu glukoosiin ja fruktoosiin 2:1-suhteessa. Mit\u00e4 paketti sis\u00e4lt\u00e4\u00e4: 1 Isocarb C2:1PRO (650 g can) 1 Carbo Chews C2:1PRO (6 chews pack) 1 Carbo Jelly C2:1PRO (50 g jelly) 1 Carbo Gel C2:1PRO Orange (60 ml gel) 1 Carbo Gel C2:1PRO Mango (60 ml gel) 1 Carbo Gel C2:1PRO Lime (60 ml gel) 1 Carbo Gel C2:1PRO Cola with caffeine (60 ml gel) 1 Carbo Gel C2:1PRO Lemon with sodium (60 ml gel) 1 Carbo Bar C2:1PRO Brownie (45 g bar) 1 Carbo Bar C2:1PRO No Flavour (45 g bar) 1 Carbo Bar C2:1PRO Salty Peanut Butter (45 g bar)","og_url":"https:\/\/enervit.ee\/fi\/product\/c21pro-performance-kit\/","og_site_name":"Enervit","og_image":[{"width":1080,"height":1080,"url":"https:\/\/enervit.ee\/wp-content\/uploads\/2025\/03\/C2.1-PRO-korge-soorituse-komplekt.png","type":"image\/png"}],"twitter_card":"summary_large_image","schema":{"@context":"https:\/\/schema.org","@graph":[{"@type":"WebPage","@id":"https:\/\/enervit.ee\/fi\/product\/c21pro-performance-kit\/","url":"https:\/\/enervit.ee\/fi\/product\/c21pro-performance-kit\/","name":"C2:1PRO Performance Kit - Enervit","isPartOf":{"@id":"https:\/\/enervit.ee\/fi\/#website"},"primaryImageOfPage":{"@id":"https:\/\/enervit.ee\/fi\/product\/c21pro-performance-kit\/#primaryimage"},"image":{"@id":"https:\/\/enervit.ee\/fi\/product\/c21pro-performance-kit\/#primaryimage"},"thumbnailUrl":"https:\/\/enervit.ee\/wp-content\/uploads\/2025\/03\/C2.1-PRO-korge-soorituse-komplekt.png","datePublished":"2025-03-21T14:36:54+00:00","breadcrumb":{"@id":"https:\/\/enervit.ee\/fi\/product\/c21pro-performance-kit\/#breadcrumb"},"inLanguage":"fi","potentialAction":[{"@type":"ReadAction","target":["https:\/\/enervit.ee\/fi\/product\/c21pro-performance-kit\/"]}]},{"@type":"ImageObject","inLanguage":"fi","@id":"https:\/\/enervit.ee\/fi\/product\/c21pro-performance-kit\/#primaryimage","url":"https:\/\/enervit.ee\/wp-content\/uploads\/2025\/03\/C2.1-PRO-korge-soorituse-komplekt.png","contentUrl":"https:\/\/enervit.ee\/wp-content\/uploads\/2025\/03\/C2.1-PRO-korge-soorituse-komplekt.png","width":1080,"height":1080},{"@type":"BreadcrumbList","@id":"https:\/\/enervit.ee\/fi\/product\/c21pro-performance-kit\/#breadcrumb","itemListElement":[{"@type":"ListItem","position":1,"name":"Home","item":"https:\/\/enervit.ee\/fi\/kotisivu\/"},{"@type":"ListItem","position":2,"name":"Verkkokauppa","item":"https:\/\/enervit.ee\/fi\/shop\/"},{"@type":"ListItem","position":3,"name":"C2:1PRO Performance Kit"}]},{"@type":"WebSite","@id":"https:\/\/enervit.ee\/fi\/#website","url":"https:\/\/enervit.ee\/fi\/","name":"Enervit","description":"","publisher":{"@id":"https:\/\/enervit.ee\/fi\/#organization"},"potentialAction":[{"@type":"SearchAction","target":{"@type":"EntryPoint","urlTemplate":"https:\/\/enervit.ee\/fi\/?s={search_term_string}"},"query-input":{"@type":"PropertyValueSpecification","valueRequired":true,"valueName":"search_term_string"}}],"inLanguage":"fi"},{"@type":"Organization","@id":"https:\/\/enervit.ee\/fi\/#organization","name":"Enervit","url":"https:\/\/enervit.ee\/fi\/","logo":{"@type":"ImageObject","inLanguage":"fi","@id":"https:\/\/enervit.ee\/fi\/#\/schema\/logo\/image\/","url":"https:\/\/enervit.ee\/wp-content\/uploads\/2024\/09\/Enervit_logo.png","contentUrl":"https:\/\/enervit.ee\/wp-content\/uploads\/2024\/09\/Enervit_logo.png","width":582,"height":582,"caption":"Enervit"},"image":{"@id":"https:\/\/enervit.ee\/fi\/#\/schema\/logo\/image\/"}}]}},"_links":{"self":[{"href":"https:\/\/enervit.ee\/fi\/wp-json\/wp\/v2\/product\/4910","targetHints":{"allow":["GET"]}}],"collection":[{"href":"https:\/\/enervit.ee\/fi\/wp-json\/wp\/v2\/product"}],"about":[{"href":"https:\/\/enervit.ee\/fi\/wp-json\/wp\/v2\/types\/product"}],"wp:featuredmedia":[{"embeddable":true,"href":"https:\/\/enervit.ee\/fi\/wp-json\/wp\/v2\/media\/4734"}],"wp:attachment":[{"href":"https:\/\/enervit.ee\/fi\/wp-json\/wp\/v2\/media?parent=4910"}],"wp:term":[{"taxonomy":"product_brand","embeddable":true,"href":"https:\/\/enervit.ee\/fi\/wp-json\/wp\/v2\/product_brand?post=4910"},{"taxonomy":"product_cat","embeddable":true,"href":"https:\/\/enervit.ee\/fi\/wp-json\/wp\/v2\/product_cat?post=4910"},{"taxonomy":"product_tag","embeddable":true,"href":"https:\/\/enervit.ee\/fi\/wp-json\/wp\/v2\/product_tag?post=4910"}],"curies":[{"name":"wp","href":"https:\/\/api.w.org\/{rel}","templated":true}]}}