{"id":4940,"date":"2025-01-08T10:06:32","date_gmt":"2025-01-08T08:06:32","guid":{"rendered":"https:\/\/enervit.ee\/product\/enervit-thermo-bag-1l-red-white\/"},"modified":"2025-01-08T10:06:32","modified_gmt":"2025-01-08T08:06:32","slug":"enervit-thermo-bag-1l-red-white","status":"publish","type":"product","link":"https:\/\/enervit.ee\/fi\/product\/enervit-thermo-bag-1l-red-white\/","title":{"rendered":"Enervit Thermo Bag 1L red\/white"},"content":{"rendered":"","protected":false},"excerpt":{"rendered":"<p><strong>Ready Thermobag<\/strong> (eristetty), ihanteellinen maastohiihtoon, ammuntaan, vaellukseen, k\u00e4velyyn, lenkkeilyyn, py\u00f6r\u00e4ilyyn, liftaukseen, kalastukseen, mets\u00e4stykseen&#8230;<\/p>\n<p>Anatomisesti muotoiltua READY THERMO BAG -termolaukkua kannetaan vy\u00f6t\u00e4r\u00f6ll\u00e4 \u2013 k\u00e4det pysyv\u00e4t vapaina ja hartiat kuormittumattomina. Laukku ei heilu eik\u00e4 tartu mihink\u00e4\u00e4n kiinni. <\/p>\n<p>Kierrekorkki toimii samalla k\u00e4tev\u00e4n\u00e4 <strong>teleskooppimukina<\/strong>, josta juominen on vaivatonta.<\/p>\n","protected":false},"featured_media":3404,"template":"","meta":{"_acf_changed":false},"product_brand":[],"product_cat":[130],"product_tag":[],"class_list":{"0":"post-4940","1":"product","2":"type-product","3":"status-publish","4":"has-post-thumbnail","6":"product_cat-uncategorized-fi","8":"first","9":"instock","10":"shipping-taxable","11":"purchasable","12":"product-type-simple"},"acf":[],"yoast_head":"<!-- This site is optimized with the Yoast SEO plugin v27.1.1 - https:\/\/yoast.com\/product\/yoast-seo-wordpress\/ -->\n<title>Enervit Thermo Bag 1L red\/white - Enervit<\/title>\n<meta name=\"robots\" content=\"index, follow, max-snippet:-1, max-image-preview:large, max-video-preview:-1\" \/>\n<link rel=\"canonical\" href=\"https:\/\/enervit.ee\/fi\/product\/enervit-thermo-bag-1l-red-white\/\" \/>\n<meta property=\"og:locale\" content=\"fi_FI\" \/>\n<meta property=\"og:type\" content=\"article\" \/>\n<meta property=\"og:title\" content=\"Enervit Thermo Bag 1L red\/white - Enervit\" \/>\n<meta property=\"og:description\" content=\"Ready Thermobag (eristetty), ihanteellinen maastohiihtoon, ammuntaan, vaellukseen, k\u00e4velyyn, lenkkeilyyn, py\u00f6r\u00e4ilyyn, liftaukseen, kalastukseen, mets\u00e4stykseen... Anatomisesti muotoiltua READY THERMO BAG -termolaukkua kannetaan vy\u00f6t\u00e4r\u00f6ll\u00e4 \u2013 k\u00e4det pysyv\u00e4t vapaina ja hartiat kuormittumattomina. Laukku ei heilu eik\u00e4 tartu mihink\u00e4\u00e4n kiinni.  Kierrekorkki toimii samalla k\u00e4tev\u00e4n\u00e4 teleskooppimukina, josta juominen on vaivatonta.\" \/>\n<meta property=\"og:url\" content=\"https:\/\/enervit.ee\/fi\/product\/enervit-thermo-bag-1l-red-white\/\" \/>\n<meta property=\"og:site_name\" content=\"Enervit\" \/>\n<meta property=\"og:image\" content=\"https:\/\/enervit.ee\/wp-content\/uploads\/2025\/01\/termokott.png\" \/>\n\t<meta property=\"og:image:width\" content=\"1080\" \/>\n\t<meta property=\"og:image:height\" content=\"1080\" \/>\n\t<meta property=\"og:image:type\" content=\"image\/png\" \/>\n<meta name=\"twitter:card\" content=\"summary_large_image\" \/>\n<script type=\"application\/ld+json\" class=\"yoast-schema-graph\">{\"@context\":\"https:\/\/schema.org\",\"@graph\":[{\"@type\":\"WebPage\",\"@id\":\"https:\/\/enervit.ee\/fi\/product\/enervit-thermo-bag-1l-red-white\/\",\"url\":\"https:\/\/enervit.ee\/fi\/product\/enervit-thermo-bag-1l-red-white\/\",\"name\":\"Enervit Thermo Bag 1L red\/white - Enervit\",\"isPartOf\":{\"@id\":\"https:\/\/enervit.ee\/fi\/#website\"},\"primaryImageOfPage\":{\"@id\":\"https:\/\/enervit.ee\/fi\/product\/enervit-thermo-bag-1l-red-white\/#primaryimage\"},\"image\":{\"@id\":\"https:\/\/enervit.ee\/fi\/product\/enervit-thermo-bag-1l-red-white\/#primaryimage\"},\"thumbnailUrl\":\"https:\/\/enervit.ee\/wp-content\/uploads\/2025\/01\/termokott.png\",\"datePublished\":\"2025-01-08T08:06:32+00:00\",\"breadcrumb\":{\"@id\":\"https:\/\/enervit.ee\/fi\/product\/enervit-thermo-bag-1l-red-white\/#breadcrumb\"},\"inLanguage\":\"fi\",\"potentialAction\":[{\"@type\":\"ReadAction\",\"target\":[\"https:\/\/enervit.ee\/fi\/product\/enervit-thermo-bag-1l-red-white\/\"]}]},{\"@type\":\"ImageObject\",\"inLanguage\":\"fi\",\"@id\":\"https:\/\/enervit.ee\/fi\/product\/enervit-thermo-bag-1l-red-white\/#primaryimage\",\"url\":\"https:\/\/enervit.ee\/wp-content\/uploads\/2025\/01\/termokott.png\",\"contentUrl\":\"https:\/\/enervit.ee\/wp-content\/uploads\/2025\/01\/termokott.png\",\"width\":1080,\"height\":1080,\"caption\":\"1L termov\u00f6\u00f6kott hoiab sinu v\u00e4rskendava isotoonilise spordijoogi suvel k\u00fclma ja talvel soojana.\"},{\"@type\":\"BreadcrumbList\",\"@id\":\"https:\/\/enervit.ee\/fi\/product\/enervit-thermo-bag-1l-red-white\/#breadcrumb\",\"itemListElement\":[{\"@type\":\"ListItem\",\"position\":1,\"name\":\"Home\",\"item\":\"https:\/\/enervit.ee\/fi\/kotisivu\/\"},{\"@type\":\"ListItem\",\"position\":2,\"name\":\"Verkkokauppa\",\"item\":\"https:\/\/enervit.ee\/fi\/shop\/\"},{\"@type\":\"ListItem\",\"position\":3,\"name\":\"Enervit Thermo Bag 1L red\/white\"}]},{\"@type\":\"WebSite\",\"@id\":\"https:\/\/enervit.ee\/fi\/#website\",\"url\":\"https:\/\/enervit.ee\/fi\/\",\"name\":\"Enervit\",\"description\":\"\",\"publisher\":{\"@id\":\"https:\/\/enervit.ee\/fi\/#organization\"},\"potentialAction\":[{\"@type\":\"SearchAction\",\"target\":{\"@type\":\"EntryPoint\",\"urlTemplate\":\"https:\/\/enervit.ee\/fi\/?s={search_term_string}\"},\"query-input\":{\"@type\":\"PropertyValueSpecification\",\"valueRequired\":true,\"valueName\":\"search_term_string\"}}],\"inLanguage\":\"fi\"},{\"@type\":\"Organization\",\"@id\":\"https:\/\/enervit.ee\/fi\/#organization\",\"name\":\"Enervit\",\"url\":\"https:\/\/enervit.ee\/fi\/\",\"logo\":{\"@type\":\"ImageObject\",\"inLanguage\":\"fi\",\"@id\":\"https:\/\/enervit.ee\/fi\/#\/schema\/logo\/image\/\",\"url\":\"https:\/\/enervit.ee\/wp-content\/uploads\/2024\/09\/Enervit_logo.png\",\"contentUrl\":\"https:\/\/enervit.ee\/wp-content\/uploads\/2024\/09\/Enervit_logo.png\",\"width\":582,\"height\":582,\"caption\":\"Enervit\"},\"image\":{\"@id\":\"https:\/\/enervit.ee\/fi\/#\/schema\/logo\/image\/\"}}]}<\/script>\n<!-- \/ Yoast SEO plugin. -->","yoast_head_json":{"title":"Enervit Thermo Bag 1L red\/white - Enervit","robots":{"index":"index","follow":"follow","max-snippet":"max-snippet:-1","max-image-preview":"max-image-preview:large","max-video-preview":"max-video-preview:-1"},"canonical":"https:\/\/enervit.ee\/fi\/product\/enervit-thermo-bag-1l-red-white\/","og_locale":"fi_FI","og_type":"article","og_title":"Enervit Thermo Bag 1L red\/white - Enervit","og_description":"Ready Thermobag (eristetty), ihanteellinen maastohiihtoon, ammuntaan, vaellukseen, k\u00e4velyyn, lenkkeilyyn, py\u00f6r\u00e4ilyyn, liftaukseen, kalastukseen, mets\u00e4stykseen... Anatomisesti muotoiltua READY THERMO BAG -termolaukkua kannetaan vy\u00f6t\u00e4r\u00f6ll\u00e4 \u2013 k\u00e4det pysyv\u00e4t vapaina ja hartiat kuormittumattomina. Laukku ei heilu eik\u00e4 tartu mihink\u00e4\u00e4n kiinni.  Kierrekorkki toimii samalla k\u00e4tev\u00e4n\u00e4 teleskooppimukina, josta juominen on vaivatonta.","og_url":"https:\/\/enervit.ee\/fi\/product\/enervit-thermo-bag-1l-red-white\/","og_site_name":"Enervit","og_image":[{"width":1080,"height":1080,"url":"https:\/\/enervit.ee\/wp-content\/uploads\/2025\/01\/termokott.png","type":"image\/png"}],"twitter_card":"summary_large_image","schema":{"@context":"https:\/\/schema.org","@graph":[{"@type":"WebPage","@id":"https:\/\/enervit.ee\/fi\/product\/enervit-thermo-bag-1l-red-white\/","url":"https:\/\/enervit.ee\/fi\/product\/enervit-thermo-bag-1l-red-white\/","name":"Enervit Thermo Bag 1L red\/white - Enervit","isPartOf":{"@id":"https:\/\/enervit.ee\/fi\/#website"},"primaryImageOfPage":{"@id":"https:\/\/enervit.ee\/fi\/product\/enervit-thermo-bag-1l-red-white\/#primaryimage"},"image":{"@id":"https:\/\/enervit.ee\/fi\/product\/enervit-thermo-bag-1l-red-white\/#primaryimage"},"thumbnailUrl":"https:\/\/enervit.ee\/wp-content\/uploads\/2025\/01\/termokott.png","datePublished":"2025-01-08T08:06:32+00:00","breadcrumb":{"@id":"https:\/\/enervit.ee\/fi\/product\/enervit-thermo-bag-1l-red-white\/#breadcrumb"},"inLanguage":"fi","potentialAction":[{"@type":"ReadAction","target":["https:\/\/enervit.ee\/fi\/product\/enervit-thermo-bag-1l-red-white\/"]}]},{"@type":"ImageObject","inLanguage":"fi","@id":"https:\/\/enervit.ee\/fi\/product\/enervit-thermo-bag-1l-red-white\/#primaryimage","url":"https:\/\/enervit.ee\/wp-content\/uploads\/2025\/01\/termokott.png","contentUrl":"https:\/\/enervit.ee\/wp-content\/uploads\/2025\/01\/termokott.png","width":1080,"height":1080,"caption":"1L termov\u00f6\u00f6kott hoiab sinu v\u00e4rskendava isotoonilise spordijoogi suvel k\u00fclma ja talvel soojana."},{"@type":"BreadcrumbList","@id":"https:\/\/enervit.ee\/fi\/product\/enervit-thermo-bag-1l-red-white\/#breadcrumb","itemListElement":[{"@type":"ListItem","position":1,"name":"Home","item":"https:\/\/enervit.ee\/fi\/kotisivu\/"},{"@type":"ListItem","position":2,"name":"Verkkokauppa","item":"https:\/\/enervit.ee\/fi\/shop\/"},{"@type":"ListItem","position":3,"name":"Enervit Thermo Bag 1L red\/white"}]},{"@type":"WebSite","@id":"https:\/\/enervit.ee\/fi\/#website","url":"https:\/\/enervit.ee\/fi\/","name":"Enervit","description":"","publisher":{"@id":"https:\/\/enervit.ee\/fi\/#organization"},"potentialAction":[{"@type":"SearchAction","target":{"@type":"EntryPoint","urlTemplate":"https:\/\/enervit.ee\/fi\/?s={search_term_string}"},"query-input":{"@type":"PropertyValueSpecification","valueRequired":true,"valueName":"search_term_string"}}],"inLanguage":"fi"},{"@type":"Organization","@id":"https:\/\/enervit.ee\/fi\/#organization","name":"Enervit","url":"https:\/\/enervit.ee\/fi\/","logo":{"@type":"ImageObject","inLanguage":"fi","@id":"https:\/\/enervit.ee\/fi\/#\/schema\/logo\/image\/","url":"https:\/\/enervit.ee\/wp-content\/uploads\/2024\/09\/Enervit_logo.png","contentUrl":"https:\/\/enervit.ee\/wp-content\/uploads\/2024\/09\/Enervit_logo.png","width":582,"height":582,"caption":"Enervit"},"image":{"@id":"https:\/\/enervit.ee\/fi\/#\/schema\/logo\/image\/"}}]}},"_links":{"self":[{"href":"https:\/\/enervit.ee\/fi\/wp-json\/wp\/v2\/product\/4940","targetHints":{"allow":["GET"]}}],"collection":[{"href":"https:\/\/enervit.ee\/fi\/wp-json\/wp\/v2\/product"}],"about":[{"href":"https:\/\/enervit.ee\/fi\/wp-json\/wp\/v2\/types\/product"}],"wp:featuredmedia":[{"embeddable":true,"href":"https:\/\/enervit.ee\/fi\/wp-json\/wp\/v2\/media\/3404"}],"wp:attachment":[{"href":"https:\/\/enervit.ee\/fi\/wp-json\/wp\/v2\/media?parent=4940"}],"wp:term":[{"taxonomy":"product_brand","embeddable":true,"href":"https:\/\/enervit.ee\/fi\/wp-json\/wp\/v2\/product_brand?post=4940"},{"taxonomy":"product_cat","embeddable":true,"href":"https:\/\/enervit.ee\/fi\/wp-json\/wp\/v2\/product_cat?post=4940"},{"taxonomy":"product_tag","embeddable":true,"href":"https:\/\/enervit.ee\/fi\/wp-json\/wp\/v2\/product_tag?post=4940"}],"curies":[{"name":"wp","href":"https:\/\/api.w.org\/{rel}","templated":true}]}}