{"id":5005,"date":"2024-11-07T16:46:48","date_gmt":"2024-11-07T14:46:48","guid":{"rendered":"https:\/\/enervit.ee\/product\/enervit-enerzona-omega-3rx-capsules-120pc-epadha\/"},"modified":"2024-11-07T16:46:48","modified_gmt":"2024-11-07T14:46:48","slug":"enervit-enerzona-omega-3rx-capsules-120pc-epadha","status":"publish","type":"product","link":"https:\/\/enervit.ee\/fi\/product\/enervit-enerzona-omega-3rx-capsules-120pc-epadha\/","title":{"rendered":"Enervit EnerZona Omega 3RX capsules 120pc (EPA+DHA)"},"content":{"rendered":"","protected":false},"excerpt":{"rendered":"<p><strong>V\u00e4ltt\u00e4m\u00e4t\u00f6n ja puhdas omega-3-ravintolis\u00e4 \u2013 markkinajohtaja Italiassa*<\/strong><br \/>\n-Omega-3-rasvahappojen ravintolis\u00e4<br \/>\n-Sis\u00e4lt\u00e4\u00e4 EPA:ta ja DHA:ta suhteessa 2:1 (400 mg EPA:ta ja 200 mg DHA:ta)<br \/>\n-Sertifioitu kolmen kansainv\u00e4lisen tahon toimesta (IFOS, Marin Trust ja Friend of the Sea)<br \/>\n-Patentoitu kapseli ilman j\u00e4lkimakua<br \/>\n-Gluteeniton<\/p>\n","protected":false},"featured_media":2652,"template":"","meta":{"_acf_changed":false},"product_brand":[],"product_cat":[82],"product_tag":[],"class_list":{"0":"post-5005","1":"product","2":"type-product","3":"status-publish","4":"has-post-thumbnail","6":"product_cat-omega-3-fi","8":"first","9":"instock","10":"shipping-taxable","11":"purchasable","12":"product-type-simple"},"acf":[],"yoast_head":"<!-- This site is optimized with the Yoast SEO plugin v27.1.1 - https:\/\/yoast.com\/product\/yoast-seo-wordpress\/ -->\n<title>Enervit EnerZona Omega 3RX capsules 120pc (EPA+DHA) - Enervit<\/title>\n<meta name=\"robots\" content=\"index, follow, max-snippet:-1, max-image-preview:large, max-video-preview:-1\" \/>\n<link rel=\"canonical\" href=\"https:\/\/enervit.ee\/fi\/product\/enervit-enerzona-omega-3rx-capsules-120pc-epadha\/\" \/>\n<meta property=\"og:locale\" content=\"fi_FI\" \/>\n<meta property=\"og:type\" content=\"article\" \/>\n<meta property=\"og:title\" content=\"Enervit EnerZona Omega 3RX capsules 120pc (EPA+DHA) - Enervit\" \/>\n<meta property=\"og:description\" content=\"V\u00e4ltt\u00e4m\u00e4t\u00f6n ja puhdas omega-3-ravintolis\u00e4 \u2013 markkinajohtaja Italiassa* -Omega-3-rasvahappojen ravintolis\u00e4 -Sis\u00e4lt\u00e4\u00e4 EPA:ta ja DHA:ta suhteessa 2:1 (400 mg EPA:ta ja 200 mg DHA:ta) -Sertifioitu kolmen kansainv\u00e4lisen tahon toimesta (IFOS, Marin Trust ja Friend of the Sea) -Patentoitu kapseli ilman j\u00e4lkimakua -Gluteeniton\" \/>\n<meta property=\"og:url\" content=\"https:\/\/enervit.ee\/fi\/product\/enervit-enerzona-omega-3rx-capsules-120pc-epadha\/\" \/>\n<meta property=\"og:site_name\" content=\"Enervit\" \/>\n<meta property=\"og:image\" content=\"https:\/\/enervit.ee\/wp-content\/uploads\/2024\/11\/92330_omega3rx1g_01.png\" \/>\n\t<meta property=\"og:image:width\" content=\"786\" \/>\n\t<meta property=\"og:image:height\" content=\"782\" \/>\n\t<meta property=\"og:image:type\" content=\"image\/png\" \/>\n<meta name=\"twitter:card\" content=\"summary_large_image\" \/>\n<script type=\"application\/ld+json\" class=\"yoast-schema-graph\">{\"@context\":\"https:\/\/schema.org\",\"@graph\":[{\"@type\":\"WebPage\",\"@id\":\"https:\/\/enervit.ee\/fi\/product\/enervit-enerzona-omega-3rx-capsules-120pc-epadha\/\",\"url\":\"https:\/\/enervit.ee\/fi\/product\/enervit-enerzona-omega-3rx-capsules-120pc-epadha\/\",\"name\":\"Enervit EnerZona Omega 3RX capsules 120pc (EPA+DHA) - Enervit\",\"isPartOf\":{\"@id\":\"https:\/\/enervit.ee\/fi\/#website\"},\"primaryImageOfPage\":{\"@id\":\"https:\/\/enervit.ee\/fi\/product\/enervit-enerzona-omega-3rx-capsules-120pc-epadha\/#primaryimage\"},\"image\":{\"@id\":\"https:\/\/enervit.ee\/fi\/product\/enervit-enerzona-omega-3rx-capsules-120pc-epadha\/#primaryimage\"},\"thumbnailUrl\":\"https:\/\/enervit.ee\/wp-content\/uploads\/2024\/11\/92330_omega3rx1g_01.png\",\"datePublished\":\"2024-11-07T14:46:48+00:00\",\"breadcrumb\":{\"@id\":\"https:\/\/enervit.ee\/fi\/product\/enervit-enerzona-omega-3rx-capsules-120pc-epadha\/#breadcrumb\"},\"inLanguage\":\"fi\",\"potentialAction\":[{\"@type\":\"ReadAction\",\"target\":[\"https:\/\/enervit.ee\/fi\/product\/enervit-enerzona-omega-3rx-capsules-120pc-epadha\/\"]}]},{\"@type\":\"ImageObject\",\"inLanguage\":\"fi\",\"@id\":\"https:\/\/enervit.ee\/fi\/product\/enervit-enerzona-omega-3rx-capsules-120pc-epadha\/#primaryimage\",\"url\":\"https:\/\/enervit.ee\/wp-content\/uploads\/2024\/11\/92330_omega3rx1g_01.png\",\"contentUrl\":\"https:\/\/enervit.ee\/wp-content\/uploads\/2024\/11\/92330_omega3rx1g_01.png\",\"width\":786,\"height\":782,\"caption\":\"omega 3rx kapslid mis on patenditud ja ei j\u00e4ta j\u00e4relmaitset\"},{\"@type\":\"BreadcrumbList\",\"@id\":\"https:\/\/enervit.ee\/fi\/product\/enervit-enerzona-omega-3rx-capsules-120pc-epadha\/#breadcrumb\",\"itemListElement\":[{\"@type\":\"ListItem\",\"position\":1,\"name\":\"Home\",\"item\":\"https:\/\/enervit.ee\/fi\/kotisivu\/\"},{\"@type\":\"ListItem\",\"position\":2,\"name\":\"Verkkokauppa\",\"item\":\"https:\/\/enervit.ee\/fi\/shop\/\"},{\"@type\":\"ListItem\",\"position\":3,\"name\":\"Enervit EnerZona Omega 3RX capsules 120pc (EPA+DHA)\"}]},{\"@type\":\"WebSite\",\"@id\":\"https:\/\/enervit.ee\/fi\/#website\",\"url\":\"https:\/\/enervit.ee\/fi\/\",\"name\":\"Enervit\",\"description\":\"\",\"publisher\":{\"@id\":\"https:\/\/enervit.ee\/fi\/#organization\"},\"potentialAction\":[{\"@type\":\"SearchAction\",\"target\":{\"@type\":\"EntryPoint\",\"urlTemplate\":\"https:\/\/enervit.ee\/fi\/?s={search_term_string}\"},\"query-input\":{\"@type\":\"PropertyValueSpecification\",\"valueRequired\":true,\"valueName\":\"search_term_string\"}}],\"inLanguage\":\"fi\"},{\"@type\":\"Organization\",\"@id\":\"https:\/\/enervit.ee\/fi\/#organization\",\"name\":\"Enervit\",\"url\":\"https:\/\/enervit.ee\/fi\/\",\"logo\":{\"@type\":\"ImageObject\",\"inLanguage\":\"fi\",\"@id\":\"https:\/\/enervit.ee\/fi\/#\/schema\/logo\/image\/\",\"url\":\"https:\/\/enervit.ee\/wp-content\/uploads\/2024\/09\/Enervit_logo.png\",\"contentUrl\":\"https:\/\/enervit.ee\/wp-content\/uploads\/2024\/09\/Enervit_logo.png\",\"width\":582,\"height\":582,\"caption\":\"Enervit\"},\"image\":{\"@id\":\"https:\/\/enervit.ee\/fi\/#\/schema\/logo\/image\/\"}}]}<\/script>\n<!-- \/ Yoast SEO plugin. -->","yoast_head_json":{"title":"Enervit EnerZona Omega 3RX capsules 120pc (EPA+DHA) - Enervit","robots":{"index":"index","follow":"follow","max-snippet":"max-snippet:-1","max-image-preview":"max-image-preview:large","max-video-preview":"max-video-preview:-1"},"canonical":"https:\/\/enervit.ee\/fi\/product\/enervit-enerzona-omega-3rx-capsules-120pc-epadha\/","og_locale":"fi_FI","og_type":"article","og_title":"Enervit EnerZona Omega 3RX capsules 120pc (EPA+DHA) - Enervit","og_description":"V\u00e4ltt\u00e4m\u00e4t\u00f6n ja puhdas omega-3-ravintolis\u00e4 \u2013 markkinajohtaja Italiassa* -Omega-3-rasvahappojen ravintolis\u00e4 -Sis\u00e4lt\u00e4\u00e4 EPA:ta ja DHA:ta suhteessa 2:1 (400 mg EPA:ta ja 200 mg DHA:ta) -Sertifioitu kolmen kansainv\u00e4lisen tahon toimesta (IFOS, Marin Trust ja Friend of the Sea) -Patentoitu kapseli ilman j\u00e4lkimakua -Gluteeniton","og_url":"https:\/\/enervit.ee\/fi\/product\/enervit-enerzona-omega-3rx-capsules-120pc-epadha\/","og_site_name":"Enervit","og_image":[{"width":786,"height":782,"url":"https:\/\/enervit.ee\/wp-content\/uploads\/2024\/11\/92330_omega3rx1g_01.png","type":"image\/png"}],"twitter_card":"summary_large_image","schema":{"@context":"https:\/\/schema.org","@graph":[{"@type":"WebPage","@id":"https:\/\/enervit.ee\/fi\/product\/enervit-enerzona-omega-3rx-capsules-120pc-epadha\/","url":"https:\/\/enervit.ee\/fi\/product\/enervit-enerzona-omega-3rx-capsules-120pc-epadha\/","name":"Enervit EnerZona Omega 3RX capsules 120pc (EPA+DHA) - Enervit","isPartOf":{"@id":"https:\/\/enervit.ee\/fi\/#website"},"primaryImageOfPage":{"@id":"https:\/\/enervit.ee\/fi\/product\/enervit-enerzona-omega-3rx-capsules-120pc-epadha\/#primaryimage"},"image":{"@id":"https:\/\/enervit.ee\/fi\/product\/enervit-enerzona-omega-3rx-capsules-120pc-epadha\/#primaryimage"},"thumbnailUrl":"https:\/\/enervit.ee\/wp-content\/uploads\/2024\/11\/92330_omega3rx1g_01.png","datePublished":"2024-11-07T14:46:48+00:00","breadcrumb":{"@id":"https:\/\/enervit.ee\/fi\/product\/enervit-enerzona-omega-3rx-capsules-120pc-epadha\/#breadcrumb"},"inLanguage":"fi","potentialAction":[{"@type":"ReadAction","target":["https:\/\/enervit.ee\/fi\/product\/enervit-enerzona-omega-3rx-capsules-120pc-epadha\/"]}]},{"@type":"ImageObject","inLanguage":"fi","@id":"https:\/\/enervit.ee\/fi\/product\/enervit-enerzona-omega-3rx-capsules-120pc-epadha\/#primaryimage","url":"https:\/\/enervit.ee\/wp-content\/uploads\/2024\/11\/92330_omega3rx1g_01.png","contentUrl":"https:\/\/enervit.ee\/wp-content\/uploads\/2024\/11\/92330_omega3rx1g_01.png","width":786,"height":782,"caption":"omega 3rx kapslid mis on patenditud ja ei j\u00e4ta j\u00e4relmaitset"},{"@type":"BreadcrumbList","@id":"https:\/\/enervit.ee\/fi\/product\/enervit-enerzona-omega-3rx-capsules-120pc-epadha\/#breadcrumb","itemListElement":[{"@type":"ListItem","position":1,"name":"Home","item":"https:\/\/enervit.ee\/fi\/kotisivu\/"},{"@type":"ListItem","position":2,"name":"Verkkokauppa","item":"https:\/\/enervit.ee\/fi\/shop\/"},{"@type":"ListItem","position":3,"name":"Enervit EnerZona Omega 3RX capsules 120pc (EPA+DHA)"}]},{"@type":"WebSite","@id":"https:\/\/enervit.ee\/fi\/#website","url":"https:\/\/enervit.ee\/fi\/","name":"Enervit","description":"","publisher":{"@id":"https:\/\/enervit.ee\/fi\/#organization"},"potentialAction":[{"@type":"SearchAction","target":{"@type":"EntryPoint","urlTemplate":"https:\/\/enervit.ee\/fi\/?s={search_term_string}"},"query-input":{"@type":"PropertyValueSpecification","valueRequired":true,"valueName":"search_term_string"}}],"inLanguage":"fi"},{"@type":"Organization","@id":"https:\/\/enervit.ee\/fi\/#organization","name":"Enervit","url":"https:\/\/enervit.ee\/fi\/","logo":{"@type":"ImageObject","inLanguage":"fi","@id":"https:\/\/enervit.ee\/fi\/#\/schema\/logo\/image\/","url":"https:\/\/enervit.ee\/wp-content\/uploads\/2024\/09\/Enervit_logo.png","contentUrl":"https:\/\/enervit.ee\/wp-content\/uploads\/2024\/09\/Enervit_logo.png","width":582,"height":582,"caption":"Enervit"},"image":{"@id":"https:\/\/enervit.ee\/fi\/#\/schema\/logo\/image\/"}}]}},"_links":{"self":[{"href":"https:\/\/enervit.ee\/fi\/wp-json\/wp\/v2\/product\/5005","targetHints":{"allow":["GET"]}}],"collection":[{"href":"https:\/\/enervit.ee\/fi\/wp-json\/wp\/v2\/product"}],"about":[{"href":"https:\/\/enervit.ee\/fi\/wp-json\/wp\/v2\/types\/product"}],"wp:featuredmedia":[{"embeddable":true,"href":"https:\/\/enervit.ee\/fi\/wp-json\/wp\/v2\/media\/2652"}],"wp:attachment":[{"href":"https:\/\/enervit.ee\/fi\/wp-json\/wp\/v2\/media?parent=5005"}],"wp:term":[{"taxonomy":"product_brand","embeddable":true,"href":"https:\/\/enervit.ee\/fi\/wp-json\/wp\/v2\/product_brand?post=5005"},{"taxonomy":"product_cat","embeddable":true,"href":"https:\/\/enervit.ee\/fi\/wp-json\/wp\/v2\/product_cat?post=5005"},{"taxonomy":"product_tag","embeddable":true,"href":"https:\/\/enervit.ee\/fi\/wp-json\/wp\/v2\/product_tag?post=5005"}],"curies":[{"name":"wp","href":"https:\/\/api.w.org\/{rel}","templated":true}]}}