{"id":5017,"date":"2024-11-07T15:29:24","date_gmt":"2024-11-07T13:29:24","guid":{"rendered":"https:\/\/enervit.ee\/product\/enervit-e-sport-25-ml-geelien-monipakkaus\/"},"modified":"2024-11-07T15:29:24","modified_gmt":"2024-11-07T13:29:24","slug":"enervit-e-sport-25-ml-geelien-monipakkaus","status":"publish","type":"product","link":"https:\/\/enervit.ee\/fi\/product\/enervit-e-sport-25-ml-geelien-monipakkaus\/","title":{"rendered":"Enervit E.SPORT 25 ml Geelien Monipakkaus"},"content":{"rendered":"","protected":false},"excerpt":{"rendered":"<p>Tutustu ainutlaatuiseen 25 ml geelien monipakkaukseen.<br \/>\nPakkauksen sis\u00e4lt\u00f6:<br \/>\n<strong>2 x 25 ml geelipakkaus, Sitruuna<\/strong><br \/>\n<strong>2 x 25 ml geelipakkaus, Appelsiini<\/strong><br \/>\n<strong>2 x 25 ml geelipakkaus, Trooppiset hedelm\u00e4t<br \/>\n2 x 25 ml geelipakkaus, Vadelma (kofeiinilla)<\/strong> <\/p>\n<p>&nbsp;<\/p>\n","protected":false},"featured_media":2517,"template":"","meta":{"_acf_changed":false},"product_brand":[],"product_cat":[91],"product_tag":[],"class_list":{"0":"post-5017","1":"product","2":"type-product","3":"status-publish","4":"has-post-thumbnail","6":"product_cat-urheiluravitsemus","8":"first","9":"instock","10":"sale","11":"shipping-taxable","12":"purchasable","13":"product-type-simple"},"acf":[],"yoast_head":"<!-- This site is optimized with the Yoast SEO plugin v27.1.1 - https:\/\/yoast.com\/product\/yoast-seo-wordpress\/ -->\n<title>Enervit E.SPORT 25 ml Geelien Monipakkaus - Enervit<\/title>\n<meta name=\"robots\" content=\"index, follow, max-snippet:-1, max-image-preview:large, max-video-preview:-1\" \/>\n<link rel=\"canonical\" href=\"https:\/\/enervit.ee\/fi\/product\/enervit-e-sport-25-ml-geelien-monipakkaus\/\" \/>\n<meta property=\"og:locale\" content=\"fi_FI\" \/>\n<meta property=\"og:type\" content=\"article\" \/>\n<meta property=\"og:title\" content=\"Enervit E.SPORT 25 ml Geelien Monipakkaus - Enervit\" \/>\n<meta property=\"og:description\" content=\"Tutustu ainutlaatuiseen 25 ml geelien monipakkaukseen. Pakkauksen sis\u00e4lt\u00f6: 2 x 25 ml geelipakkaus, Sitruuna 2 x 25 ml geelipakkaus, Appelsiini 2 x 25 ml geelipakkaus, Trooppiset hedelm\u00e4t 2 x 25 ml geelipakkaus, Vadelma (kofeiinilla)  &nbsp;\" \/>\n<meta property=\"og:url\" content=\"https:\/\/enervit.ee\/fi\/product\/enervit-e-sport-25-ml-geelien-monipakkaus\/\" \/>\n<meta property=\"og:site_name\" content=\"Enervit\" \/>\n<meta property=\"og:image\" content=\"https:\/\/enervit.ee\/wp-content\/uploads\/2024\/11\/Enervit-fb-16.png\" \/>\n\t<meta property=\"og:image:width\" content=\"1080\" \/>\n\t<meta property=\"og:image:height\" content=\"1080\" \/>\n\t<meta property=\"og:image:type\" content=\"image\/png\" \/>\n<meta name=\"twitter:card\" content=\"summary_large_image\" \/>\n<script type=\"application\/ld+json\" class=\"yoast-schema-graph\">{\"@context\":\"https:\/\/schema.org\",\"@graph\":[{\"@type\":\"WebPage\",\"@id\":\"https:\/\/enervit.ee\/fi\/product\/enervit-e-sport-25-ml-geelien-monipakkaus\/\",\"url\":\"https:\/\/enervit.ee\/fi\/product\/enervit-e-sport-25-ml-geelien-monipakkaus\/\",\"name\":\"Enervit E.SPORT 25 ml Geelien Monipakkaus - Enervit\",\"isPartOf\":{\"@id\":\"https:\/\/enervit.ee\/fi\/#website\"},\"primaryImageOfPage\":{\"@id\":\"https:\/\/enervit.ee\/fi\/product\/enervit-e-sport-25-ml-geelien-monipakkaus\/#primaryimage\"},\"image\":{\"@id\":\"https:\/\/enervit.ee\/fi\/product\/enervit-e-sport-25-ml-geelien-monipakkaus\/#primaryimage\"},\"thumbnailUrl\":\"https:\/\/enervit.ee\/wp-content\/uploads\/2024\/11\/Enervit-fb-16.png\",\"datePublished\":\"2024-11-07T13:29:24+00:00\",\"breadcrumb\":{\"@id\":\"https:\/\/enervit.ee\/fi\/product\/enervit-e-sport-25-ml-geelien-monipakkaus\/#breadcrumb\"},\"inLanguage\":\"fi\",\"potentialAction\":[{\"@type\":\"ReadAction\",\"target\":[\"https:\/\/enervit.ee\/fi\/product\/enervit-e-sport-25-ml-geelien-monipakkaus\/\"]}]},{\"@type\":\"ImageObject\",\"inLanguage\":\"fi\",\"@id\":\"https:\/\/enervit.ee\/fi\/product\/enervit-e-sport-25-ml-geelien-monipakkaus\/#primaryimage\",\"url\":\"https:\/\/enervit.ee\/wp-content\/uploads\/2024\/11\/Enervit-fb-16.png\",\"contentUrl\":\"https:\/\/enervit.ee\/wp-content\/uploads\/2024\/11\/Enervit-fb-16.png\",\"width\":1080,\"height\":1080},{\"@type\":\"BreadcrumbList\",\"@id\":\"https:\/\/enervit.ee\/fi\/product\/enervit-e-sport-25-ml-geelien-monipakkaus\/#breadcrumb\",\"itemListElement\":[{\"@type\":\"ListItem\",\"position\":1,\"name\":\"Home\",\"item\":\"https:\/\/enervit.ee\/fi\/kotisivu\/\"},{\"@type\":\"ListItem\",\"position\":2,\"name\":\"Verkkokauppa\",\"item\":\"https:\/\/enervit.ee\/fi\/shop\/\"},{\"@type\":\"ListItem\",\"position\":3,\"name\":\"Enervit E.SPORT 25 ml Geelien Monipakkaus\"}]},{\"@type\":\"WebSite\",\"@id\":\"https:\/\/enervit.ee\/fi\/#website\",\"url\":\"https:\/\/enervit.ee\/fi\/\",\"name\":\"Enervit\",\"description\":\"\",\"publisher\":{\"@id\":\"https:\/\/enervit.ee\/fi\/#organization\"},\"potentialAction\":[{\"@type\":\"SearchAction\",\"target\":{\"@type\":\"EntryPoint\",\"urlTemplate\":\"https:\/\/enervit.ee\/fi\/?s={search_term_string}\"},\"query-input\":{\"@type\":\"PropertyValueSpecification\",\"valueRequired\":true,\"valueName\":\"search_term_string\"}}],\"inLanguage\":\"fi\"},{\"@type\":\"Organization\",\"@id\":\"https:\/\/enervit.ee\/fi\/#organization\",\"name\":\"Enervit\",\"url\":\"https:\/\/enervit.ee\/fi\/\",\"logo\":{\"@type\":\"ImageObject\",\"inLanguage\":\"fi\",\"@id\":\"https:\/\/enervit.ee\/fi\/#\/schema\/logo\/image\/\",\"url\":\"https:\/\/enervit.ee\/wp-content\/uploads\/2024\/09\/Enervit_logo.png\",\"contentUrl\":\"https:\/\/enervit.ee\/wp-content\/uploads\/2024\/09\/Enervit_logo.png\",\"width\":582,\"height\":582,\"caption\":\"Enervit\"},\"image\":{\"@id\":\"https:\/\/enervit.ee\/fi\/#\/schema\/logo\/image\/\"}}]}<\/script>\n<!-- \/ Yoast SEO plugin. -->","yoast_head_json":{"title":"Enervit E.SPORT 25 ml Geelien Monipakkaus - Enervit","robots":{"index":"index","follow":"follow","max-snippet":"max-snippet:-1","max-image-preview":"max-image-preview:large","max-video-preview":"max-video-preview:-1"},"canonical":"https:\/\/enervit.ee\/fi\/product\/enervit-e-sport-25-ml-geelien-monipakkaus\/","og_locale":"fi_FI","og_type":"article","og_title":"Enervit E.SPORT 25 ml Geelien Monipakkaus - Enervit","og_description":"Tutustu ainutlaatuiseen 25 ml geelien monipakkaukseen. Pakkauksen sis\u00e4lt\u00f6: 2 x 25 ml geelipakkaus, Sitruuna 2 x 25 ml geelipakkaus, Appelsiini 2 x 25 ml geelipakkaus, Trooppiset hedelm\u00e4t 2 x 25 ml geelipakkaus, Vadelma (kofeiinilla)  &nbsp;","og_url":"https:\/\/enervit.ee\/fi\/product\/enervit-e-sport-25-ml-geelien-monipakkaus\/","og_site_name":"Enervit","og_image":[{"width":1080,"height":1080,"url":"https:\/\/enervit.ee\/wp-content\/uploads\/2024\/11\/Enervit-fb-16.png","type":"image\/png"}],"twitter_card":"summary_large_image","schema":{"@context":"https:\/\/schema.org","@graph":[{"@type":"WebPage","@id":"https:\/\/enervit.ee\/fi\/product\/enervit-e-sport-25-ml-geelien-monipakkaus\/","url":"https:\/\/enervit.ee\/fi\/product\/enervit-e-sport-25-ml-geelien-monipakkaus\/","name":"Enervit E.SPORT 25 ml Geelien Monipakkaus - Enervit","isPartOf":{"@id":"https:\/\/enervit.ee\/fi\/#website"},"primaryImageOfPage":{"@id":"https:\/\/enervit.ee\/fi\/product\/enervit-e-sport-25-ml-geelien-monipakkaus\/#primaryimage"},"image":{"@id":"https:\/\/enervit.ee\/fi\/product\/enervit-e-sport-25-ml-geelien-monipakkaus\/#primaryimage"},"thumbnailUrl":"https:\/\/enervit.ee\/wp-content\/uploads\/2024\/11\/Enervit-fb-16.png","datePublished":"2024-11-07T13:29:24+00:00","breadcrumb":{"@id":"https:\/\/enervit.ee\/fi\/product\/enervit-e-sport-25-ml-geelien-monipakkaus\/#breadcrumb"},"inLanguage":"fi","potentialAction":[{"@type":"ReadAction","target":["https:\/\/enervit.ee\/fi\/product\/enervit-e-sport-25-ml-geelien-monipakkaus\/"]}]},{"@type":"ImageObject","inLanguage":"fi","@id":"https:\/\/enervit.ee\/fi\/product\/enervit-e-sport-25-ml-geelien-monipakkaus\/#primaryimage","url":"https:\/\/enervit.ee\/wp-content\/uploads\/2024\/11\/Enervit-fb-16.png","contentUrl":"https:\/\/enervit.ee\/wp-content\/uploads\/2024\/11\/Enervit-fb-16.png","width":1080,"height":1080},{"@type":"BreadcrumbList","@id":"https:\/\/enervit.ee\/fi\/product\/enervit-e-sport-25-ml-geelien-monipakkaus\/#breadcrumb","itemListElement":[{"@type":"ListItem","position":1,"name":"Home","item":"https:\/\/enervit.ee\/fi\/kotisivu\/"},{"@type":"ListItem","position":2,"name":"Verkkokauppa","item":"https:\/\/enervit.ee\/fi\/shop\/"},{"@type":"ListItem","position":3,"name":"Enervit E.SPORT 25 ml Geelien Monipakkaus"}]},{"@type":"WebSite","@id":"https:\/\/enervit.ee\/fi\/#website","url":"https:\/\/enervit.ee\/fi\/","name":"Enervit","description":"","publisher":{"@id":"https:\/\/enervit.ee\/fi\/#organization"},"potentialAction":[{"@type":"SearchAction","target":{"@type":"EntryPoint","urlTemplate":"https:\/\/enervit.ee\/fi\/?s={search_term_string}"},"query-input":{"@type":"PropertyValueSpecification","valueRequired":true,"valueName":"search_term_string"}}],"inLanguage":"fi"},{"@type":"Organization","@id":"https:\/\/enervit.ee\/fi\/#organization","name":"Enervit","url":"https:\/\/enervit.ee\/fi\/","logo":{"@type":"ImageObject","inLanguage":"fi","@id":"https:\/\/enervit.ee\/fi\/#\/schema\/logo\/image\/","url":"https:\/\/enervit.ee\/wp-content\/uploads\/2024\/09\/Enervit_logo.png","contentUrl":"https:\/\/enervit.ee\/wp-content\/uploads\/2024\/09\/Enervit_logo.png","width":582,"height":582,"caption":"Enervit"},"image":{"@id":"https:\/\/enervit.ee\/fi\/#\/schema\/logo\/image\/"}}]}},"_links":{"self":[{"href":"https:\/\/enervit.ee\/fi\/wp-json\/wp\/v2\/product\/5017","targetHints":{"allow":["GET"]}}],"collection":[{"href":"https:\/\/enervit.ee\/fi\/wp-json\/wp\/v2\/product"}],"about":[{"href":"https:\/\/enervit.ee\/fi\/wp-json\/wp\/v2\/types\/product"}],"wp:featuredmedia":[{"embeddable":true,"href":"https:\/\/enervit.ee\/fi\/wp-json\/wp\/v2\/media\/2517"}],"wp:attachment":[{"href":"https:\/\/enervit.ee\/fi\/wp-json\/wp\/v2\/media?parent=5017"}],"wp:term":[{"taxonomy":"product_brand","embeddable":true,"href":"https:\/\/enervit.ee\/fi\/wp-json\/wp\/v2\/product_brand?post=5017"},{"taxonomy":"product_cat","embeddable":true,"href":"https:\/\/enervit.ee\/fi\/wp-json\/wp\/v2\/product_cat?post=5017"},{"taxonomy":"product_tag","embeddable":true,"href":"https:\/\/enervit.ee\/fi\/wp-json\/wp\/v2\/product_tag?post=5017"}],"curies":[{"name":"wp","href":"https:\/\/api.w.org\/{rel}","templated":true}]}}