{"id":5029,"date":"2024-11-07T11:38:55","date_gmt":"2024-11-07T09:38:55","guid":{"rendered":"https:\/\/enervit.ee\/product\/enervit-e-sport-presport-hyytelo-45g-karpalo\/"},"modified":"2024-11-07T11:38:55","modified_gmt":"2024-11-07T09:38:55","slug":"enervit-e-sport-presport-hyytelo-45g-karpalo","status":"publish","type":"product","link":"https:\/\/enervit.ee\/fi\/product\/enervit-e-sport-presport-hyytelo-45g-karpalo\/","title":{"rendered":"Enervit E.SPORT Presport hyytel\u00f6 45g karpalo"},"content":{"rendered":"","protected":false},"excerpt":{"rendered":"<p><strong>Aito Pre Sport<\/strong><br \/>\n-Ihanteellinen ennen fyysist\u00e4 aktiivisuutta<br \/>\n-Sis\u00e4lt\u00e4\u00e4 isomaltoosia<br \/>\n-Gluteeniton<br \/>\n-Karpalon maku<\/p>\n<p>&nbsp;<\/p>\n","protected":false},"featured_media":2343,"template":"","meta":{"_acf_changed":false},"product_brand":[],"product_cat":[91],"product_tag":[],"class_list":{"0":"post-5029","1":"product","2":"type-product","3":"status-publish","4":"has-post-thumbnail","6":"product_cat-urheiluravitsemus","8":"first","9":"instock","10":"featured","11":"shipping-taxable","12":"purchasable","13":"product-type-simple"},"acf":[],"yoast_head":"<!-- This site is optimized with the Yoast SEO plugin v27.1.1 - https:\/\/yoast.com\/product\/yoast-seo-wordpress\/ -->\n<title>Enervit E.SPORT Presport hyytel\u00f6 45g karpalo - Enervit<\/title>\n<meta name=\"robots\" content=\"index, follow, max-snippet:-1, max-image-preview:large, max-video-preview:-1\" \/>\n<link rel=\"canonical\" href=\"https:\/\/enervit.ee\/fi\/product\/enervit-e-sport-presport-hyytelo-45g-karpalo\/\" \/>\n<meta property=\"og:locale\" content=\"fi_FI\" \/>\n<meta property=\"og:type\" content=\"article\" \/>\n<meta property=\"og:title\" content=\"Enervit E.SPORT Presport hyytel\u00f6 45g karpalo - Enervit\" \/>\n<meta property=\"og:description\" content=\"Aito Pre Sport -Ihanteellinen ennen fyysist\u00e4 aktiivisuutta -Sis\u00e4lt\u00e4\u00e4 isomaltoosia -Gluteeniton -Karpalon maku &nbsp;\" \/>\n<meta property=\"og:url\" content=\"https:\/\/enervit.ee\/fi\/product\/enervit-e-sport-presport-hyytelo-45g-karpalo\/\" \/>\n<meta property=\"og:site_name\" content=\"Enervit\" \/>\n<meta property=\"og:image\" content=\"https:\/\/enervit.ee\/wp-content\/uploads\/2024\/11\/90531_presport_frutti-rossi_01_786x818_7.png\" \/>\n\t<meta property=\"og:image:width\" content=\"818\" \/>\n\t<meta property=\"og:image:height\" content=\"818\" \/>\n\t<meta property=\"og:image:type\" content=\"image\/png\" \/>\n<meta name=\"twitter:card\" content=\"summary_large_image\" \/>\n<script type=\"application\/ld+json\" class=\"yoast-schema-graph\">{\"@context\":\"https:\/\/schema.org\",\"@graph\":[{\"@type\":\"WebPage\",\"@id\":\"https:\/\/enervit.ee\/fi\/product\/enervit-e-sport-presport-hyytelo-45g-karpalo\/\",\"url\":\"https:\/\/enervit.ee\/fi\/product\/enervit-e-sport-presport-hyytelo-45g-karpalo\/\",\"name\":\"Enervit E.SPORT Presport hyytel\u00f6 45g karpalo - Enervit\",\"isPartOf\":{\"@id\":\"https:\/\/enervit.ee\/fi\/#website\"},\"primaryImageOfPage\":{\"@id\":\"https:\/\/enervit.ee\/fi\/product\/enervit-e-sport-presport-hyytelo-45g-karpalo\/#primaryimage\"},\"image\":{\"@id\":\"https:\/\/enervit.ee\/fi\/product\/enervit-e-sport-presport-hyytelo-45g-karpalo\/#primaryimage\"},\"thumbnailUrl\":\"https:\/\/enervit.ee\/wp-content\/uploads\/2024\/11\/90531_presport_frutti-rossi_01_786x818_7.png\",\"datePublished\":\"2024-11-07T09:38:55+00:00\",\"breadcrumb\":{\"@id\":\"https:\/\/enervit.ee\/fi\/product\/enervit-e-sport-presport-hyytelo-45g-karpalo\/#breadcrumb\"},\"inLanguage\":\"fi\",\"potentialAction\":[{\"@type\":\"ReadAction\",\"target\":[\"https:\/\/enervit.ee\/fi\/product\/enervit-e-sport-presport-hyytelo-45g-karpalo\/\"]}]},{\"@type\":\"ImageObject\",\"inLanguage\":\"fi\",\"@id\":\"https:\/\/enervit.ee\/fi\/product\/enervit-e-sport-presport-hyytelo-45g-karpalo\/#primaryimage\",\"url\":\"https:\/\/enervit.ee\/wp-content\/uploads\/2024\/11\/90531_presport_frutti-rossi_01_786x818_7.png\",\"contentUrl\":\"https:\/\/enervit.ee\/wp-content\/uploads\/2024\/11\/90531_presport_frutti-rossi_01_786x818_7.png\",\"width\":818,\"height\":818},{\"@type\":\"BreadcrumbList\",\"@id\":\"https:\/\/enervit.ee\/fi\/product\/enervit-e-sport-presport-hyytelo-45g-karpalo\/#breadcrumb\",\"itemListElement\":[{\"@type\":\"ListItem\",\"position\":1,\"name\":\"Home\",\"item\":\"https:\/\/enervit.ee\/fi\/kotisivu\/\"},{\"@type\":\"ListItem\",\"position\":2,\"name\":\"Verkkokauppa\",\"item\":\"https:\/\/enervit.ee\/fi\/shop\/\"},{\"@type\":\"ListItem\",\"position\":3,\"name\":\"Enervit E.SPORT Presport hyytel\u00f6 45g karpalo\"}]},{\"@type\":\"WebSite\",\"@id\":\"https:\/\/enervit.ee\/fi\/#website\",\"url\":\"https:\/\/enervit.ee\/fi\/\",\"name\":\"Enervit\",\"description\":\"\",\"publisher\":{\"@id\":\"https:\/\/enervit.ee\/fi\/#organization\"},\"potentialAction\":[{\"@type\":\"SearchAction\",\"target\":{\"@type\":\"EntryPoint\",\"urlTemplate\":\"https:\/\/enervit.ee\/fi\/?s={search_term_string}\"},\"query-input\":{\"@type\":\"PropertyValueSpecification\",\"valueRequired\":true,\"valueName\":\"search_term_string\"}}],\"inLanguage\":\"fi\"},{\"@type\":\"Organization\",\"@id\":\"https:\/\/enervit.ee\/fi\/#organization\",\"name\":\"Enervit\",\"url\":\"https:\/\/enervit.ee\/fi\/\",\"logo\":{\"@type\":\"ImageObject\",\"inLanguage\":\"fi\",\"@id\":\"https:\/\/enervit.ee\/fi\/#\/schema\/logo\/image\/\",\"url\":\"https:\/\/enervit.ee\/wp-content\/uploads\/2024\/09\/Enervit_logo.png\",\"contentUrl\":\"https:\/\/enervit.ee\/wp-content\/uploads\/2024\/09\/Enervit_logo.png\",\"width\":582,\"height\":582,\"caption\":\"Enervit\"},\"image\":{\"@id\":\"https:\/\/enervit.ee\/fi\/#\/schema\/logo\/image\/\"}}]}<\/script>\n<!-- \/ Yoast SEO plugin. -->","yoast_head_json":{"title":"Enervit E.SPORT Presport hyytel\u00f6 45g karpalo - Enervit","robots":{"index":"index","follow":"follow","max-snippet":"max-snippet:-1","max-image-preview":"max-image-preview:large","max-video-preview":"max-video-preview:-1"},"canonical":"https:\/\/enervit.ee\/fi\/product\/enervit-e-sport-presport-hyytelo-45g-karpalo\/","og_locale":"fi_FI","og_type":"article","og_title":"Enervit E.SPORT Presport hyytel\u00f6 45g karpalo - Enervit","og_description":"Aito Pre Sport -Ihanteellinen ennen fyysist\u00e4 aktiivisuutta -Sis\u00e4lt\u00e4\u00e4 isomaltoosia -Gluteeniton -Karpalon maku &nbsp;","og_url":"https:\/\/enervit.ee\/fi\/product\/enervit-e-sport-presport-hyytelo-45g-karpalo\/","og_site_name":"Enervit","og_image":[{"width":818,"height":818,"url":"https:\/\/enervit.ee\/wp-content\/uploads\/2024\/11\/90531_presport_frutti-rossi_01_786x818_7.png","type":"image\/png"}],"twitter_card":"summary_large_image","schema":{"@context":"https:\/\/schema.org","@graph":[{"@type":"WebPage","@id":"https:\/\/enervit.ee\/fi\/product\/enervit-e-sport-presport-hyytelo-45g-karpalo\/","url":"https:\/\/enervit.ee\/fi\/product\/enervit-e-sport-presport-hyytelo-45g-karpalo\/","name":"Enervit E.SPORT Presport hyytel\u00f6 45g karpalo - Enervit","isPartOf":{"@id":"https:\/\/enervit.ee\/fi\/#website"},"primaryImageOfPage":{"@id":"https:\/\/enervit.ee\/fi\/product\/enervit-e-sport-presport-hyytelo-45g-karpalo\/#primaryimage"},"image":{"@id":"https:\/\/enervit.ee\/fi\/product\/enervit-e-sport-presport-hyytelo-45g-karpalo\/#primaryimage"},"thumbnailUrl":"https:\/\/enervit.ee\/wp-content\/uploads\/2024\/11\/90531_presport_frutti-rossi_01_786x818_7.png","datePublished":"2024-11-07T09:38:55+00:00","breadcrumb":{"@id":"https:\/\/enervit.ee\/fi\/product\/enervit-e-sport-presport-hyytelo-45g-karpalo\/#breadcrumb"},"inLanguage":"fi","potentialAction":[{"@type":"ReadAction","target":["https:\/\/enervit.ee\/fi\/product\/enervit-e-sport-presport-hyytelo-45g-karpalo\/"]}]},{"@type":"ImageObject","inLanguage":"fi","@id":"https:\/\/enervit.ee\/fi\/product\/enervit-e-sport-presport-hyytelo-45g-karpalo\/#primaryimage","url":"https:\/\/enervit.ee\/wp-content\/uploads\/2024\/11\/90531_presport_frutti-rossi_01_786x818_7.png","contentUrl":"https:\/\/enervit.ee\/wp-content\/uploads\/2024\/11\/90531_presport_frutti-rossi_01_786x818_7.png","width":818,"height":818},{"@type":"BreadcrumbList","@id":"https:\/\/enervit.ee\/fi\/product\/enervit-e-sport-presport-hyytelo-45g-karpalo\/#breadcrumb","itemListElement":[{"@type":"ListItem","position":1,"name":"Home","item":"https:\/\/enervit.ee\/fi\/kotisivu\/"},{"@type":"ListItem","position":2,"name":"Verkkokauppa","item":"https:\/\/enervit.ee\/fi\/shop\/"},{"@type":"ListItem","position":3,"name":"Enervit E.SPORT Presport hyytel\u00f6 45g karpalo"}]},{"@type":"WebSite","@id":"https:\/\/enervit.ee\/fi\/#website","url":"https:\/\/enervit.ee\/fi\/","name":"Enervit","description":"","publisher":{"@id":"https:\/\/enervit.ee\/fi\/#organization"},"potentialAction":[{"@type":"SearchAction","target":{"@type":"EntryPoint","urlTemplate":"https:\/\/enervit.ee\/fi\/?s={search_term_string}"},"query-input":{"@type":"PropertyValueSpecification","valueRequired":true,"valueName":"search_term_string"}}],"inLanguage":"fi"},{"@type":"Organization","@id":"https:\/\/enervit.ee\/fi\/#organization","name":"Enervit","url":"https:\/\/enervit.ee\/fi\/","logo":{"@type":"ImageObject","inLanguage":"fi","@id":"https:\/\/enervit.ee\/fi\/#\/schema\/logo\/image\/","url":"https:\/\/enervit.ee\/wp-content\/uploads\/2024\/09\/Enervit_logo.png","contentUrl":"https:\/\/enervit.ee\/wp-content\/uploads\/2024\/09\/Enervit_logo.png","width":582,"height":582,"caption":"Enervit"},"image":{"@id":"https:\/\/enervit.ee\/fi\/#\/schema\/logo\/image\/"}}]}},"_links":{"self":[{"href":"https:\/\/enervit.ee\/fi\/wp-json\/wp\/v2\/product\/5029","targetHints":{"allow":["GET"]}}],"collection":[{"href":"https:\/\/enervit.ee\/fi\/wp-json\/wp\/v2\/product"}],"about":[{"href":"https:\/\/enervit.ee\/fi\/wp-json\/wp\/v2\/types\/product"}],"wp:featuredmedia":[{"embeddable":true,"href":"https:\/\/enervit.ee\/fi\/wp-json\/wp\/v2\/media\/2343"}],"wp:attachment":[{"href":"https:\/\/enervit.ee\/fi\/wp-json\/wp\/v2\/media?parent=5029"}],"wp:term":[{"taxonomy":"product_brand","embeddable":true,"href":"https:\/\/enervit.ee\/fi\/wp-json\/wp\/v2\/product_brand?post=5029"},{"taxonomy":"product_cat","embeddable":true,"href":"https:\/\/enervit.ee\/fi\/wp-json\/wp\/v2\/product_cat?post=5029"},{"taxonomy":"product_tag","embeddable":true,"href":"https:\/\/enervit.ee\/fi\/wp-json\/wp\/v2\/product_tag?post=5029"}],"curies":[{"name":"wp","href":"https:\/\/api.w.org\/{rel}","templated":true}]}}