{"id":5032,"date":"2024-11-07T11:13:41","date_gmt":"2024-11-07T09:13:41","guid":{"rendered":"https:\/\/enervit.ee\/product\/enervit-enerzona-omega-3rx-nestemainen-333-ml-x-5-epadha\/"},"modified":"2025-05-23T11:52:29","modified_gmt":"2025-05-23T08:52:29","slug":"enervit-enerzona-omega-3rx-nestemainen-333-ml-x-5-epadha","status":"publish","type":"product","link":"https:\/\/enervit.ee\/fi\/product\/enervit-enerzona-omega-3rx-nestemainen-333-ml-x-5-epadha\/","title":{"rendered":"Enervit EnerZona Omega 3RX nestem\u00e4inen 33,3 ml x 5 (EPA+DHA)"},"content":{"rendered":"","protected":false},"excerpt":{"rendered":"<p><strong>Omega-3 rasvahappolis\u00e4ke<\/strong><br \/>\n-Omega-3 rasvahapot<br \/>\n-EPA ja DHA suhteessa 2:1<br \/>\n-Sertifioitu kolmella kansainv\u00e4lisell\u00e4 organisaatiolla (IFOS, Marin Trust ja Friend of the Sea)<br \/>\n-Gluteeniton<\/p>\n","protected":false},"featured_media":2315,"template":"","meta":{"_acf_changed":false},"product_brand":[],"product_cat":[82],"product_tag":[],"class_list":{"0":"post-5032","1":"product","2":"type-product","3":"status-publish","4":"has-post-thumbnail","6":"product_cat-omega-3-fi","8":"first","9":"instock","10":"shipping-taxable","11":"purchasable","12":"product-type-simple"},"acf":[],"yoast_head":"<!-- This site is optimized with the Yoast SEO plugin v27.1.1 - https:\/\/yoast.com\/product\/yoast-seo-wordpress\/ -->\n<title>Enervit EnerZona Omega 3RX nestem\u00e4inen 33,3 ml x 5 (EPA+DHA) - Enervit<\/title>\n<meta name=\"robots\" content=\"index, follow, max-snippet:-1, max-image-preview:large, max-video-preview:-1\" \/>\n<link rel=\"canonical\" href=\"https:\/\/enervit.ee\/fi\/product\/enervit-enerzona-omega-3rx-nestemainen-333-ml-x-5-epadha\/\" \/>\n<meta property=\"og:locale\" content=\"fi_FI\" \/>\n<meta property=\"og:type\" content=\"article\" \/>\n<meta property=\"og:title\" content=\"Enervit EnerZona Omega 3RX nestem\u00e4inen 33,3 ml x 5 (EPA+DHA) - Enervit\" \/>\n<meta property=\"og:description\" content=\"Omega-3 rasvahappolis\u00e4ke -Omega-3 rasvahapot -EPA ja DHA suhteessa 2:1 -Sertifioitu kolmella kansainv\u00e4lisell\u00e4 organisaatiolla (IFOS, Marin Trust ja Friend of the Sea) -Gluteeniton\" \/>\n<meta property=\"og:url\" content=\"https:\/\/enervit.ee\/fi\/product\/enervit-enerzona-omega-3rx-nestemainen-333-ml-x-5-epadha\/\" \/>\n<meta property=\"og:site_name\" content=\"Enervit\" \/>\n<meta property=\"article:modified_time\" content=\"2025-05-23T08:52:29+00:00\" \/>\n<meta property=\"og:image\" content=\"https:\/\/enervit.ee\/wp-content\/uploads\/2024\/11\/92468_omega3rxliquido_01.png\" \/>\n\t<meta property=\"og:image:width\" content=\"786\" \/>\n\t<meta property=\"og:image:height\" content=\"786\" \/>\n\t<meta property=\"og:image:type\" content=\"image\/png\" \/>\n<meta name=\"twitter:card\" content=\"summary_large_image\" \/>\n<script type=\"application\/ld+json\" class=\"yoast-schema-graph\">{\"@context\":\"https:\/\/schema.org\",\"@graph\":[{\"@type\":\"WebPage\",\"@id\":\"https:\/\/enervit.ee\/fi\/product\/enervit-enerzona-omega-3rx-nestemainen-333-ml-x-5-epadha\/\",\"url\":\"https:\/\/enervit.ee\/fi\/product\/enervit-enerzona-omega-3rx-nestemainen-333-ml-x-5-epadha\/\",\"name\":\"Enervit EnerZona Omega 3RX nestem\u00e4inen 33,3 ml x 5 (EPA+DHA) - Enervit\",\"isPartOf\":{\"@id\":\"https:\/\/enervit.ee\/fi\/#website\"},\"primaryImageOfPage\":{\"@id\":\"https:\/\/enervit.ee\/fi\/product\/enervit-enerzona-omega-3rx-nestemainen-333-ml-x-5-epadha\/#primaryimage\"},\"image\":{\"@id\":\"https:\/\/enervit.ee\/fi\/product\/enervit-enerzona-omega-3rx-nestemainen-333-ml-x-5-epadha\/#primaryimage\"},\"thumbnailUrl\":\"https:\/\/enervit.ee\/wp-content\/uploads\/2024\/11\/92468_omega3rxliquido_01.png\",\"datePublished\":\"2024-11-07T09:13:41+00:00\",\"dateModified\":\"2025-05-23T08:52:29+00:00\",\"breadcrumb\":{\"@id\":\"https:\/\/enervit.ee\/fi\/product\/enervit-enerzona-omega-3rx-nestemainen-333-ml-x-5-epadha\/#breadcrumb\"},\"inLanguage\":\"fi\",\"potentialAction\":[{\"@type\":\"ReadAction\",\"target\":[\"https:\/\/enervit.ee\/fi\/product\/enervit-enerzona-omega-3rx-nestemainen-333-ml-x-5-epadha\/\"]}]},{\"@type\":\"ImageObject\",\"inLanguage\":\"fi\",\"@id\":\"https:\/\/enervit.ee\/fi\/product\/enervit-enerzona-omega-3rx-nestemainen-333-ml-x-5-epadha\/#primaryimage\",\"url\":\"https:\/\/enervit.ee\/wp-content\/uploads\/2024\/11\/92468_omega3rxliquido_01.png\",\"contentUrl\":\"https:\/\/enervit.ee\/wp-content\/uploads\/2024\/11\/92468_omega3rxliquido_01.png\",\"width\":786,\"height\":786},{\"@type\":\"BreadcrumbList\",\"@id\":\"https:\/\/enervit.ee\/fi\/product\/enervit-enerzona-omega-3rx-nestemainen-333-ml-x-5-epadha\/#breadcrumb\",\"itemListElement\":[{\"@type\":\"ListItem\",\"position\":1,\"name\":\"Home\",\"item\":\"https:\/\/enervit.ee\/fi\/kotisivu\/\"},{\"@type\":\"ListItem\",\"position\":2,\"name\":\"Verkkokauppa\",\"item\":\"https:\/\/enervit.ee\/fi\/shop\/\"},{\"@type\":\"ListItem\",\"position\":3,\"name\":\"Enervit EnerZona Omega 3RX nestem\u00e4inen 33,3 ml x 5 (EPA+DHA)\"}]},{\"@type\":\"WebSite\",\"@id\":\"https:\/\/enervit.ee\/fi\/#website\",\"url\":\"https:\/\/enervit.ee\/fi\/\",\"name\":\"Enervit\",\"description\":\"\",\"publisher\":{\"@id\":\"https:\/\/enervit.ee\/fi\/#organization\"},\"potentialAction\":[{\"@type\":\"SearchAction\",\"target\":{\"@type\":\"EntryPoint\",\"urlTemplate\":\"https:\/\/enervit.ee\/fi\/?s={search_term_string}\"},\"query-input\":{\"@type\":\"PropertyValueSpecification\",\"valueRequired\":true,\"valueName\":\"search_term_string\"}}],\"inLanguage\":\"fi\"},{\"@type\":\"Organization\",\"@id\":\"https:\/\/enervit.ee\/fi\/#organization\",\"name\":\"Enervit\",\"url\":\"https:\/\/enervit.ee\/fi\/\",\"logo\":{\"@type\":\"ImageObject\",\"inLanguage\":\"fi\",\"@id\":\"https:\/\/enervit.ee\/fi\/#\/schema\/logo\/image\/\",\"url\":\"https:\/\/enervit.ee\/wp-content\/uploads\/2024\/09\/Enervit_logo.png\",\"contentUrl\":\"https:\/\/enervit.ee\/wp-content\/uploads\/2024\/09\/Enervit_logo.png\",\"width\":582,\"height\":582,\"caption\":\"Enervit\"},\"image\":{\"@id\":\"https:\/\/enervit.ee\/fi\/#\/schema\/logo\/image\/\"}}]}<\/script>\n<!-- \/ Yoast SEO plugin. -->","yoast_head_json":{"title":"Enervit EnerZona Omega 3RX nestem\u00e4inen 33,3 ml x 5 (EPA+DHA) - Enervit","robots":{"index":"index","follow":"follow","max-snippet":"max-snippet:-1","max-image-preview":"max-image-preview:large","max-video-preview":"max-video-preview:-1"},"canonical":"https:\/\/enervit.ee\/fi\/product\/enervit-enerzona-omega-3rx-nestemainen-333-ml-x-5-epadha\/","og_locale":"fi_FI","og_type":"article","og_title":"Enervit EnerZona Omega 3RX nestem\u00e4inen 33,3 ml x 5 (EPA+DHA) - Enervit","og_description":"Omega-3 rasvahappolis\u00e4ke -Omega-3 rasvahapot -EPA ja DHA suhteessa 2:1 -Sertifioitu kolmella kansainv\u00e4lisell\u00e4 organisaatiolla (IFOS, Marin Trust ja Friend of the Sea) -Gluteeniton","og_url":"https:\/\/enervit.ee\/fi\/product\/enervit-enerzona-omega-3rx-nestemainen-333-ml-x-5-epadha\/","og_site_name":"Enervit","article_modified_time":"2025-05-23T08:52:29+00:00","og_image":[{"width":786,"height":786,"url":"https:\/\/enervit.ee\/wp-content\/uploads\/2024\/11\/92468_omega3rxliquido_01.png","type":"image\/png"}],"twitter_card":"summary_large_image","schema":{"@context":"https:\/\/schema.org","@graph":[{"@type":"WebPage","@id":"https:\/\/enervit.ee\/fi\/product\/enervit-enerzona-omega-3rx-nestemainen-333-ml-x-5-epadha\/","url":"https:\/\/enervit.ee\/fi\/product\/enervit-enerzona-omega-3rx-nestemainen-333-ml-x-5-epadha\/","name":"Enervit EnerZona Omega 3RX nestem\u00e4inen 33,3 ml x 5 (EPA+DHA) - Enervit","isPartOf":{"@id":"https:\/\/enervit.ee\/fi\/#website"},"primaryImageOfPage":{"@id":"https:\/\/enervit.ee\/fi\/product\/enervit-enerzona-omega-3rx-nestemainen-333-ml-x-5-epadha\/#primaryimage"},"image":{"@id":"https:\/\/enervit.ee\/fi\/product\/enervit-enerzona-omega-3rx-nestemainen-333-ml-x-5-epadha\/#primaryimage"},"thumbnailUrl":"https:\/\/enervit.ee\/wp-content\/uploads\/2024\/11\/92468_omega3rxliquido_01.png","datePublished":"2024-11-07T09:13:41+00:00","dateModified":"2025-05-23T08:52:29+00:00","breadcrumb":{"@id":"https:\/\/enervit.ee\/fi\/product\/enervit-enerzona-omega-3rx-nestemainen-333-ml-x-5-epadha\/#breadcrumb"},"inLanguage":"fi","potentialAction":[{"@type":"ReadAction","target":["https:\/\/enervit.ee\/fi\/product\/enervit-enerzona-omega-3rx-nestemainen-333-ml-x-5-epadha\/"]}]},{"@type":"ImageObject","inLanguage":"fi","@id":"https:\/\/enervit.ee\/fi\/product\/enervit-enerzona-omega-3rx-nestemainen-333-ml-x-5-epadha\/#primaryimage","url":"https:\/\/enervit.ee\/wp-content\/uploads\/2024\/11\/92468_omega3rxliquido_01.png","contentUrl":"https:\/\/enervit.ee\/wp-content\/uploads\/2024\/11\/92468_omega3rxliquido_01.png","width":786,"height":786},{"@type":"BreadcrumbList","@id":"https:\/\/enervit.ee\/fi\/product\/enervit-enerzona-omega-3rx-nestemainen-333-ml-x-5-epadha\/#breadcrumb","itemListElement":[{"@type":"ListItem","position":1,"name":"Home","item":"https:\/\/enervit.ee\/fi\/kotisivu\/"},{"@type":"ListItem","position":2,"name":"Verkkokauppa","item":"https:\/\/enervit.ee\/fi\/shop\/"},{"@type":"ListItem","position":3,"name":"Enervit EnerZona Omega 3RX nestem\u00e4inen 33,3 ml x 5 (EPA+DHA)"}]},{"@type":"WebSite","@id":"https:\/\/enervit.ee\/fi\/#website","url":"https:\/\/enervit.ee\/fi\/","name":"Enervit","description":"","publisher":{"@id":"https:\/\/enervit.ee\/fi\/#organization"},"potentialAction":[{"@type":"SearchAction","target":{"@type":"EntryPoint","urlTemplate":"https:\/\/enervit.ee\/fi\/?s={search_term_string}"},"query-input":{"@type":"PropertyValueSpecification","valueRequired":true,"valueName":"search_term_string"}}],"inLanguage":"fi"},{"@type":"Organization","@id":"https:\/\/enervit.ee\/fi\/#organization","name":"Enervit","url":"https:\/\/enervit.ee\/fi\/","logo":{"@type":"ImageObject","inLanguage":"fi","@id":"https:\/\/enervit.ee\/fi\/#\/schema\/logo\/image\/","url":"https:\/\/enervit.ee\/wp-content\/uploads\/2024\/09\/Enervit_logo.png","contentUrl":"https:\/\/enervit.ee\/wp-content\/uploads\/2024\/09\/Enervit_logo.png","width":582,"height":582,"caption":"Enervit"},"image":{"@id":"https:\/\/enervit.ee\/fi\/#\/schema\/logo\/image\/"}}]}},"_links":{"self":[{"href":"https:\/\/enervit.ee\/fi\/wp-json\/wp\/v2\/product\/5032","targetHints":{"allow":["GET"]}}],"collection":[{"href":"https:\/\/enervit.ee\/fi\/wp-json\/wp\/v2\/product"}],"about":[{"href":"https:\/\/enervit.ee\/fi\/wp-json\/wp\/v2\/types\/product"}],"wp:featuredmedia":[{"embeddable":true,"href":"https:\/\/enervit.ee\/fi\/wp-json\/wp\/v2\/media\/2315"}],"wp:attachment":[{"href":"https:\/\/enervit.ee\/fi\/wp-json\/wp\/v2\/media?parent=5032"}],"wp:term":[{"taxonomy":"product_brand","embeddable":true,"href":"https:\/\/enervit.ee\/fi\/wp-json\/wp\/v2\/product_brand?post=5032"},{"taxonomy":"product_cat","embeddable":true,"href":"https:\/\/enervit.ee\/fi\/wp-json\/wp\/v2\/product_cat?post=5032"},{"taxonomy":"product_tag","embeddable":true,"href":"https:\/\/enervit.ee\/fi\/wp-json\/wp\/v2\/product_tag?post=5032"}],"curies":[{"name":"wp","href":"https:\/\/api.w.org\/{rel}","templated":true}]}}