{"id":5053,"date":"2024-11-06T16:24:37","date_gmt":"2024-11-06T14:24:37","guid":{"rendered":"https:\/\/enervit.ee\/product\/enervit-c21-jelly-carbo-50g-trooppinen\/"},"modified":"2024-11-06T16:24:37","modified_gmt":"2024-11-06T14:24:37","slug":"enervit-c21-jelly-carbo-50g-trooppinen","status":"publish","type":"product","link":"https:\/\/enervit.ee\/fi\/product\/enervit-c21-jelly-carbo-50g-trooppinen\/","title":{"rendered":"Enervit C2:1 Jelly Carbo 50g, trooppinen"},"content":{"rendered":"","protected":false},"excerpt":{"rendered":"<p><strong>Hyytel\u00f6, jossa on hiilihydraatteja ja B1-vitamiinia<\/strong><br \/>\n-Patenttihakemus vireill\u00e4 oleva koostumus<br \/>\n-30 g hiilihydraatteja per 50 ml pakkaus<br \/>\n-Ei sis\u00e4ll\u00e4 rasvaa<br \/>\n-Gluteeniton<br \/>\n-Trooppisten hedelmien maku<\/p>\n","protected":false},"featured_media":2145,"template":"","meta":{"_acf_changed":false},"product_brand":[],"product_cat":[91],"product_tag":[],"class_list":{"0":"post-5053","1":"product","2":"type-product","3":"status-publish","4":"has-post-thumbnail","6":"product_cat-urheiluravitsemus","8":"first","9":"outofstock","10":"shipping-taxable","11":"purchasable","12":"product-type-simple"},"acf":[],"yoast_head":"<!-- This site is optimized with the Yoast SEO plugin v27.1.1 - https:\/\/yoast.com\/product\/yoast-seo-wordpress\/ -->\n<title>Enervit C2:1 Jelly Carbo 50g, trooppinen - Enervit<\/title>\n<meta name=\"robots\" content=\"index, follow, max-snippet:-1, max-image-preview:large, max-video-preview:-1\" \/>\n<link rel=\"canonical\" href=\"https:\/\/enervit.ee\/fi\/product\/enervit-c21-jelly-carbo-50g-trooppinen\/\" \/>\n<meta property=\"og:locale\" content=\"fi_FI\" \/>\n<meta property=\"og:type\" content=\"article\" \/>\n<meta property=\"og:title\" content=\"Enervit C2:1 Jelly Carbo 50g, trooppinen - Enervit\" \/>\n<meta property=\"og:description\" content=\"Hyytel\u00f6, jossa on hiilihydraatteja ja B1-vitamiinia -Patenttihakemus vireill\u00e4 oleva koostumus -30 g hiilihydraatteja per 50 ml pakkaus -Ei sis\u00e4ll\u00e4 rasvaa -Gluteeniton -Trooppisten hedelmien maku\" \/>\n<meta property=\"og:url\" content=\"https:\/\/enervit.ee\/fi\/product\/enervit-c21-jelly-carbo-50g-trooppinen\/\" \/>\n<meta property=\"og:site_name\" content=\"Enervit\" \/>\n<meta property=\"og:image\" content=\"https:\/\/enervit.ee\/wp-content\/uploads\/2024\/11\/enervit-carbo-jelly-tropical-fruits-foil-_1.png\" \/>\n\t<meta property=\"og:image:width\" content=\"818\" \/>\n\t<meta property=\"og:image:height\" content=\"818\" \/>\n\t<meta property=\"og:image:type\" content=\"image\/png\" \/>\n<meta name=\"twitter:card\" content=\"summary_large_image\" \/>\n<script type=\"application\/ld+json\" class=\"yoast-schema-graph\">{\"@context\":\"https:\/\/schema.org\",\"@graph\":[{\"@type\":\"WebPage\",\"@id\":\"https:\/\/enervit.ee\/fi\/product\/enervit-c21-jelly-carbo-50g-trooppinen\/\",\"url\":\"https:\/\/enervit.ee\/fi\/product\/enervit-c21-jelly-carbo-50g-trooppinen\/\",\"name\":\"Enervit C2:1 Jelly Carbo 50g, trooppinen - Enervit\",\"isPartOf\":{\"@id\":\"https:\/\/enervit.ee\/fi\/#website\"},\"primaryImageOfPage\":{\"@id\":\"https:\/\/enervit.ee\/fi\/product\/enervit-c21-jelly-carbo-50g-trooppinen\/#primaryimage\"},\"image\":{\"@id\":\"https:\/\/enervit.ee\/fi\/product\/enervit-c21-jelly-carbo-50g-trooppinen\/#primaryimage\"},\"thumbnailUrl\":\"https:\/\/enervit.ee\/wp-content\/uploads\/2024\/11\/enervit-carbo-jelly-tropical-fruits-foil-_1.png\",\"datePublished\":\"2024-11-06T14:24:37+00:00\",\"breadcrumb\":{\"@id\":\"https:\/\/enervit.ee\/fi\/product\/enervit-c21-jelly-carbo-50g-trooppinen\/#breadcrumb\"},\"inLanguage\":\"fi\",\"potentialAction\":[{\"@type\":\"ReadAction\",\"target\":[\"https:\/\/enervit.ee\/fi\/product\/enervit-c21-jelly-carbo-50g-trooppinen\/\"]}]},{\"@type\":\"ImageObject\",\"inLanguage\":\"fi\",\"@id\":\"https:\/\/enervit.ee\/fi\/product\/enervit-c21-jelly-carbo-50g-trooppinen\/#primaryimage\",\"url\":\"https:\/\/enervit.ee\/wp-content\/uploads\/2024\/11\/enervit-carbo-jelly-tropical-fruits-foil-_1.png\",\"contentUrl\":\"https:\/\/enervit.ee\/wp-content\/uploads\/2024\/11\/enervit-carbo-jelly-tropical-fruits-foil-_1.png\",\"width\":818,\"height\":818},{\"@type\":\"BreadcrumbList\",\"@id\":\"https:\/\/enervit.ee\/fi\/product\/enervit-c21-jelly-carbo-50g-trooppinen\/#breadcrumb\",\"itemListElement\":[{\"@type\":\"ListItem\",\"position\":1,\"name\":\"Home\",\"item\":\"https:\/\/enervit.ee\/fi\/kotisivu\/\"},{\"@type\":\"ListItem\",\"position\":2,\"name\":\"Verkkokauppa\",\"item\":\"https:\/\/enervit.ee\/fi\/shop\/\"},{\"@type\":\"ListItem\",\"position\":3,\"name\":\"Enervit C2:1 Jelly Carbo 50g, trooppinen\"}]},{\"@type\":\"WebSite\",\"@id\":\"https:\/\/enervit.ee\/fi\/#website\",\"url\":\"https:\/\/enervit.ee\/fi\/\",\"name\":\"Enervit\",\"description\":\"\",\"publisher\":{\"@id\":\"https:\/\/enervit.ee\/fi\/#organization\"},\"potentialAction\":[{\"@type\":\"SearchAction\",\"target\":{\"@type\":\"EntryPoint\",\"urlTemplate\":\"https:\/\/enervit.ee\/fi\/?s={search_term_string}\"},\"query-input\":{\"@type\":\"PropertyValueSpecification\",\"valueRequired\":true,\"valueName\":\"search_term_string\"}}],\"inLanguage\":\"fi\"},{\"@type\":\"Organization\",\"@id\":\"https:\/\/enervit.ee\/fi\/#organization\",\"name\":\"Enervit\",\"url\":\"https:\/\/enervit.ee\/fi\/\",\"logo\":{\"@type\":\"ImageObject\",\"inLanguage\":\"fi\",\"@id\":\"https:\/\/enervit.ee\/fi\/#\/schema\/logo\/image\/\",\"url\":\"https:\/\/enervit.ee\/wp-content\/uploads\/2024\/09\/Enervit_logo.png\",\"contentUrl\":\"https:\/\/enervit.ee\/wp-content\/uploads\/2024\/09\/Enervit_logo.png\",\"width\":582,\"height\":582,\"caption\":\"Enervit\"},\"image\":{\"@id\":\"https:\/\/enervit.ee\/fi\/#\/schema\/logo\/image\/\"}}]}<\/script>\n<!-- \/ Yoast SEO plugin. -->","yoast_head_json":{"title":"Enervit C2:1 Jelly Carbo 50g, trooppinen - Enervit","robots":{"index":"index","follow":"follow","max-snippet":"max-snippet:-1","max-image-preview":"max-image-preview:large","max-video-preview":"max-video-preview:-1"},"canonical":"https:\/\/enervit.ee\/fi\/product\/enervit-c21-jelly-carbo-50g-trooppinen\/","og_locale":"fi_FI","og_type":"article","og_title":"Enervit C2:1 Jelly Carbo 50g, trooppinen - Enervit","og_description":"Hyytel\u00f6, jossa on hiilihydraatteja ja B1-vitamiinia -Patenttihakemus vireill\u00e4 oleva koostumus -30 g hiilihydraatteja per 50 ml pakkaus -Ei sis\u00e4ll\u00e4 rasvaa -Gluteeniton -Trooppisten hedelmien maku","og_url":"https:\/\/enervit.ee\/fi\/product\/enervit-c21-jelly-carbo-50g-trooppinen\/","og_site_name":"Enervit","og_image":[{"width":818,"height":818,"url":"https:\/\/enervit.ee\/wp-content\/uploads\/2024\/11\/enervit-carbo-jelly-tropical-fruits-foil-_1.png","type":"image\/png"}],"twitter_card":"summary_large_image","schema":{"@context":"https:\/\/schema.org","@graph":[{"@type":"WebPage","@id":"https:\/\/enervit.ee\/fi\/product\/enervit-c21-jelly-carbo-50g-trooppinen\/","url":"https:\/\/enervit.ee\/fi\/product\/enervit-c21-jelly-carbo-50g-trooppinen\/","name":"Enervit C2:1 Jelly Carbo 50g, trooppinen - Enervit","isPartOf":{"@id":"https:\/\/enervit.ee\/fi\/#website"},"primaryImageOfPage":{"@id":"https:\/\/enervit.ee\/fi\/product\/enervit-c21-jelly-carbo-50g-trooppinen\/#primaryimage"},"image":{"@id":"https:\/\/enervit.ee\/fi\/product\/enervit-c21-jelly-carbo-50g-trooppinen\/#primaryimage"},"thumbnailUrl":"https:\/\/enervit.ee\/wp-content\/uploads\/2024\/11\/enervit-carbo-jelly-tropical-fruits-foil-_1.png","datePublished":"2024-11-06T14:24:37+00:00","breadcrumb":{"@id":"https:\/\/enervit.ee\/fi\/product\/enervit-c21-jelly-carbo-50g-trooppinen\/#breadcrumb"},"inLanguage":"fi","potentialAction":[{"@type":"ReadAction","target":["https:\/\/enervit.ee\/fi\/product\/enervit-c21-jelly-carbo-50g-trooppinen\/"]}]},{"@type":"ImageObject","inLanguage":"fi","@id":"https:\/\/enervit.ee\/fi\/product\/enervit-c21-jelly-carbo-50g-trooppinen\/#primaryimage","url":"https:\/\/enervit.ee\/wp-content\/uploads\/2024\/11\/enervit-carbo-jelly-tropical-fruits-foil-_1.png","contentUrl":"https:\/\/enervit.ee\/wp-content\/uploads\/2024\/11\/enervit-carbo-jelly-tropical-fruits-foil-_1.png","width":818,"height":818},{"@type":"BreadcrumbList","@id":"https:\/\/enervit.ee\/fi\/product\/enervit-c21-jelly-carbo-50g-trooppinen\/#breadcrumb","itemListElement":[{"@type":"ListItem","position":1,"name":"Home","item":"https:\/\/enervit.ee\/fi\/kotisivu\/"},{"@type":"ListItem","position":2,"name":"Verkkokauppa","item":"https:\/\/enervit.ee\/fi\/shop\/"},{"@type":"ListItem","position":3,"name":"Enervit C2:1 Jelly Carbo 50g, trooppinen"}]},{"@type":"WebSite","@id":"https:\/\/enervit.ee\/fi\/#website","url":"https:\/\/enervit.ee\/fi\/","name":"Enervit","description":"","publisher":{"@id":"https:\/\/enervit.ee\/fi\/#organization"},"potentialAction":[{"@type":"SearchAction","target":{"@type":"EntryPoint","urlTemplate":"https:\/\/enervit.ee\/fi\/?s={search_term_string}"},"query-input":{"@type":"PropertyValueSpecification","valueRequired":true,"valueName":"search_term_string"}}],"inLanguage":"fi"},{"@type":"Organization","@id":"https:\/\/enervit.ee\/fi\/#organization","name":"Enervit","url":"https:\/\/enervit.ee\/fi\/","logo":{"@type":"ImageObject","inLanguage":"fi","@id":"https:\/\/enervit.ee\/fi\/#\/schema\/logo\/image\/","url":"https:\/\/enervit.ee\/wp-content\/uploads\/2024\/09\/Enervit_logo.png","contentUrl":"https:\/\/enervit.ee\/wp-content\/uploads\/2024\/09\/Enervit_logo.png","width":582,"height":582,"caption":"Enervit"},"image":{"@id":"https:\/\/enervit.ee\/fi\/#\/schema\/logo\/image\/"}}]}},"_links":{"self":[{"href":"https:\/\/enervit.ee\/fi\/wp-json\/wp\/v2\/product\/5053","targetHints":{"allow":["GET"]}}],"collection":[{"href":"https:\/\/enervit.ee\/fi\/wp-json\/wp\/v2\/product"}],"about":[{"href":"https:\/\/enervit.ee\/fi\/wp-json\/wp\/v2\/types\/product"}],"wp:featuredmedia":[{"embeddable":true,"href":"https:\/\/enervit.ee\/fi\/wp-json\/wp\/v2\/media\/2145"}],"wp:attachment":[{"href":"https:\/\/enervit.ee\/fi\/wp-json\/wp\/v2\/media?parent=5053"}],"wp:term":[{"taxonomy":"product_brand","embeddable":true,"href":"https:\/\/enervit.ee\/fi\/wp-json\/wp\/v2\/product_brand?post=5053"},{"taxonomy":"product_cat","embeddable":true,"href":"https:\/\/enervit.ee\/fi\/wp-json\/wp\/v2\/product_cat?post=5053"},{"taxonomy":"product_tag","embeddable":true,"href":"https:\/\/enervit.ee\/fi\/wp-json\/wp\/v2\/product_tag?post=5053"}],"curies":[{"name":"wp","href":"https:\/\/api.w.org\/{rel}","templated":true}]}}