{"id":5907,"date":"2025-10-08T16:01:36","date_gmt":"2025-10-08T13:01:36","guid":{"rendered":"https:\/\/enervit.ee\/product\/enervit-e-sport-magic-cherry-9g\/"},"modified":"2025-10-28T15:01:09","modified_gmt":"2025-10-28T13:01:09","slug":"enervit-e-sport-magic-cherry-9g","status":"publish","type":"product","link":"https:\/\/enervit.ee\/fi\/product\/enervit-e-sport-magic-cherry-9g\/","title":{"rendered":"Enervit E.SPORT Magic Cherry 9g"},"content":{"rendered":"","protected":false},"excerpt":{"rendered":"<p>Ravintolis\u00e4, joka sis\u00e4lt\u00e4\u00e4 hapankirsikkauutetta, standardoitu polyfenolien m\u00e4\u00e4r\u00e4n mukaan<br \/>\n-Antioksidanttinen tuki urheilun j\u00e4lkeen<br \/>\n-Valmistettu CherryCraft\u00ae eurooppalaisesta hapankirsikkauutteesta (Prunus cerasus L.)<br \/>\n-300 mg polyfenoleja, joista 50 mg antosyaaneja<br \/>\n-V\u00e4h\u00e4n kaloreita ( &lt;14 kcal\/100 ml)<br \/>\n-Ei sis\u00e4ll\u00e4 sokeria eik\u00e4 makeutusaineita<\/p>\n","protected":false},"featured_media":5874,"template":"","meta":{"_acf_changed":false},"product_brand":[],"product_cat":[91],"product_tag":[],"class_list":{"0":"post-5907","1":"product","2":"type-product","3":"status-publish","4":"has-post-thumbnail","6":"product_cat-urheiluravitsemus","8":"first","9":"instock","10":"shipping-taxable","11":"purchasable","12":"product-type-simple"},"acf":[],"yoast_head":"<!-- This site is optimized with the Yoast SEO plugin v27.1.1 - https:\/\/yoast.com\/product\/yoast-seo-wordpress\/ -->\n<title>Enervit E.SPORT Magic Cherry 9g - Enervit<\/title>\n<meta name=\"robots\" content=\"index, follow, max-snippet:-1, max-image-preview:large, max-video-preview:-1\" \/>\n<link rel=\"canonical\" href=\"https:\/\/enervit.ee\/fi\/product\/enervit-e-sport-magic-cherry-9g\/\" \/>\n<meta property=\"og:locale\" content=\"fi_FI\" \/>\n<meta property=\"og:type\" content=\"article\" \/>\n<meta property=\"og:title\" content=\"Enervit E.SPORT Magic Cherry 9g - Enervit\" \/>\n<meta property=\"og:description\" content=\"Ravintolis\u00e4, joka sis\u00e4lt\u00e4\u00e4 hapankirsikkauutetta, standardoitu polyfenolien m\u00e4\u00e4r\u00e4n mukaan -Antioksidanttinen tuki urheilun j\u00e4lkeen -Valmistettu CherryCraft\u00ae eurooppalaisesta hapankirsikkauutteesta (Prunus cerasus L.) -300 mg polyfenoleja, joista 50 mg antosyaaneja -V\u00e4h\u00e4n kaloreita ( &lt;14 kcal\/100 ml) -Ei sis\u00e4ll\u00e4 sokeria eik\u00e4 makeutusaineita\" \/>\n<meta property=\"og:url\" content=\"https:\/\/enervit.ee\/fi\/product\/enervit-e-sport-magic-cherry-9g\/\" \/>\n<meta property=\"og:site_name\" content=\"Enervit\" \/>\n<meta property=\"article:modified_time\" content=\"2025-10-28T13:01:09+00:00\" \/>\n<meta property=\"og:image\" content=\"https:\/\/enervit.ee\/wp-content\/uploads\/2025\/10\/magic-cherry.png\" \/>\n\t<meta property=\"og:image:width\" content=\"1080\" \/>\n\t<meta property=\"og:image:height\" content=\"1080\" \/>\n\t<meta property=\"og:image:type\" content=\"image\/png\" \/>\n<meta name=\"twitter:card\" content=\"summary_large_image\" \/>\n<script type=\"application\/ld+json\" class=\"yoast-schema-graph\">{\"@context\":\"https:\/\/schema.org\",\"@graph\":[{\"@type\":\"WebPage\",\"@id\":\"https:\/\/enervit.ee\/fi\/product\/enervit-e-sport-magic-cherry-9g\/\",\"url\":\"https:\/\/enervit.ee\/fi\/product\/enervit-e-sport-magic-cherry-9g\/\",\"name\":\"Enervit E.SPORT Magic Cherry 9g - Enervit\",\"isPartOf\":{\"@id\":\"https:\/\/enervit.ee\/fi\/#website\"},\"primaryImageOfPage\":{\"@id\":\"https:\/\/enervit.ee\/fi\/product\/enervit-e-sport-magic-cherry-9g\/#primaryimage\"},\"image\":{\"@id\":\"https:\/\/enervit.ee\/fi\/product\/enervit-e-sport-magic-cherry-9g\/#primaryimage\"},\"thumbnailUrl\":\"https:\/\/enervit.ee\/wp-content\/uploads\/2025\/10\/magic-cherry.png\",\"datePublished\":\"2025-10-08T13:01:36+00:00\",\"dateModified\":\"2025-10-28T13:01:09+00:00\",\"breadcrumb\":{\"@id\":\"https:\/\/enervit.ee\/fi\/product\/enervit-e-sport-magic-cherry-9g\/#breadcrumb\"},\"inLanguage\":\"fi\",\"potentialAction\":[{\"@type\":\"ReadAction\",\"target\":[\"https:\/\/enervit.ee\/fi\/product\/enervit-e-sport-magic-cherry-9g\/\"]}]},{\"@type\":\"ImageObject\",\"inLanguage\":\"fi\",\"@id\":\"https:\/\/enervit.ee\/fi\/product\/enervit-e-sport-magic-cherry-9g\/#primaryimage\",\"url\":\"https:\/\/enervit.ee\/wp-content\/uploads\/2025\/10\/magic-cherry.png\",\"contentUrl\":\"https:\/\/enervit.ee\/wp-content\/uploads\/2025\/10\/magic-cherry.png\",\"width\":1080,\"height\":1080},{\"@type\":\"BreadcrumbList\",\"@id\":\"https:\/\/enervit.ee\/fi\/product\/enervit-e-sport-magic-cherry-9g\/#breadcrumb\",\"itemListElement\":[{\"@type\":\"ListItem\",\"position\":1,\"name\":\"Home\",\"item\":\"https:\/\/enervit.ee\/fi\/kotisivu\/\"},{\"@type\":\"ListItem\",\"position\":2,\"name\":\"Verkkokauppa\",\"item\":\"https:\/\/enervit.ee\/fi\/shop\/\"},{\"@type\":\"ListItem\",\"position\":3,\"name\":\"Enervit E.SPORT Magic Cherry 9g\"}]},{\"@type\":\"WebSite\",\"@id\":\"https:\/\/enervit.ee\/fi\/#website\",\"url\":\"https:\/\/enervit.ee\/fi\/\",\"name\":\"Enervit\",\"description\":\"\",\"publisher\":{\"@id\":\"https:\/\/enervit.ee\/fi\/#organization\"},\"potentialAction\":[{\"@type\":\"SearchAction\",\"target\":{\"@type\":\"EntryPoint\",\"urlTemplate\":\"https:\/\/enervit.ee\/fi\/?s={search_term_string}\"},\"query-input\":{\"@type\":\"PropertyValueSpecification\",\"valueRequired\":true,\"valueName\":\"search_term_string\"}}],\"inLanguage\":\"fi\"},{\"@type\":\"Organization\",\"@id\":\"https:\/\/enervit.ee\/fi\/#organization\",\"name\":\"Enervit\",\"url\":\"https:\/\/enervit.ee\/fi\/\",\"logo\":{\"@type\":\"ImageObject\",\"inLanguage\":\"fi\",\"@id\":\"https:\/\/enervit.ee\/fi\/#\/schema\/logo\/image\/\",\"url\":\"https:\/\/enervit.ee\/wp-content\/uploads\/2024\/09\/Enervit_logo.png\",\"contentUrl\":\"https:\/\/enervit.ee\/wp-content\/uploads\/2024\/09\/Enervit_logo.png\",\"width\":582,\"height\":582,\"caption\":\"Enervit\"},\"image\":{\"@id\":\"https:\/\/enervit.ee\/fi\/#\/schema\/logo\/image\/\"}}]}<\/script>\n<!-- \/ Yoast SEO plugin. -->","yoast_head_json":{"title":"Enervit E.SPORT Magic Cherry 9g - Enervit","robots":{"index":"index","follow":"follow","max-snippet":"max-snippet:-1","max-image-preview":"max-image-preview:large","max-video-preview":"max-video-preview:-1"},"canonical":"https:\/\/enervit.ee\/fi\/product\/enervit-e-sport-magic-cherry-9g\/","og_locale":"fi_FI","og_type":"article","og_title":"Enervit E.SPORT Magic Cherry 9g - Enervit","og_description":"Ravintolis\u00e4, joka sis\u00e4lt\u00e4\u00e4 hapankirsikkauutetta, standardoitu polyfenolien m\u00e4\u00e4r\u00e4n mukaan -Antioksidanttinen tuki urheilun j\u00e4lkeen -Valmistettu CherryCraft\u00ae eurooppalaisesta hapankirsikkauutteesta (Prunus cerasus L.) -300 mg polyfenoleja, joista 50 mg antosyaaneja -V\u00e4h\u00e4n kaloreita ( &lt;14 kcal\/100 ml) -Ei sis\u00e4ll\u00e4 sokeria eik\u00e4 makeutusaineita","og_url":"https:\/\/enervit.ee\/fi\/product\/enervit-e-sport-magic-cherry-9g\/","og_site_name":"Enervit","article_modified_time":"2025-10-28T13:01:09+00:00","og_image":[{"width":1080,"height":1080,"url":"https:\/\/enervit.ee\/wp-content\/uploads\/2025\/10\/magic-cherry.png","type":"image\/png"}],"twitter_card":"summary_large_image","schema":{"@context":"https:\/\/schema.org","@graph":[{"@type":"WebPage","@id":"https:\/\/enervit.ee\/fi\/product\/enervit-e-sport-magic-cherry-9g\/","url":"https:\/\/enervit.ee\/fi\/product\/enervit-e-sport-magic-cherry-9g\/","name":"Enervit E.SPORT Magic Cherry 9g - Enervit","isPartOf":{"@id":"https:\/\/enervit.ee\/fi\/#website"},"primaryImageOfPage":{"@id":"https:\/\/enervit.ee\/fi\/product\/enervit-e-sport-magic-cherry-9g\/#primaryimage"},"image":{"@id":"https:\/\/enervit.ee\/fi\/product\/enervit-e-sport-magic-cherry-9g\/#primaryimage"},"thumbnailUrl":"https:\/\/enervit.ee\/wp-content\/uploads\/2025\/10\/magic-cherry.png","datePublished":"2025-10-08T13:01:36+00:00","dateModified":"2025-10-28T13:01:09+00:00","breadcrumb":{"@id":"https:\/\/enervit.ee\/fi\/product\/enervit-e-sport-magic-cherry-9g\/#breadcrumb"},"inLanguage":"fi","potentialAction":[{"@type":"ReadAction","target":["https:\/\/enervit.ee\/fi\/product\/enervit-e-sport-magic-cherry-9g\/"]}]},{"@type":"ImageObject","inLanguage":"fi","@id":"https:\/\/enervit.ee\/fi\/product\/enervit-e-sport-magic-cherry-9g\/#primaryimage","url":"https:\/\/enervit.ee\/wp-content\/uploads\/2025\/10\/magic-cherry.png","contentUrl":"https:\/\/enervit.ee\/wp-content\/uploads\/2025\/10\/magic-cherry.png","width":1080,"height":1080},{"@type":"BreadcrumbList","@id":"https:\/\/enervit.ee\/fi\/product\/enervit-e-sport-magic-cherry-9g\/#breadcrumb","itemListElement":[{"@type":"ListItem","position":1,"name":"Home","item":"https:\/\/enervit.ee\/fi\/kotisivu\/"},{"@type":"ListItem","position":2,"name":"Verkkokauppa","item":"https:\/\/enervit.ee\/fi\/shop\/"},{"@type":"ListItem","position":3,"name":"Enervit E.SPORT Magic Cherry 9g"}]},{"@type":"WebSite","@id":"https:\/\/enervit.ee\/fi\/#website","url":"https:\/\/enervit.ee\/fi\/","name":"Enervit","description":"","publisher":{"@id":"https:\/\/enervit.ee\/fi\/#organization"},"potentialAction":[{"@type":"SearchAction","target":{"@type":"EntryPoint","urlTemplate":"https:\/\/enervit.ee\/fi\/?s={search_term_string}"},"query-input":{"@type":"PropertyValueSpecification","valueRequired":true,"valueName":"search_term_string"}}],"inLanguage":"fi"},{"@type":"Organization","@id":"https:\/\/enervit.ee\/fi\/#organization","name":"Enervit","url":"https:\/\/enervit.ee\/fi\/","logo":{"@type":"ImageObject","inLanguage":"fi","@id":"https:\/\/enervit.ee\/fi\/#\/schema\/logo\/image\/","url":"https:\/\/enervit.ee\/wp-content\/uploads\/2024\/09\/Enervit_logo.png","contentUrl":"https:\/\/enervit.ee\/wp-content\/uploads\/2024\/09\/Enervit_logo.png","width":582,"height":582,"caption":"Enervit"},"image":{"@id":"https:\/\/enervit.ee\/fi\/#\/schema\/logo\/image\/"}}]}},"_links":{"self":[{"href":"https:\/\/enervit.ee\/fi\/wp-json\/wp\/v2\/product\/5907","targetHints":{"allow":["GET"]}}],"collection":[{"href":"https:\/\/enervit.ee\/fi\/wp-json\/wp\/v2\/product"}],"about":[{"href":"https:\/\/enervit.ee\/fi\/wp-json\/wp\/v2\/types\/product"}],"wp:featuredmedia":[{"embeddable":true,"href":"https:\/\/enervit.ee\/fi\/wp-json\/wp\/v2\/media\/5874"}],"wp:attachment":[{"href":"https:\/\/enervit.ee\/fi\/wp-json\/wp\/v2\/media?parent=5907"}],"wp:term":[{"taxonomy":"product_brand","embeddable":true,"href":"https:\/\/enervit.ee\/fi\/wp-json\/wp\/v2\/product_brand?post=5907"},{"taxonomy":"product_cat","embeddable":true,"href":"https:\/\/enervit.ee\/fi\/wp-json\/wp\/v2\/product_cat?post=5907"},{"taxonomy":"product_tag","embeddable":true,"href":"https:\/\/enervit.ee\/fi\/wp-json\/wp\/v2\/product_tag?post=5907"}],"curies":[{"name":"wp","href":"https:\/\/api.w.org\/{rel}","templated":true}]}}