{"id":5915,"date":"2025-08-27T14:51:43","date_gmt":"2025-08-27T11:51:43","guid":{"rendered":"https:\/\/enervit.ee\/product\/enervit-purepro-proteiinipatukka-55-g-creamy-choco-36\/"},"modified":"2025-08-27T14:51:43","modified_gmt":"2025-08-27T11:51:43","slug":"enervit-purepro-proteiinipatukka-55-g-creamy-choco-36","status":"publish","type":"product","link":"https:\/\/enervit.ee\/fi\/product\/enervit-purepro-proteiinipatukka-55-g-creamy-choco-36\/","title":{"rendered":"Enervit PurePro Proteiinipatukka 55 g Creamy Choco (36 %)"},"content":{"rendered":"","protected":false},"excerpt":{"rendered":"<p><strong>V\u00c4H\u00c4SOKERINEN PROTEIINIPATUKKA, IHANTEELLINEN PALAUTUMISEEN HARJOITUKSEN J\u00c4LKEEN<\/strong><\/p>\n<ul>\n<li>36 % proteiinia (20 g)<\/li>\n<li>V\u00c4H\u00c4N SOKERIA (0,6 g)<\/li>\n<li>Gluteeniton<\/li>\n<li>brownie-t\u00e4yte<\/li>\n<li>tummalla suklaakuorrutteella<\/li>\n<li>ihanteellinen treenin j\u00e4lkeen<\/li>\n<li>kermaisen suklaan maku<\/li>\n<\/ul>\n","protected":false},"featured_media":5585,"template":"","meta":{"_acf_changed":false},"product_brand":[],"product_cat":[91],"product_tag":[],"class_list":{"0":"post-5915","1":"product","2":"type-product","3":"status-publish","4":"has-post-thumbnail","6":"product_cat-urheiluravitsemus","8":"first","9":"instock","10":"shipping-taxable","11":"purchasable","12":"product-type-simple"},"acf":[],"yoast_head":"<!-- This site is optimized with the Yoast SEO plugin v27.1.1 - https:\/\/yoast.com\/product\/yoast-seo-wordpress\/ -->\n<title>Enervit PurePro Proteiinipatukka 55 g Creamy Choco (36 %) - Enervit<\/title>\n<meta name=\"robots\" content=\"index, follow, max-snippet:-1, max-image-preview:large, max-video-preview:-1\" \/>\n<link rel=\"canonical\" href=\"https:\/\/enervit.ee\/fi\/product\/enervit-purepro-proteiinipatukka-55-g-creamy-choco-36\/\" \/>\n<meta property=\"og:locale\" content=\"fi_FI\" \/>\n<meta property=\"og:type\" content=\"article\" \/>\n<meta property=\"og:title\" content=\"Enervit PurePro Proteiinipatukka 55 g Creamy Choco (36 %) - Enervit\" \/>\n<meta property=\"og:description\" content=\"V\u00c4H\u00c4SOKERINEN PROTEIINIPATUKKA, IHANTEELLINEN PALAUTUMISEEN HARJOITUKSEN J\u00c4LKEEN  36 % proteiinia (20 g)  V\u00c4H\u00c4N SOKERIA (0,6 g)  Gluteeniton  brownie-t\u00e4yte  tummalla suklaakuorrutteella  ihanteellinen treenin j\u00e4lkeen  kermaisen suklaan maku\" \/>\n<meta property=\"og:url\" content=\"https:\/\/enervit.ee\/fi\/product\/enervit-purepro-proteiinipatukka-55-g-creamy-choco-36\/\" \/>\n<meta property=\"og:site_name\" content=\"Enervit\" \/>\n<meta property=\"og:image\" content=\"https:\/\/enervit.ee\/wp-content\/uploads\/2025\/08\/PurePro-bar-creamy-choco-.png\" \/>\n\t<meta property=\"og:image:width\" content=\"818\" \/>\n\t<meta property=\"og:image:height\" content=\"818\" \/>\n\t<meta property=\"og:image:type\" content=\"image\/png\" \/>\n<meta name=\"twitter:card\" content=\"summary_large_image\" \/>\n<script type=\"application\/ld+json\" class=\"yoast-schema-graph\">{\"@context\":\"https:\/\/schema.org\",\"@graph\":[{\"@type\":\"WebPage\",\"@id\":\"https:\/\/enervit.ee\/fi\/product\/enervit-purepro-proteiinipatukka-55-g-creamy-choco-36\/\",\"url\":\"https:\/\/enervit.ee\/fi\/product\/enervit-purepro-proteiinipatukka-55-g-creamy-choco-36\/\",\"name\":\"Enervit PurePro Proteiinipatukka 55 g Creamy Choco (36 %) - Enervit\",\"isPartOf\":{\"@id\":\"https:\/\/enervit.ee\/fi\/#website\"},\"primaryImageOfPage\":{\"@id\":\"https:\/\/enervit.ee\/fi\/product\/enervit-purepro-proteiinipatukka-55-g-creamy-choco-36\/#primaryimage\"},\"image\":{\"@id\":\"https:\/\/enervit.ee\/fi\/product\/enervit-purepro-proteiinipatukka-55-g-creamy-choco-36\/#primaryimage\"},\"thumbnailUrl\":\"https:\/\/enervit.ee\/wp-content\/uploads\/2025\/08\/PurePro-bar-creamy-choco-.png\",\"datePublished\":\"2025-08-27T11:51:43+00:00\",\"breadcrumb\":{\"@id\":\"https:\/\/enervit.ee\/fi\/product\/enervit-purepro-proteiinipatukka-55-g-creamy-choco-36\/#breadcrumb\"},\"inLanguage\":\"fi\",\"potentialAction\":[{\"@type\":\"ReadAction\",\"target\":[\"https:\/\/enervit.ee\/fi\/product\/enervit-purepro-proteiinipatukka-55-g-creamy-choco-36\/\"]}]},{\"@type\":\"ImageObject\",\"inLanguage\":\"fi\",\"@id\":\"https:\/\/enervit.ee\/fi\/product\/enervit-purepro-proteiinipatukka-55-g-creamy-choco-36\/#primaryimage\",\"url\":\"https:\/\/enervit.ee\/wp-content\/uploads\/2025\/08\/PurePro-bar-creamy-choco-.png\",\"contentUrl\":\"https:\/\/enervit.ee\/wp-content\/uploads\/2025\/08\/PurePro-bar-creamy-choco-.png\",\"width\":818,\"height\":818},{\"@type\":\"BreadcrumbList\",\"@id\":\"https:\/\/enervit.ee\/fi\/product\/enervit-purepro-proteiinipatukka-55-g-creamy-choco-36\/#breadcrumb\",\"itemListElement\":[{\"@type\":\"ListItem\",\"position\":1,\"name\":\"Home\",\"item\":\"https:\/\/enervit.ee\/fi\/kotisivu\/\"},{\"@type\":\"ListItem\",\"position\":2,\"name\":\"Verkkokauppa\",\"item\":\"https:\/\/enervit.ee\/fi\/shop\/\"},{\"@type\":\"ListItem\",\"position\":3,\"name\":\"Enervit PurePro Proteiinipatukka 55 g Creamy Choco (36 %)\"}]},{\"@type\":\"WebSite\",\"@id\":\"https:\/\/enervit.ee\/fi\/#website\",\"url\":\"https:\/\/enervit.ee\/fi\/\",\"name\":\"Enervit\",\"description\":\"\",\"publisher\":{\"@id\":\"https:\/\/enervit.ee\/fi\/#organization\"},\"potentialAction\":[{\"@type\":\"SearchAction\",\"target\":{\"@type\":\"EntryPoint\",\"urlTemplate\":\"https:\/\/enervit.ee\/fi\/?s={search_term_string}\"},\"query-input\":{\"@type\":\"PropertyValueSpecification\",\"valueRequired\":true,\"valueName\":\"search_term_string\"}}],\"inLanguage\":\"fi\"},{\"@type\":\"Organization\",\"@id\":\"https:\/\/enervit.ee\/fi\/#organization\",\"name\":\"Enervit\",\"url\":\"https:\/\/enervit.ee\/fi\/\",\"logo\":{\"@type\":\"ImageObject\",\"inLanguage\":\"fi\",\"@id\":\"https:\/\/enervit.ee\/fi\/#\/schema\/logo\/image\/\",\"url\":\"https:\/\/enervit.ee\/wp-content\/uploads\/2024\/09\/Enervit_logo.png\",\"contentUrl\":\"https:\/\/enervit.ee\/wp-content\/uploads\/2024\/09\/Enervit_logo.png\",\"width\":582,\"height\":582,\"caption\":\"Enervit\"},\"image\":{\"@id\":\"https:\/\/enervit.ee\/fi\/#\/schema\/logo\/image\/\"}}]}<\/script>\n<!-- \/ Yoast SEO plugin. -->","yoast_head_json":{"title":"Enervit PurePro Proteiinipatukka 55 g Creamy Choco (36 %) - Enervit","robots":{"index":"index","follow":"follow","max-snippet":"max-snippet:-1","max-image-preview":"max-image-preview:large","max-video-preview":"max-video-preview:-1"},"canonical":"https:\/\/enervit.ee\/fi\/product\/enervit-purepro-proteiinipatukka-55-g-creamy-choco-36\/","og_locale":"fi_FI","og_type":"article","og_title":"Enervit PurePro Proteiinipatukka 55 g Creamy Choco (36 %) - Enervit","og_description":"V\u00c4H\u00c4SOKERINEN PROTEIINIPATUKKA, IHANTEELLINEN PALAUTUMISEEN HARJOITUKSEN J\u00c4LKEEN  36 % proteiinia (20 g)  V\u00c4H\u00c4N SOKERIA (0,6 g)  Gluteeniton  brownie-t\u00e4yte  tummalla suklaakuorrutteella  ihanteellinen treenin j\u00e4lkeen  kermaisen suklaan maku","og_url":"https:\/\/enervit.ee\/fi\/product\/enervit-purepro-proteiinipatukka-55-g-creamy-choco-36\/","og_site_name":"Enervit","og_image":[{"width":818,"height":818,"url":"https:\/\/enervit.ee\/wp-content\/uploads\/2025\/08\/PurePro-bar-creamy-choco-.png","type":"image\/png"}],"twitter_card":"summary_large_image","schema":{"@context":"https:\/\/schema.org","@graph":[{"@type":"WebPage","@id":"https:\/\/enervit.ee\/fi\/product\/enervit-purepro-proteiinipatukka-55-g-creamy-choco-36\/","url":"https:\/\/enervit.ee\/fi\/product\/enervit-purepro-proteiinipatukka-55-g-creamy-choco-36\/","name":"Enervit PurePro Proteiinipatukka 55 g Creamy Choco (36 %) - Enervit","isPartOf":{"@id":"https:\/\/enervit.ee\/fi\/#website"},"primaryImageOfPage":{"@id":"https:\/\/enervit.ee\/fi\/product\/enervit-purepro-proteiinipatukka-55-g-creamy-choco-36\/#primaryimage"},"image":{"@id":"https:\/\/enervit.ee\/fi\/product\/enervit-purepro-proteiinipatukka-55-g-creamy-choco-36\/#primaryimage"},"thumbnailUrl":"https:\/\/enervit.ee\/wp-content\/uploads\/2025\/08\/PurePro-bar-creamy-choco-.png","datePublished":"2025-08-27T11:51:43+00:00","breadcrumb":{"@id":"https:\/\/enervit.ee\/fi\/product\/enervit-purepro-proteiinipatukka-55-g-creamy-choco-36\/#breadcrumb"},"inLanguage":"fi","potentialAction":[{"@type":"ReadAction","target":["https:\/\/enervit.ee\/fi\/product\/enervit-purepro-proteiinipatukka-55-g-creamy-choco-36\/"]}]},{"@type":"ImageObject","inLanguage":"fi","@id":"https:\/\/enervit.ee\/fi\/product\/enervit-purepro-proteiinipatukka-55-g-creamy-choco-36\/#primaryimage","url":"https:\/\/enervit.ee\/wp-content\/uploads\/2025\/08\/PurePro-bar-creamy-choco-.png","contentUrl":"https:\/\/enervit.ee\/wp-content\/uploads\/2025\/08\/PurePro-bar-creamy-choco-.png","width":818,"height":818},{"@type":"BreadcrumbList","@id":"https:\/\/enervit.ee\/fi\/product\/enervit-purepro-proteiinipatukka-55-g-creamy-choco-36\/#breadcrumb","itemListElement":[{"@type":"ListItem","position":1,"name":"Home","item":"https:\/\/enervit.ee\/fi\/kotisivu\/"},{"@type":"ListItem","position":2,"name":"Verkkokauppa","item":"https:\/\/enervit.ee\/fi\/shop\/"},{"@type":"ListItem","position":3,"name":"Enervit PurePro Proteiinipatukka 55 g Creamy Choco (36 %)"}]},{"@type":"WebSite","@id":"https:\/\/enervit.ee\/fi\/#website","url":"https:\/\/enervit.ee\/fi\/","name":"Enervit","description":"","publisher":{"@id":"https:\/\/enervit.ee\/fi\/#organization"},"potentialAction":[{"@type":"SearchAction","target":{"@type":"EntryPoint","urlTemplate":"https:\/\/enervit.ee\/fi\/?s={search_term_string}"},"query-input":{"@type":"PropertyValueSpecification","valueRequired":true,"valueName":"search_term_string"}}],"inLanguage":"fi"},{"@type":"Organization","@id":"https:\/\/enervit.ee\/fi\/#organization","name":"Enervit","url":"https:\/\/enervit.ee\/fi\/","logo":{"@type":"ImageObject","inLanguage":"fi","@id":"https:\/\/enervit.ee\/fi\/#\/schema\/logo\/image\/","url":"https:\/\/enervit.ee\/wp-content\/uploads\/2024\/09\/Enervit_logo.png","contentUrl":"https:\/\/enervit.ee\/wp-content\/uploads\/2024\/09\/Enervit_logo.png","width":582,"height":582,"caption":"Enervit"},"image":{"@id":"https:\/\/enervit.ee\/fi\/#\/schema\/logo\/image\/"}}]}},"_links":{"self":[{"href":"https:\/\/enervit.ee\/fi\/wp-json\/wp\/v2\/product\/5915","targetHints":{"allow":["GET"]}}],"collection":[{"href":"https:\/\/enervit.ee\/fi\/wp-json\/wp\/v2\/product"}],"about":[{"href":"https:\/\/enervit.ee\/fi\/wp-json\/wp\/v2\/types\/product"}],"wp:featuredmedia":[{"embeddable":true,"href":"https:\/\/enervit.ee\/fi\/wp-json\/wp\/v2\/media\/5585"}],"wp:attachment":[{"href":"https:\/\/enervit.ee\/fi\/wp-json\/wp\/v2\/media?parent=5915"}],"wp:term":[{"taxonomy":"product_brand","embeddable":true,"href":"https:\/\/enervit.ee\/fi\/wp-json\/wp\/v2\/product_brand?post=5915"},{"taxonomy":"product_cat","embeddable":true,"href":"https:\/\/enervit.ee\/fi\/wp-json\/wp\/v2\/product_cat?post=5915"},{"taxonomy":"product_tag","embeddable":true,"href":"https:\/\/enervit.ee\/fi\/wp-json\/wp\/v2\/product_tag?post=5915"}],"curies":[{"name":"wp","href":"https:\/\/api.w.org\/{rel}","templated":true}]}}