{"id":5918,"date":"2025-08-27T14:31:44","date_gmt":"2025-08-27T11:31:44","guid":{"rendered":"https:\/\/enervit.ee\/?post_type=product&p=5918"},"modified":"2025-08-27T14:31:44","modified_gmt":"2025-08-27T11:31:44","slug":"enervit-purepro-kreatiinimonohydraatti-400-g","status":"publish","type":"product","link":"https:\/\/enervit.ee\/fi\/product\/enervit-purepro-kreatiinimonohydraatti-400-g\/","title":{"rendered":"Enervit PurePro Kreatiinimonohydraatti 400 g"},"content":{"rendered":"","protected":false},"excerpt":{"rendered":"<p><strong>PUHDAS KREATIINIMONOHYDRAATTI &#8211; RAVINTOLIS\u00c4<\/strong><\/p>\n<ul>\n<li>puhdas kreatiinimonohydraatti<\/li>\n<li>Parantunut fyysinen suorituskyky (p\u00e4ivitt\u00e4isell\u00e4 3 g kreatiinin saannilla)<\/li>\n<\/ul>\n","protected":false},"featured_media":5568,"template":"","meta":{"_acf_changed":false},"product_brand":[],"product_cat":[91],"product_tag":[],"class_list":{"0":"post-5918","1":"product","2":"type-product","3":"status-publish","4":"has-post-thumbnail","6":"product_cat-urheiluravitsemus","8":"first","9":"outofstock","10":"shipping-taxable","11":"purchasable","12":"product-type-simple"},"acf":[],"yoast_head":"<!-- This site is optimized with the Yoast SEO plugin v27.1.1 - https:\/\/yoast.com\/product\/yoast-seo-wordpress\/ -->\n<title>Enervit PurePro Kreatiinimonohydraatti 400 g - Enervit<\/title>\n<meta name=\"robots\" content=\"index, follow, max-snippet:-1, max-image-preview:large, max-video-preview:-1\" \/>\n<link rel=\"canonical\" href=\"https:\/\/enervit.ee\/fi\/product\/enervit-purepro-kreatiinimonohydraatti-400-g\/\" \/>\n<meta property=\"og:locale\" content=\"fi_FI\" \/>\n<meta property=\"og:type\" content=\"article\" \/>\n<meta property=\"og:title\" content=\"Enervit PurePro Kreatiinimonohydraatti 400 g - Enervit\" \/>\n<meta property=\"og:description\" content=\"PUHDAS KREATIINIMONOHYDRAATTI - RAVINTOLIS\u00c4  puhdas kreatiinimonohydraatti  Parantunut fyysinen suorituskyky (p\u00e4ivitt\u00e4isell\u00e4 3 g kreatiinin saannilla)\" \/>\n<meta property=\"og:url\" content=\"https:\/\/enervit.ee\/fi\/product\/enervit-purepro-kreatiinimonohydraatti-400-g\/\" \/>\n<meta property=\"og:site_name\" content=\"Enervit\" \/>\n<meta property=\"og:image\" content=\"https:\/\/enervit.ee\/wp-content\/uploads\/2025\/08\/pure-pro-creatine.png\" \/>\n\t<meta property=\"og:image:width\" content=\"818\" \/>\n\t<meta property=\"og:image:height\" content=\"818\" \/>\n\t<meta property=\"og:image:type\" content=\"image\/png\" \/>\n<meta name=\"twitter:card\" content=\"summary_large_image\" \/>\n<script type=\"application\/ld+json\" class=\"yoast-schema-graph\">{\"@context\":\"https:\/\/schema.org\",\"@graph\":[{\"@type\":\"WebPage\",\"@id\":\"https:\/\/enervit.ee\/fi\/product\/enervit-purepro-kreatiinimonohydraatti-400-g\/\",\"url\":\"https:\/\/enervit.ee\/fi\/product\/enervit-purepro-kreatiinimonohydraatti-400-g\/\",\"name\":\"Enervit PurePro Kreatiinimonohydraatti 400 g - Enervit\",\"isPartOf\":{\"@id\":\"https:\/\/enervit.ee\/fi\/#website\"},\"primaryImageOfPage\":{\"@id\":\"https:\/\/enervit.ee\/fi\/product\/enervit-purepro-kreatiinimonohydraatti-400-g\/#primaryimage\"},\"image\":{\"@id\":\"https:\/\/enervit.ee\/fi\/product\/enervit-purepro-kreatiinimonohydraatti-400-g\/#primaryimage\"},\"thumbnailUrl\":\"https:\/\/enervit.ee\/wp-content\/uploads\/2025\/08\/pure-pro-creatine.png\",\"datePublished\":\"2025-08-27T11:31:44+00:00\",\"breadcrumb\":{\"@id\":\"https:\/\/enervit.ee\/fi\/product\/enervit-purepro-kreatiinimonohydraatti-400-g\/#breadcrumb\"},\"inLanguage\":\"fi\",\"potentialAction\":[{\"@type\":\"ReadAction\",\"target\":[\"https:\/\/enervit.ee\/fi\/product\/enervit-purepro-kreatiinimonohydraatti-400-g\/\"]}]},{\"@type\":\"ImageObject\",\"inLanguage\":\"fi\",\"@id\":\"https:\/\/enervit.ee\/fi\/product\/enervit-purepro-kreatiinimonohydraatti-400-g\/#primaryimage\",\"url\":\"https:\/\/enervit.ee\/wp-content\/uploads\/2025\/08\/pure-pro-creatine.png\",\"contentUrl\":\"https:\/\/enervit.ee\/wp-content\/uploads\/2025\/08\/pure-pro-creatine.png\",\"width\":818,\"height\":818},{\"@type\":\"BreadcrumbList\",\"@id\":\"https:\/\/enervit.ee\/fi\/product\/enervit-purepro-kreatiinimonohydraatti-400-g\/#breadcrumb\",\"itemListElement\":[{\"@type\":\"ListItem\",\"position\":1,\"name\":\"Home\",\"item\":\"https:\/\/enervit.ee\/fi\/kotisivu\/\"},{\"@type\":\"ListItem\",\"position\":2,\"name\":\"Verkkokauppa\",\"item\":\"https:\/\/enervit.ee\/fi\/shop\/\"},{\"@type\":\"ListItem\",\"position\":3,\"name\":\"Privaatpostitus: Enervit PurePro Kreatiinimonohydraatti 400 g\"}]},{\"@type\":\"WebSite\",\"@id\":\"https:\/\/enervit.ee\/fi\/#website\",\"url\":\"https:\/\/enervit.ee\/fi\/\",\"name\":\"Enervit\",\"description\":\"\",\"publisher\":{\"@id\":\"https:\/\/enervit.ee\/fi\/#organization\"},\"potentialAction\":[{\"@type\":\"SearchAction\",\"target\":{\"@type\":\"EntryPoint\",\"urlTemplate\":\"https:\/\/enervit.ee\/fi\/?s={search_term_string}\"},\"query-input\":{\"@type\":\"PropertyValueSpecification\",\"valueRequired\":true,\"valueName\":\"search_term_string\"}}],\"inLanguage\":\"fi\"},{\"@type\":\"Organization\",\"@id\":\"https:\/\/enervit.ee\/fi\/#organization\",\"name\":\"Enervit\",\"url\":\"https:\/\/enervit.ee\/fi\/\",\"logo\":{\"@type\":\"ImageObject\",\"inLanguage\":\"fi\",\"@id\":\"https:\/\/enervit.ee\/fi\/#\/schema\/logo\/image\/\",\"url\":\"https:\/\/enervit.ee\/wp-content\/uploads\/2024\/09\/Enervit_logo.png\",\"contentUrl\":\"https:\/\/enervit.ee\/wp-content\/uploads\/2024\/09\/Enervit_logo.png\",\"width\":582,\"height\":582,\"caption\":\"Enervit\"},\"image\":{\"@id\":\"https:\/\/enervit.ee\/fi\/#\/schema\/logo\/image\/\"}}]}<\/script>\n<!-- \/ Yoast SEO plugin. -->","yoast_head_json":{"title":"Enervit PurePro Kreatiinimonohydraatti 400 g - Enervit","robots":{"index":"index","follow":"follow","max-snippet":"max-snippet:-1","max-image-preview":"max-image-preview:large","max-video-preview":"max-video-preview:-1"},"canonical":"https:\/\/enervit.ee\/fi\/product\/enervit-purepro-kreatiinimonohydraatti-400-g\/","og_locale":"fi_FI","og_type":"article","og_title":"Enervit PurePro Kreatiinimonohydraatti 400 g - Enervit","og_description":"PUHDAS KREATIINIMONOHYDRAATTI - RAVINTOLIS\u00c4  puhdas kreatiinimonohydraatti  Parantunut fyysinen suorituskyky (p\u00e4ivitt\u00e4isell\u00e4 3 g kreatiinin saannilla)","og_url":"https:\/\/enervit.ee\/fi\/product\/enervit-purepro-kreatiinimonohydraatti-400-g\/","og_site_name":"Enervit","og_image":[{"width":818,"height":818,"url":"https:\/\/enervit.ee\/wp-content\/uploads\/2025\/08\/pure-pro-creatine.png","type":"image\/png"}],"twitter_card":"summary_large_image","schema":{"@context":"https:\/\/schema.org","@graph":[{"@type":"WebPage","@id":"https:\/\/enervit.ee\/fi\/product\/enervit-purepro-kreatiinimonohydraatti-400-g\/","url":"https:\/\/enervit.ee\/fi\/product\/enervit-purepro-kreatiinimonohydraatti-400-g\/","name":"Enervit PurePro Kreatiinimonohydraatti 400 g - Enervit","isPartOf":{"@id":"https:\/\/enervit.ee\/fi\/#website"},"primaryImageOfPage":{"@id":"https:\/\/enervit.ee\/fi\/product\/enervit-purepro-kreatiinimonohydraatti-400-g\/#primaryimage"},"image":{"@id":"https:\/\/enervit.ee\/fi\/product\/enervit-purepro-kreatiinimonohydraatti-400-g\/#primaryimage"},"thumbnailUrl":"https:\/\/enervit.ee\/wp-content\/uploads\/2025\/08\/pure-pro-creatine.png","datePublished":"2025-08-27T11:31:44+00:00","breadcrumb":{"@id":"https:\/\/enervit.ee\/fi\/product\/enervit-purepro-kreatiinimonohydraatti-400-g\/#breadcrumb"},"inLanguage":"fi","potentialAction":[{"@type":"ReadAction","target":["https:\/\/enervit.ee\/fi\/product\/enervit-purepro-kreatiinimonohydraatti-400-g\/"]}]},{"@type":"ImageObject","inLanguage":"fi","@id":"https:\/\/enervit.ee\/fi\/product\/enervit-purepro-kreatiinimonohydraatti-400-g\/#primaryimage","url":"https:\/\/enervit.ee\/wp-content\/uploads\/2025\/08\/pure-pro-creatine.png","contentUrl":"https:\/\/enervit.ee\/wp-content\/uploads\/2025\/08\/pure-pro-creatine.png","width":818,"height":818},{"@type":"BreadcrumbList","@id":"https:\/\/enervit.ee\/fi\/product\/enervit-purepro-kreatiinimonohydraatti-400-g\/#breadcrumb","itemListElement":[{"@type":"ListItem","position":1,"name":"Home","item":"https:\/\/enervit.ee\/fi\/kotisivu\/"},{"@type":"ListItem","position":2,"name":"Verkkokauppa","item":"https:\/\/enervit.ee\/fi\/shop\/"},{"@type":"ListItem","position":3,"name":"Privaatpostitus: Enervit PurePro Kreatiinimonohydraatti 400 g"}]},{"@type":"WebSite","@id":"https:\/\/enervit.ee\/fi\/#website","url":"https:\/\/enervit.ee\/fi\/","name":"Enervit","description":"","publisher":{"@id":"https:\/\/enervit.ee\/fi\/#organization"},"potentialAction":[{"@type":"SearchAction","target":{"@type":"EntryPoint","urlTemplate":"https:\/\/enervit.ee\/fi\/?s={search_term_string}"},"query-input":{"@type":"PropertyValueSpecification","valueRequired":true,"valueName":"search_term_string"}}],"inLanguage":"fi"},{"@type":"Organization","@id":"https:\/\/enervit.ee\/fi\/#organization","name":"Enervit","url":"https:\/\/enervit.ee\/fi\/","logo":{"@type":"ImageObject","inLanguage":"fi","@id":"https:\/\/enervit.ee\/fi\/#\/schema\/logo\/image\/","url":"https:\/\/enervit.ee\/wp-content\/uploads\/2024\/09\/Enervit_logo.png","contentUrl":"https:\/\/enervit.ee\/wp-content\/uploads\/2024\/09\/Enervit_logo.png","width":582,"height":582,"caption":"Enervit"},"image":{"@id":"https:\/\/enervit.ee\/fi\/#\/schema\/logo\/image\/"}}]}},"_links":{"self":[{"href":"https:\/\/enervit.ee\/fi\/wp-json\/wp\/v2\/product\/5918","targetHints":{"allow":["GET"]}}],"collection":[{"href":"https:\/\/enervit.ee\/fi\/wp-json\/wp\/v2\/product"}],"about":[{"href":"https:\/\/enervit.ee\/fi\/wp-json\/wp\/v2\/types\/product"}],"wp:featuredmedia":[{"embeddable":true,"href":"https:\/\/enervit.ee\/fi\/wp-json\/wp\/v2\/media\/5568"}],"wp:attachment":[{"href":"https:\/\/enervit.ee\/fi\/wp-json\/wp\/v2\/media?parent=5918"}],"wp:term":[{"taxonomy":"product_brand","embeddable":true,"href":"https:\/\/enervit.ee\/fi\/wp-json\/wp\/v2\/product_brand?post=5918"},{"taxonomy":"product_cat","embeddable":true,"href":"https:\/\/enervit.ee\/fi\/wp-json\/wp\/v2\/product_cat?post=5918"},{"taxonomy":"product_tag","embeddable":true,"href":"https:\/\/enervit.ee\/fi\/wp-json\/wp\/v2\/product_tag?post=5918"}],"curies":[{"name":"wp","href":"https:\/\/api.w.org\/{rel}","templated":true}]}}