{"id":5927,"date":"2025-08-26T16:01:15","date_gmt":"2025-08-26T13:01:15","guid":{"rendered":"https:\/\/enervit.ee\/product\/enervit-purepro-clear-heraproteiini-grass-fed-blg-100-500-g-trooppinen\/"},"modified":"2025-08-26T16:01:15","modified_gmt":"2025-08-26T13:01:15","slug":"enervit-purepro-clear-heraproteiini-grass-fed-blg-100-500-g-trooppinen","status":"publish","type":"product","link":"https:\/\/enervit.ee\/fi\/product\/enervit-purepro-clear-heraproteiini-grass-fed-blg-100-500-g-trooppinen\/","title":{"rendered":"Enervit PurePro Clear Heraproteiini Grass Fed BLG-100 500 g Trooppinen"},"content":{"rendered":"","protected":false},"excerpt":{"rendered":"<p><strong>V\u00c4LITT\u00d6M\u00c4STI SEKOITTUVA JUOMA, JOKA SIS\u00c4LT\u00c4\u00c4 LEHM\u00c4NMAIDOSTA PER\u00c4ISIN OLEVAA BEETA-LAKTOGLOBU- LIINIA JA B6-VITAMIINIA<\/strong><\/p>\n<ul>\n<li>20 g Heraproteiini-isolaattia<\/li>\n<li>11,2 g EAA-aminohappoja annosta kohden<\/li>\n<li>V\u00e4litt\u00f6m\u00e4sti sekoittuva juoma, joka sis\u00e4lt\u00e4\u00e4 lehm\u00e4nmaidosta per\u00e4isin olevaa \u03b2-laktoglobuliinia<\/li>\n<li>Ei rasvaa<\/li>\n<li>Ihanteellinen palautumiseen harjoituksen j\u00e4lkeen<\/li>\n<li>Trooppinen maku<\/li>\n<\/ul>\n","protected":false},"featured_media":5454,"template":"","meta":{"_acf_changed":false},"product_brand":[],"product_cat":[91],"product_tag":[],"class_list":{"0":"post-5927","1":"product","2":"type-product","3":"status-publish","4":"has-post-thumbnail","6":"product_cat-urheiluravitsemus","8":"first","9":"instock","10":"shipping-taxable","11":"purchasable","12":"product-type-simple"},"acf":[],"yoast_head":"<!-- This site is optimized with the Yoast SEO plugin v27.1.1 - https:\/\/yoast.com\/product\/yoast-seo-wordpress\/ -->\n<title>Enervit PurePro Clear Heraproteiini Grass Fed BLG-100 500 g Trooppinen - Enervit<\/title>\n<meta name=\"robots\" content=\"index, follow, max-snippet:-1, max-image-preview:large, max-video-preview:-1\" \/>\n<link rel=\"canonical\" href=\"https:\/\/enervit.ee\/fi\/product\/enervit-purepro-clear-heraproteiini-grass-fed-blg-100-500-g-trooppinen\/\" \/>\n<meta property=\"og:locale\" content=\"fi_FI\" \/>\n<meta property=\"og:type\" content=\"article\" \/>\n<meta property=\"og:title\" content=\"Enervit PurePro Clear Heraproteiini Grass Fed BLG-100 500 g Trooppinen - Enervit\" \/>\n<meta property=\"og:description\" content=\"V\u00c4LITT\u00d6M\u00c4STI SEKOITTUVA JUOMA, JOKA SIS\u00c4LT\u00c4\u00c4 LEHM\u00c4NMAIDOSTA PER\u00c4ISIN OLEVAA BEETA-LAKTOGLOBU- LIINIA JA B6-VITAMIINIA  20 g Heraproteiini-isolaattia  11,2 g EAA-aminohappoja annosta kohden  V\u00e4litt\u00f6m\u00e4sti sekoittuva juoma, joka sis\u00e4lt\u00e4\u00e4 lehm\u00e4nmaidosta per\u00e4isin olevaa \u03b2-laktoglobuliinia  Ei rasvaa  Ihanteellinen palautumiseen harjoituksen j\u00e4lkeen  Trooppinen maku\" \/>\n<meta property=\"og:url\" content=\"https:\/\/enervit.ee\/fi\/product\/enervit-purepro-clear-heraproteiini-grass-fed-blg-100-500-g-trooppinen\/\" \/>\n<meta property=\"og:site_name\" content=\"Enervit\" \/>\n<meta property=\"og:image\" content=\"https:\/\/enervit.ee\/wp-content\/uploads\/2025\/08\/pure-pro-BLG100-clear-whey.png\" \/>\n\t<meta property=\"og:image:width\" content=\"818\" \/>\n\t<meta property=\"og:image:height\" content=\"818\" \/>\n\t<meta property=\"og:image:type\" content=\"image\/png\" \/>\n<meta name=\"twitter:card\" content=\"summary_large_image\" \/>\n<script type=\"application\/ld+json\" class=\"yoast-schema-graph\">{\"@context\":\"https:\/\/schema.org\",\"@graph\":[{\"@type\":\"WebPage\",\"@id\":\"https:\/\/enervit.ee\/fi\/product\/enervit-purepro-clear-heraproteiini-grass-fed-blg-100-500-g-trooppinen\/\",\"url\":\"https:\/\/enervit.ee\/fi\/product\/enervit-purepro-clear-heraproteiini-grass-fed-blg-100-500-g-trooppinen\/\",\"name\":\"Enervit PurePro Clear Heraproteiini Grass Fed BLG-100 500 g Trooppinen - Enervit\",\"isPartOf\":{\"@id\":\"https:\/\/enervit.ee\/fi\/#website\"},\"primaryImageOfPage\":{\"@id\":\"https:\/\/enervit.ee\/fi\/product\/enervit-purepro-clear-heraproteiini-grass-fed-blg-100-500-g-trooppinen\/#primaryimage\"},\"image\":{\"@id\":\"https:\/\/enervit.ee\/fi\/product\/enervit-purepro-clear-heraproteiini-grass-fed-blg-100-500-g-trooppinen\/#primaryimage\"},\"thumbnailUrl\":\"https:\/\/enervit.ee\/wp-content\/uploads\/2025\/08\/pure-pro-BLG100-clear-whey.png\",\"datePublished\":\"2025-08-26T13:01:15+00:00\",\"breadcrumb\":{\"@id\":\"https:\/\/enervit.ee\/fi\/product\/enervit-purepro-clear-heraproteiini-grass-fed-blg-100-500-g-trooppinen\/#breadcrumb\"},\"inLanguage\":\"fi\",\"potentialAction\":[{\"@type\":\"ReadAction\",\"target\":[\"https:\/\/enervit.ee\/fi\/product\/enervit-purepro-clear-heraproteiini-grass-fed-blg-100-500-g-trooppinen\/\"]}]},{\"@type\":\"ImageObject\",\"inLanguage\":\"fi\",\"@id\":\"https:\/\/enervit.ee\/fi\/product\/enervit-purepro-clear-heraproteiini-grass-fed-blg-100-500-g-trooppinen\/#primaryimage\",\"url\":\"https:\/\/enervit.ee\/wp-content\/uploads\/2025\/08\/pure-pro-BLG100-clear-whey.png\",\"contentUrl\":\"https:\/\/enervit.ee\/wp-content\/uploads\/2025\/08\/pure-pro-BLG100-clear-whey.png\",\"width\":818,\"height\":818},{\"@type\":\"BreadcrumbList\",\"@id\":\"https:\/\/enervit.ee\/fi\/product\/enervit-purepro-clear-heraproteiini-grass-fed-blg-100-500-g-trooppinen\/#breadcrumb\",\"itemListElement\":[{\"@type\":\"ListItem\",\"position\":1,\"name\":\"Home\",\"item\":\"https:\/\/enervit.ee\/fi\/kotisivu\/\"},{\"@type\":\"ListItem\",\"position\":2,\"name\":\"Verkkokauppa\",\"item\":\"https:\/\/enervit.ee\/fi\/shop\/\"},{\"@type\":\"ListItem\",\"position\":3,\"name\":\"Enervit PurePro Clear Heraproteiini Grass Fed BLG-100 500 g Trooppinen\"}]},{\"@type\":\"WebSite\",\"@id\":\"https:\/\/enervit.ee\/fi\/#website\",\"url\":\"https:\/\/enervit.ee\/fi\/\",\"name\":\"Enervit\",\"description\":\"\",\"publisher\":{\"@id\":\"https:\/\/enervit.ee\/fi\/#organization\"},\"potentialAction\":[{\"@type\":\"SearchAction\",\"target\":{\"@type\":\"EntryPoint\",\"urlTemplate\":\"https:\/\/enervit.ee\/fi\/?s={search_term_string}\"},\"query-input\":{\"@type\":\"PropertyValueSpecification\",\"valueRequired\":true,\"valueName\":\"search_term_string\"}}],\"inLanguage\":\"fi\"},{\"@type\":\"Organization\",\"@id\":\"https:\/\/enervit.ee\/fi\/#organization\",\"name\":\"Enervit\",\"url\":\"https:\/\/enervit.ee\/fi\/\",\"logo\":{\"@type\":\"ImageObject\",\"inLanguage\":\"fi\",\"@id\":\"https:\/\/enervit.ee\/fi\/#\/schema\/logo\/image\/\",\"url\":\"https:\/\/enervit.ee\/wp-content\/uploads\/2024\/09\/Enervit_logo.png\",\"contentUrl\":\"https:\/\/enervit.ee\/wp-content\/uploads\/2024\/09\/Enervit_logo.png\",\"width\":582,\"height\":582,\"caption\":\"Enervit\"},\"image\":{\"@id\":\"https:\/\/enervit.ee\/fi\/#\/schema\/logo\/image\/\"}}]}<\/script>\n<!-- \/ Yoast SEO plugin. -->","yoast_head_json":{"title":"Enervit PurePro Clear Heraproteiini Grass Fed BLG-100 500 g Trooppinen - Enervit","robots":{"index":"index","follow":"follow","max-snippet":"max-snippet:-1","max-image-preview":"max-image-preview:large","max-video-preview":"max-video-preview:-1"},"canonical":"https:\/\/enervit.ee\/fi\/product\/enervit-purepro-clear-heraproteiini-grass-fed-blg-100-500-g-trooppinen\/","og_locale":"fi_FI","og_type":"article","og_title":"Enervit PurePro Clear Heraproteiini Grass Fed BLG-100 500 g Trooppinen - Enervit","og_description":"V\u00c4LITT\u00d6M\u00c4STI SEKOITTUVA JUOMA, JOKA SIS\u00c4LT\u00c4\u00c4 LEHM\u00c4NMAIDOSTA PER\u00c4ISIN OLEVAA BEETA-LAKTOGLOBU- LIINIA JA B6-VITAMIINIA  20 g Heraproteiini-isolaattia  11,2 g EAA-aminohappoja annosta kohden  V\u00e4litt\u00f6m\u00e4sti sekoittuva juoma, joka sis\u00e4lt\u00e4\u00e4 lehm\u00e4nmaidosta per\u00e4isin olevaa \u03b2-laktoglobuliinia  Ei rasvaa  Ihanteellinen palautumiseen harjoituksen j\u00e4lkeen  Trooppinen maku","og_url":"https:\/\/enervit.ee\/fi\/product\/enervit-purepro-clear-heraproteiini-grass-fed-blg-100-500-g-trooppinen\/","og_site_name":"Enervit","og_image":[{"width":818,"height":818,"url":"https:\/\/enervit.ee\/wp-content\/uploads\/2025\/08\/pure-pro-BLG100-clear-whey.png","type":"image\/png"}],"twitter_card":"summary_large_image","schema":{"@context":"https:\/\/schema.org","@graph":[{"@type":"WebPage","@id":"https:\/\/enervit.ee\/fi\/product\/enervit-purepro-clear-heraproteiini-grass-fed-blg-100-500-g-trooppinen\/","url":"https:\/\/enervit.ee\/fi\/product\/enervit-purepro-clear-heraproteiini-grass-fed-blg-100-500-g-trooppinen\/","name":"Enervit PurePro Clear Heraproteiini Grass Fed BLG-100 500 g Trooppinen - Enervit","isPartOf":{"@id":"https:\/\/enervit.ee\/fi\/#website"},"primaryImageOfPage":{"@id":"https:\/\/enervit.ee\/fi\/product\/enervit-purepro-clear-heraproteiini-grass-fed-blg-100-500-g-trooppinen\/#primaryimage"},"image":{"@id":"https:\/\/enervit.ee\/fi\/product\/enervit-purepro-clear-heraproteiini-grass-fed-blg-100-500-g-trooppinen\/#primaryimage"},"thumbnailUrl":"https:\/\/enervit.ee\/wp-content\/uploads\/2025\/08\/pure-pro-BLG100-clear-whey.png","datePublished":"2025-08-26T13:01:15+00:00","breadcrumb":{"@id":"https:\/\/enervit.ee\/fi\/product\/enervit-purepro-clear-heraproteiini-grass-fed-blg-100-500-g-trooppinen\/#breadcrumb"},"inLanguage":"fi","potentialAction":[{"@type":"ReadAction","target":["https:\/\/enervit.ee\/fi\/product\/enervit-purepro-clear-heraproteiini-grass-fed-blg-100-500-g-trooppinen\/"]}]},{"@type":"ImageObject","inLanguage":"fi","@id":"https:\/\/enervit.ee\/fi\/product\/enervit-purepro-clear-heraproteiini-grass-fed-blg-100-500-g-trooppinen\/#primaryimage","url":"https:\/\/enervit.ee\/wp-content\/uploads\/2025\/08\/pure-pro-BLG100-clear-whey.png","contentUrl":"https:\/\/enervit.ee\/wp-content\/uploads\/2025\/08\/pure-pro-BLG100-clear-whey.png","width":818,"height":818},{"@type":"BreadcrumbList","@id":"https:\/\/enervit.ee\/fi\/product\/enervit-purepro-clear-heraproteiini-grass-fed-blg-100-500-g-trooppinen\/#breadcrumb","itemListElement":[{"@type":"ListItem","position":1,"name":"Home","item":"https:\/\/enervit.ee\/fi\/kotisivu\/"},{"@type":"ListItem","position":2,"name":"Verkkokauppa","item":"https:\/\/enervit.ee\/fi\/shop\/"},{"@type":"ListItem","position":3,"name":"Enervit PurePro Clear Heraproteiini Grass Fed BLG-100 500 g Trooppinen"}]},{"@type":"WebSite","@id":"https:\/\/enervit.ee\/fi\/#website","url":"https:\/\/enervit.ee\/fi\/","name":"Enervit","description":"","publisher":{"@id":"https:\/\/enervit.ee\/fi\/#organization"},"potentialAction":[{"@type":"SearchAction","target":{"@type":"EntryPoint","urlTemplate":"https:\/\/enervit.ee\/fi\/?s={search_term_string}"},"query-input":{"@type":"PropertyValueSpecification","valueRequired":true,"valueName":"search_term_string"}}],"inLanguage":"fi"},{"@type":"Organization","@id":"https:\/\/enervit.ee\/fi\/#organization","name":"Enervit","url":"https:\/\/enervit.ee\/fi\/","logo":{"@type":"ImageObject","inLanguage":"fi","@id":"https:\/\/enervit.ee\/fi\/#\/schema\/logo\/image\/","url":"https:\/\/enervit.ee\/wp-content\/uploads\/2024\/09\/Enervit_logo.png","contentUrl":"https:\/\/enervit.ee\/wp-content\/uploads\/2024\/09\/Enervit_logo.png","width":582,"height":582,"caption":"Enervit"},"image":{"@id":"https:\/\/enervit.ee\/fi\/#\/schema\/logo\/image\/"}}]}},"_links":{"self":[{"href":"https:\/\/enervit.ee\/fi\/wp-json\/wp\/v2\/product\/5927","targetHints":{"allow":["GET"]}}],"collection":[{"href":"https:\/\/enervit.ee\/fi\/wp-json\/wp\/v2\/product"}],"about":[{"href":"https:\/\/enervit.ee\/fi\/wp-json\/wp\/v2\/types\/product"}],"wp:featuredmedia":[{"embeddable":true,"href":"https:\/\/enervit.ee\/fi\/wp-json\/wp\/v2\/media\/5454"}],"wp:attachment":[{"href":"https:\/\/enervit.ee\/fi\/wp-json\/wp\/v2\/media?parent=5927"}],"wp:term":[{"taxonomy":"product_brand","embeddable":true,"href":"https:\/\/enervit.ee\/fi\/wp-json\/wp\/v2\/product_brand?post=5927"},{"taxonomy":"product_cat","embeddable":true,"href":"https:\/\/enervit.ee\/fi\/wp-json\/wp\/v2\/product_cat?post=5927"},{"taxonomy":"product_tag","embeddable":true,"href":"https:\/\/enervit.ee\/fi\/wp-json\/wp\/v2\/product_tag?post=5927"}],"curies":[{"name":"wp","href":"https:\/\/api.w.org\/{rel}","templated":true}]}}