{"id":5929,"date":"2025-07-01T10:37:25","date_gmt":"2025-07-01T07:37:25","guid":{"rendered":"https:\/\/enervit.ee\/product\/enervit-purepro-post-workout-65g\/"},"modified":"2026-03-14T20:52:23","modified_gmt":"2026-03-14T18:52:23","slug":"enervit-purepro-post-workout-65g","status":"publish","type":"product","link":"https:\/\/enervit.ee\/fi\/product\/enervit-purepro-post-workout-65g\/","title":{"rendered":"Enervit PurePro Post Workout 65g"},"content":{"rendered":"","protected":false},"excerpt":{"rendered":"<p><strong>V\u00c4LITT\u00d6M\u00c4STI SEKOITTUVA JUOMA, JOKA SIS\u00c4LT\u00c4\u00c4 MALTODEKSTRIINI\u00c4, LEHM\u00c4NMAIDOSTA PER\u00c4ISIN OLEVAA \u03b2-LAKTOGLOBU- LIINIA JA B6-VITAMIINIA<\/strong><\/p>\n<ul>\n<li>40 g Maltodekstriini\u00e4<\/li>\n<li>20 g BLG-100-proteiinia<\/li>\n<li>3,1 g L-leusiinia<\/li>\n<li>Ei rasvaa<\/li>\n<li>Appelsiinin maku<\/li>\n<\/ul>\n<p>&nbsp;<\/p>\n","protected":false},"featured_media":5195,"template":"","meta":{"_acf_changed":false},"product_brand":[],"product_cat":[91],"product_tag":[],"class_list":{"0":"post-5929","1":"product","2":"type-product","3":"status-publish","4":"has-post-thumbnail","6":"product_cat-urheiluravitsemus","8":"first","9":"instock","10":"shipping-taxable","11":"purchasable","12":"product-type-simple"},"acf":[],"yoast_head":"<!-- This site is optimized with the Yoast SEO plugin v27.1.1 - https:\/\/yoast.com\/product\/yoast-seo-wordpress\/ -->\n<title>Enervit PurePro Post Workout 65g - Enervit<\/title>\n<meta name=\"robots\" content=\"index, follow, max-snippet:-1, max-image-preview:large, max-video-preview:-1\" \/>\n<link rel=\"canonical\" href=\"https:\/\/enervit.ee\/fi\/product\/enervit-purepro-post-workout-65g\/\" \/>\n<meta property=\"og:locale\" content=\"fi_FI\" \/>\n<meta property=\"og:type\" content=\"article\" \/>\n<meta property=\"og:title\" content=\"Enervit PurePro Post Workout 65g - Enervit\" \/>\n<meta property=\"og:description\" content=\"V\u00c4LITT\u00d6M\u00c4STI SEKOITTUVA JUOMA, JOKA SIS\u00c4LT\u00c4\u00c4 MALTODEKSTRIINI\u00c4, LEHM\u00c4NMAIDOSTA PER\u00c4ISIN OLEVAA \u03b2-LAKTOGLOBU- LIINIA JA B6-VITAMIINIA  40 g Maltodekstriini\u00e4  20 g BLG-100-proteiinia  3,1 g L-leusiinia  Ei rasvaa  Appelsiinin maku &nbsp;\" \/>\n<meta property=\"og:url\" content=\"https:\/\/enervit.ee\/fi\/product\/enervit-purepro-post-workout-65g\/\" \/>\n<meta property=\"og:site_name\" content=\"Enervit\" \/>\n<meta property=\"article:modified_time\" content=\"2026-03-14T18:52:23+00:00\" \/>\n<meta property=\"og:image\" content=\"https:\/\/enervit.ee\/wp-content\/uploads\/2025\/07\/pure_pro_post_workout_render.png\" \/>\n\t<meta property=\"og:image:width\" content=\"818\" \/>\n\t<meta property=\"og:image:height\" content=\"818\" \/>\n\t<meta property=\"og:image:type\" content=\"image\/png\" \/>\n<meta name=\"twitter:card\" content=\"summary_large_image\" \/>\n<script type=\"application\/ld+json\" class=\"yoast-schema-graph\">{\"@context\":\"https:\/\/schema.org\",\"@graph\":[{\"@type\":\"WebPage\",\"@id\":\"https:\/\/enervit.ee\/fi\/product\/enervit-purepro-post-workout-65g\/\",\"url\":\"https:\/\/enervit.ee\/fi\/product\/enervit-purepro-post-workout-65g\/\",\"name\":\"Enervit PurePro Post Workout 65g - Enervit\",\"isPartOf\":{\"@id\":\"https:\/\/enervit.ee\/fi\/#website\"},\"primaryImageOfPage\":{\"@id\":\"https:\/\/enervit.ee\/fi\/product\/enervit-purepro-post-workout-65g\/#primaryimage\"},\"image\":{\"@id\":\"https:\/\/enervit.ee\/fi\/product\/enervit-purepro-post-workout-65g\/#primaryimage\"},\"thumbnailUrl\":\"https:\/\/enervit.ee\/wp-content\/uploads\/2025\/07\/pure_pro_post_workout_render.png\",\"datePublished\":\"2025-07-01T07:37:25+00:00\",\"dateModified\":\"2026-03-14T18:52:23+00:00\",\"breadcrumb\":{\"@id\":\"https:\/\/enervit.ee\/fi\/product\/enervit-purepro-post-workout-65g\/#breadcrumb\"},\"inLanguage\":\"fi\",\"potentialAction\":[{\"@type\":\"ReadAction\",\"target\":[\"https:\/\/enervit.ee\/fi\/product\/enervit-purepro-post-workout-65g\/\"]}]},{\"@type\":\"ImageObject\",\"inLanguage\":\"fi\",\"@id\":\"https:\/\/enervit.ee\/fi\/product\/enervit-purepro-post-workout-65g\/#primaryimage\",\"url\":\"https:\/\/enervit.ee\/wp-content\/uploads\/2025\/07\/pure_pro_post_workout_render.png\",\"contentUrl\":\"https:\/\/enervit.ee\/wp-content\/uploads\/2025\/07\/pure_pro_post_workout_render.png\",\"width\":818,\"height\":818},{\"@type\":\"BreadcrumbList\",\"@id\":\"https:\/\/enervit.ee\/fi\/product\/enervit-purepro-post-workout-65g\/#breadcrumb\",\"itemListElement\":[{\"@type\":\"ListItem\",\"position\":1,\"name\":\"Home\",\"item\":\"https:\/\/enervit.ee\/fi\/kotisivu\/\"},{\"@type\":\"ListItem\",\"position\":2,\"name\":\"Verkkokauppa\",\"item\":\"https:\/\/enervit.ee\/fi\/shop\/\"},{\"@type\":\"ListItem\",\"position\":3,\"name\":\"Enervit PurePro Post Workout 65g\"}]},{\"@type\":\"WebSite\",\"@id\":\"https:\/\/enervit.ee\/fi\/#website\",\"url\":\"https:\/\/enervit.ee\/fi\/\",\"name\":\"Enervit\",\"description\":\"\",\"publisher\":{\"@id\":\"https:\/\/enervit.ee\/fi\/#organization\"},\"potentialAction\":[{\"@type\":\"SearchAction\",\"target\":{\"@type\":\"EntryPoint\",\"urlTemplate\":\"https:\/\/enervit.ee\/fi\/?s={search_term_string}\"},\"query-input\":{\"@type\":\"PropertyValueSpecification\",\"valueRequired\":true,\"valueName\":\"search_term_string\"}}],\"inLanguage\":\"fi\"},{\"@type\":\"Organization\",\"@id\":\"https:\/\/enervit.ee\/fi\/#organization\",\"name\":\"Enervit\",\"url\":\"https:\/\/enervit.ee\/fi\/\",\"logo\":{\"@type\":\"ImageObject\",\"inLanguage\":\"fi\",\"@id\":\"https:\/\/enervit.ee\/fi\/#\/schema\/logo\/image\/\",\"url\":\"https:\/\/enervit.ee\/wp-content\/uploads\/2024\/09\/Enervit_logo.png\",\"contentUrl\":\"https:\/\/enervit.ee\/wp-content\/uploads\/2024\/09\/Enervit_logo.png\",\"width\":582,\"height\":582,\"caption\":\"Enervit\"},\"image\":{\"@id\":\"https:\/\/enervit.ee\/fi\/#\/schema\/logo\/image\/\"}}]}<\/script>\n<!-- \/ Yoast SEO plugin. -->","yoast_head_json":{"title":"Enervit PurePro Post Workout 65g - Enervit","robots":{"index":"index","follow":"follow","max-snippet":"max-snippet:-1","max-image-preview":"max-image-preview:large","max-video-preview":"max-video-preview:-1"},"canonical":"https:\/\/enervit.ee\/fi\/product\/enervit-purepro-post-workout-65g\/","og_locale":"fi_FI","og_type":"article","og_title":"Enervit PurePro Post Workout 65g - Enervit","og_description":"V\u00c4LITT\u00d6M\u00c4STI SEKOITTUVA JUOMA, JOKA SIS\u00c4LT\u00c4\u00c4 MALTODEKSTRIINI\u00c4, LEHM\u00c4NMAIDOSTA PER\u00c4ISIN OLEVAA \u03b2-LAKTOGLOBU- LIINIA JA B6-VITAMIINIA  40 g Maltodekstriini\u00e4  20 g BLG-100-proteiinia  3,1 g L-leusiinia  Ei rasvaa  Appelsiinin maku &nbsp;","og_url":"https:\/\/enervit.ee\/fi\/product\/enervit-purepro-post-workout-65g\/","og_site_name":"Enervit","article_modified_time":"2026-03-14T18:52:23+00:00","og_image":[{"width":818,"height":818,"url":"https:\/\/enervit.ee\/wp-content\/uploads\/2025\/07\/pure_pro_post_workout_render.png","type":"image\/png"}],"twitter_card":"summary_large_image","schema":{"@context":"https:\/\/schema.org","@graph":[{"@type":"WebPage","@id":"https:\/\/enervit.ee\/fi\/product\/enervit-purepro-post-workout-65g\/","url":"https:\/\/enervit.ee\/fi\/product\/enervit-purepro-post-workout-65g\/","name":"Enervit PurePro Post Workout 65g - Enervit","isPartOf":{"@id":"https:\/\/enervit.ee\/fi\/#website"},"primaryImageOfPage":{"@id":"https:\/\/enervit.ee\/fi\/product\/enervit-purepro-post-workout-65g\/#primaryimage"},"image":{"@id":"https:\/\/enervit.ee\/fi\/product\/enervit-purepro-post-workout-65g\/#primaryimage"},"thumbnailUrl":"https:\/\/enervit.ee\/wp-content\/uploads\/2025\/07\/pure_pro_post_workout_render.png","datePublished":"2025-07-01T07:37:25+00:00","dateModified":"2026-03-14T18:52:23+00:00","breadcrumb":{"@id":"https:\/\/enervit.ee\/fi\/product\/enervit-purepro-post-workout-65g\/#breadcrumb"},"inLanguage":"fi","potentialAction":[{"@type":"ReadAction","target":["https:\/\/enervit.ee\/fi\/product\/enervit-purepro-post-workout-65g\/"]}]},{"@type":"ImageObject","inLanguage":"fi","@id":"https:\/\/enervit.ee\/fi\/product\/enervit-purepro-post-workout-65g\/#primaryimage","url":"https:\/\/enervit.ee\/wp-content\/uploads\/2025\/07\/pure_pro_post_workout_render.png","contentUrl":"https:\/\/enervit.ee\/wp-content\/uploads\/2025\/07\/pure_pro_post_workout_render.png","width":818,"height":818},{"@type":"BreadcrumbList","@id":"https:\/\/enervit.ee\/fi\/product\/enervit-purepro-post-workout-65g\/#breadcrumb","itemListElement":[{"@type":"ListItem","position":1,"name":"Home","item":"https:\/\/enervit.ee\/fi\/kotisivu\/"},{"@type":"ListItem","position":2,"name":"Verkkokauppa","item":"https:\/\/enervit.ee\/fi\/shop\/"},{"@type":"ListItem","position":3,"name":"Enervit PurePro Post Workout 65g"}]},{"@type":"WebSite","@id":"https:\/\/enervit.ee\/fi\/#website","url":"https:\/\/enervit.ee\/fi\/","name":"Enervit","description":"","publisher":{"@id":"https:\/\/enervit.ee\/fi\/#organization"},"potentialAction":[{"@type":"SearchAction","target":{"@type":"EntryPoint","urlTemplate":"https:\/\/enervit.ee\/fi\/?s={search_term_string}"},"query-input":{"@type":"PropertyValueSpecification","valueRequired":true,"valueName":"search_term_string"}}],"inLanguage":"fi"},{"@type":"Organization","@id":"https:\/\/enervit.ee\/fi\/#organization","name":"Enervit","url":"https:\/\/enervit.ee\/fi\/","logo":{"@type":"ImageObject","inLanguage":"fi","@id":"https:\/\/enervit.ee\/fi\/#\/schema\/logo\/image\/","url":"https:\/\/enervit.ee\/wp-content\/uploads\/2024\/09\/Enervit_logo.png","contentUrl":"https:\/\/enervit.ee\/wp-content\/uploads\/2024\/09\/Enervit_logo.png","width":582,"height":582,"caption":"Enervit"},"image":{"@id":"https:\/\/enervit.ee\/fi\/#\/schema\/logo\/image\/"}}]}},"_links":{"self":[{"href":"https:\/\/enervit.ee\/fi\/wp-json\/wp\/v2\/product\/5929","targetHints":{"allow":["GET"]}}],"collection":[{"href":"https:\/\/enervit.ee\/fi\/wp-json\/wp\/v2\/product"}],"about":[{"href":"https:\/\/enervit.ee\/fi\/wp-json\/wp\/v2\/types\/product"}],"wp:featuredmedia":[{"embeddable":true,"href":"https:\/\/enervit.ee\/fi\/wp-json\/wp\/v2\/media\/5195"}],"wp:attachment":[{"href":"https:\/\/enervit.ee\/fi\/wp-json\/wp\/v2\/media?parent=5929"}],"wp:term":[{"taxonomy":"product_brand","embeddable":true,"href":"https:\/\/enervit.ee\/fi\/wp-json\/wp\/v2\/product_brand?post=5929"},{"taxonomy":"product_cat","embeddable":true,"href":"https:\/\/enervit.ee\/fi\/wp-json\/wp\/v2\/product_cat?post=5929"},{"taxonomy":"product_tag","embeddable":true,"href":"https:\/\/enervit.ee\/fi\/wp-json\/wp\/v2\/product_tag?post=5929"}],"curies":[{"name":"wp","href":"https:\/\/api.w.org\/{rel}","templated":true}]}}